{"id":1418,"date":"2020-06-10T19:12:13","date_gmt":"2020-06-11T00:12:13","guid":{"rendered":"http:\/\/desayunosorpresa.com.co\/?page_id=1418"},"modified":"2020-06-10T19:31:15","modified_gmt":"2020-06-11T00:31:15","slug":"fiestas-y-pinatas","status":"publish","type":"page","link":"https:\/\/desayunosorpresa.com.co\/index.php\/fiestas-y-pinatas\/","title":{"rendered":"FIESTASYPI\u00d1ATAS.COM"},"content":{"rendered":"\n<p><strong>Ingresa aqu\u00ed <\/strong><a href=\"https:\/\/www.xn--fiestasypiatas-znb.com\/\"><strong>www.fiestasypi\u00f1atas.com<\/strong><\/a><\/p>\n\n\n\n<figure class=\"wp-block-image is-resized\"><img loading=\"lazy\" src=\"https:\/\/desayunosorpresa.com.co\/wp-content\/uploads\/2020\/06\/kit-tematicos-para-fiestas-infantiles-ni\u00f1os.jpg\" alt=\"\" class=\"wp-image-1424\" width=\"764\" height=\"540\" srcset=\"https:\/\/desayunosorpresa.com.co\/wp-content\/uploads\/2020\/06\/kit-tematicos-para-fiestas-infantiles-ni\u00f1os.jpg 610w, https:\/\/desayunosorpresa.com.co\/wp-content\/uploads\/2020\/06\/kit-tematicos-para-fiestas-infantiles-ni\u00f1os-517x365.jpg 517w, https:\/\/desayunosorpresa.com.co\/wp-content\/uploads\/2020\/06\/kit-tematicos-para-fiestas-infantiles-ni\u00f1os-600x424.jpg 600w\" sizes=\"(max-width: 764px) 100vw, 764px\" \/><figcaption>Kits tem\u00e1ticos para fiestas infantiles<\/figcaption><\/figure>\n\n\n\n<p>Ingresa aqu\u00ed <a href=\"https:\/\/www.xn--fiestasypiatas-znb.com\/\">www.fiestasypi\u00f1atas.com<\/a><\/p>\n\n\n\n<p>Venta de accesorios decorativos para fiestas y pi\u00f1atas en Bogot\u00e1 y toda colombia. Celebra tu fiesta en casa. Globos y tem\u00e1ticas cumplea\u00f1os infantiles. Ver precios<\/p>\n\n\n\n<ul><li><a href=\"https:\/\/xn--fiestasypiatas-znb.com\/product-category\/kit-combo-fiestas-infantiles-bogota-economicas-pinatas-y-decoracion-para-ninos-ninas-venta-precios-economicos\/?customize_changeset_uuid=1f1abdeb-e972-4411-9545-4e54f347d1f8&amp;customize_messenger_channel=preview-0\">FIESTAS INFANTILES Y KITS<\/a><\/li><li><a href=\"https:\/\/xn--fiestasypiatas-znb.com\/product-category\/sorpresas\/?customize_changeset_uuid=1f1abdeb-e972-4411-9545-4e54f347d1f8&amp;customize_messenger_channel=preview-0\">SORPRESAS Y RELLENOS<\/a><\/li><li><a href=\"https:\/\/xn--fiestasypiatas-znb.com\/product-category\/venta-de-globos-para-fiestas-y-pinatas-cumpleanos-infantiles-adultos-tematicos-precios-economicos\/?customize_changeset_uuid=1f1abdeb-e972-4411-9545-4e54f347d1f8&amp;customize_messenger_channel=preview-0\">GLOBOS PARA FIESTAS<\/a><\/li><li><a href=\"https:\/\/xn--fiestasypiatas-znb.com\/product-category\/peluches\/?customize_changeset_uuid=1f1abdeb-e972-4411-9545-4e54f347d1f8&amp;customize_messenger_channel=preview-0\">PELUCHES<\/a><\/li><li><a href=\"https:\/\/xn--fiestasypiatas-znb.com\/product-category\/venta-de-accesorios-para-fiestas-tematicas-decoracion-precios-economicos\/?customize_changeset_uuid=1f1abdeb-e972-4411-9545-4e54f347d1f8&amp;customize_messenger_channel=preview-0\">FIESTAS TEM\u00c1TICAS ADULTOS<\/a><\/li><li><a href=\"https:\/\/xn--fiestasypiatas-znb.com\/product-category\/decoracion-y-articulos-para-fiestas-y-pinatas-accesorios-tematicos-venta-precios-economicos\/?customize_changeset_uuid=1f1abdeb-e972-4411-9545-4e54f347d1f8&amp;customize_messenger_channel=preview-0\">DECORACI\u00d3N PARA FIESTAS<\/a><\/li><li><a href=\"https:\/\/xn--fiestasypiatas-znb.com\/product-category\/venta-de-desechables-para-fiestas-y-pinatas-en-bogota-precios-economicos\/?customize_changeset_uuid=1f1abdeb-e972-4411-9545-4e54f347d1f8&amp;customize_messenger_channel=preview-0\">DESECHABLES PARA FIESTAS<\/a><\/li><li><a href=\"https:\/\/xn--fiestasypiatas-znb.com\/product-category\/accesorios-para-fiestas-decoracion-para-fechas-especiales-venta-precios-economicos\/?customize_changeset_uuid=1f1abdeb-e972-4411-9545-4e54f347d1f8&amp;customize_messenger_channel=preview-0\">FIESTAS FECHAS ESPECIALES<\/a><\/li><li><a href=\"https:\/\/xn--fiestasypiatas-znb.com\/product-category\/decoracion-de-fiestas-y-pinatas-por-colores\/?customize_changeset_uuid=1f1abdeb-e972-4411-9545-4e54f347d1f8&amp;customize_messenger_channel=preview-0\">FIESTAS POR COLORES<\/a><\/li><li><a href=\"https:\/\/xn--fiestasypiatas-znb.com\/product-category\/venta-de-globos-burbuja-transparente-inflados-con-helio-personalizados-precios-economicos\/?customize_changeset_uuid=1f1abdeb-e972-4411-9545-4e54f347d1f8&amp;customize_messenger_channel=preview-0\">GLOBOS BURBUJA<\/a><\/li><li><a href=\"https:\/\/xn--fiestasypiatas-znb.com\/product-category\/venta-de-accesorios-para-fiesta-hora-loca-pitos-antifaces-collares-manillas-neon-explociones-precios-economicos\/?customize_changeset_uuid=1f1abdeb-e972-4411-9545-4e54f347d1f8&amp;customize_messenger_channel=preview-0\">HORA LOCA<\/a><\/li><\/ul>\n\n\n\n<figure class=\"wp-block-image is-resized\"><img loading=\"lazy\" src=\"https:\/\/desayunosorpresa.com.co\/wp-content\/uploads\/2020\/06\/kit-tematicos-para-fiestas-infantiles-ni\u00f1As.png\" alt=\"\" class=\"wp-image-1425\" width=\"762\" height=\"538\" srcset=\"https:\/\/desayunosorpresa.com.co\/wp-content\/uploads\/2020\/06\/kit-tematicos-para-fiestas-infantiles-ni\u00f1As.png 610w, https:\/\/desayunosorpresa.com.co\/wp-content\/uploads\/2020\/06\/kit-tematicos-para-fiestas-infantiles-ni\u00f1As-517x365.png 517w, https:\/\/desayunosorpresa.com.co\/wp-content\/uploads\/2020\/06\/kit-tematicos-para-fiestas-infantiles-ni\u00f1As-600x424.png 600w\" sizes=\"(max-width: 762px) 100vw, 762px\" \/><figcaption>accesorios para fiestas infantiles Fiestas infantiles <\/figcaption><\/figure>\n\n\n\n<p>Ingresa aqu\u00ed <a href=\"https:\/\/www.xn--fiestasypiatas-znb.com\/\">www.fiestasypi\u00f1atas.com<\/a><\/p>\n","protected":false},"excerpt":{"rendered":"<p>Ingresa aqu\u00ed www.fiestasypi\u00f1atas.com Ingresa aqu\u00ed www.fiestasypi\u00f1atas.com Venta de accesorios decorativos para fiestas y pi\u00f1atas en Bogot\u00e1 y toda colombia. Celebra tu fiesta en casa. Globos y tem\u00e1ticas cumplea\u00f1os infantiles. Ver precios FIESTAS INFANTILES Y KITS SORPRESAS Y RELLENOS GLOBOS PARA FIESTAS PELUCHES FIESTAS TEM\u00c1TICAS ADULTOS DECORACI\u00d3N PARA FIESTAS DESECHABLES PARA FIESTAS FIESTAS FECHAS ESPECIALES FIESTAS POR COLORES GLOBOS BURBUJA HORA LOCA Ingresa aqu\u00ed www.fiestasypi\u00f1atas.com<\/p>\n","protected":false},"author":1,"featured_media":0,"parent":0,"menu_order":0,"comment_status":"closed","ping_status":"closed","template":"","meta":[],"yoast_head":"<!-- This site is optimized with the Yoast SEO plugin v18.3 - https:\/\/yoast.com\/wordpress\/plugins\/seo\/ -->\n<title>FIESTASYPI\u00d1ATAS.COM - Desayunos sorpresa en Bogot\u00e1 servicio a Domicilio<\/title>\n<meta name=\"description\" content=\"Venta de accesorios decorativos para fiestas y pi\u00f1atas en Bogot\u00e1 y toda colombia. Celebra tu fiesta en casa. Globos y tematicas cumplea\u00f1os infantiles. Ver precios\" \/>\n<meta name=\"robots\" content=\"index, follow, max-snippet:-1, max-image-preview:large, max-video-preview:-1\" \/>\n<link rel=\"canonical\" href=\"https:\/\/desayunosorpresa.com.co\/index.php\/fiestas-y-pinatas\/\" \/>\n<meta property=\"og:locale\" content=\"es_ES\" \/>\n<meta property=\"og:type\" content=\"article\" \/>\n<meta property=\"og:title\" content=\"FIESTASYPI\u00d1ATAS.COM - Desayunos sorpresa en Bogot\u00e1 servicio a Domicilio\" \/>\n<meta property=\"og:description\" content=\"Venta de accesorios decorativos para fiestas y pi\u00f1atas en Bogot\u00e1 y toda colombia. Celebra tu fiesta en casa. Globos y tematicas cumplea\u00f1os infantiles. Ver precios\" \/>\n<meta property=\"og:url\" content=\"https:\/\/desayunosorpresa.com.co\/index.php\/fiestas-y-pinatas\/\" \/>\n<meta property=\"og:site_name\" content=\"Desayunos sorpresa en Bogot\u00e1 servicio a Domicilio\" \/>\n<meta property=\"article:publisher\" content=\"https:\/\/www.facebook.com\/desayunosorpresa.com.co\/\" \/>\n<meta property=\"article:modified_time\" content=\"2020-06-11T00:31:15+00:00\" \/>\n<meta property=\"og:image\" content=\"http:\/\/desayunosorpresa.com.co\/wp-content\/uploads\/2020\/06\/kit-tematicos-para-fiestas-infantiles-ni\u00f1os.jpg\" \/>\n<meta name=\"twitter:card\" content=\"summary_large_image\" \/>\n<script type=\"application\/ld+json\" class=\"yoast-schema-graph\">{\"@context\":\"https:\/\/schema.org\",\"@graph\":[{\"@type\":\"Organization\",\"@id\":\"https:\/\/desayunosorpresa.com.co\/#organization\",\"name\":\"desayunosorpresa.com.co\",\"url\":\"https:\/\/desayunosorpresa.com.co\/\",\"sameAs\":[\"https:\/\/www.facebook.com\/desayunosorpresa.com.co\/\",\"https:\/\/www.instagram.com\/explore\/?hl=es\"],\"logo\":{\"@type\":\"ImageObject\",\"@id\":\"https:\/\/desayunosorpresa.com.co\/#logo\",\"inLanguage\":\"es\",\"url\":\"http:\/\/desayunosorpresa.com.co\/wp-content\/uploads\/2019\/06\/desayuno-dia-del-padre-para-papa-13.jpg\",\"contentUrl\":\"http:\/\/desayunosorpresa.com.co\/wp-content\/uploads\/2019\/06\/desayuno-dia-del-padre-para-papa-13.jpg\",\"width\":1200,\"height\":900,\"caption\":\"desayunosorpresa.com.co\"},\"image\":{\"@id\":\"https:\/\/desayunosorpresa.com.co\/#logo\"}},{\"@type\":\"WebSite\",\"@id\":\"https:\/\/desayunosorpresa.com.co\/#website\",\"url\":\"https:\/\/desayunosorpresa.com.co\/\",\"name\":\"Desayunos sorpresa en Bogot\u00e1 servicio a Domicilio\",\"description\":\"Regalale a esa persona especial un desayuno sorpresa con mucho amor \u2705\",\"publisher\":{\"@id\":\"https:\/\/desayunosorpresa.com.co\/#organization\"},\"potentialAction\":[{\"@type\":\"SearchAction\",\"target\":{\"@type\":\"EntryPoint\",\"urlTemplate\":\"https:\/\/desayunosorpresa.com.co\/?s={search_term_string}\"},\"query-input\":\"required name=search_term_string\"}],\"inLanguage\":\"es\"},{\"@type\":\"ImageObject\",\"@id\":\"https:\/\/desayunosorpresa.com.co\/index.php\/fiestas-y-pinatas\/#primaryimage\",\"inLanguage\":\"es\",\"url\":\"http:\/\/desayunosorpresa.com.co\/wp-content\/uploads\/2020\/06\/kit-tematicos-para-fiestas-infantiles-ni\u00f1os.jpg\",\"contentUrl\":\"http:\/\/desayunosorpresa.com.co\/wp-content\/uploads\/2020\/06\/kit-tematicos-para-fiestas-infantiles-ni\u00f1os.jpg\"},{\"@type\":\"WebPage\",\"@id\":\"https:\/\/desayunosorpresa.com.co\/index.php\/fiestas-y-pinatas\/#webpage\",\"url\":\"https:\/\/desayunosorpresa.com.co\/index.php\/fiestas-y-pinatas\/\",\"name\":\"FIESTASYPI\u00d1ATAS.COM - Desayunos sorpresa en Bogot\u00e1 servicio a Domicilio\",\"isPartOf\":{\"@id\":\"https:\/\/desayunosorpresa.com.co\/#website\"},\"primaryImageOfPage\":{\"@id\":\"https:\/\/desayunosorpresa.com.co\/index.php\/fiestas-y-pinatas\/#primaryimage\"},\"datePublished\":\"2020-06-11T00:12:13+00:00\",\"dateModified\":\"2020-06-11T00:31:15+00:00\",\"description\":\"Venta de accesorios decorativos para fiestas y pi\u00f1atas en Bogot\u00e1 y toda colombia. Celebra tu fiesta en casa. Globos y tematicas cumplea\u00f1os infantiles. Ver precios\",\"breadcrumb\":{\"@id\":\"https:\/\/desayunosorpresa.com.co\/index.php\/fiestas-y-pinatas\/#breadcrumb\"},\"inLanguage\":\"es\",\"potentialAction\":[{\"@type\":\"ReadAction\",\"target\":[\"https:\/\/desayunosorpresa.com.co\/index.php\/fiestas-y-pinatas\/\"]}]},{\"@type\":\"BreadcrumbList\",\"@id\":\"https:\/\/desayunosorpresa.com.co\/index.php\/fiestas-y-pinatas\/#breadcrumb\",\"itemListElement\":[{\"@type\":\"ListItem\",\"position\":1,\"name\":\"Portada\",\"item\":\"https:\/\/desayunosorpresa.com.co\/\"},{\"@type\":\"ListItem\",\"position\":2,\"name\":\"FIESTASYPI\u00d1ATAS.COM\"}]}]}<\/script>\n<!-- \/ Yoast SEO plugin. -->","yoast_head_json":{"title":"FIESTASYPI\u00d1ATAS.COM - Desayunos sorpresa en Bogot\u00e1 servicio a Domicilio","description":"Venta de accesorios decorativos para fiestas y pi\u00f1atas en Bogot\u00e1 y toda colombia. Celebra tu fiesta en casa. Globos y tematicas cumplea\u00f1os infantiles. Ver precios","robots":{"index":"index","follow":"follow","max-snippet":"max-snippet:-1","max-image-preview":"max-image-preview:large","max-video-preview":"max-video-preview:-1"},"canonical":"https:\/\/desayunosorpresa.com.co\/index.php\/fiestas-y-pinatas\/","og_locale":"es_ES","og_type":"article","og_title":"FIESTASYPI\u00d1ATAS.COM - Desayunos sorpresa en Bogot\u00e1 servicio a Domicilio","og_description":"Venta de accesorios decorativos para fiestas y pi\u00f1atas en Bogot\u00e1 y toda colombia. Celebra tu fiesta en casa. Globos y tematicas cumplea\u00f1os infantiles. Ver precios","og_url":"https:\/\/desayunosorpresa.com.co\/index.php\/fiestas-y-pinatas\/","og_site_name":"Desayunos sorpresa en Bogot\u00e1 servicio a Domicilio","article_publisher":"https:\/\/www.facebook.com\/desayunosorpresa.com.co\/","article_modified_time":"2020-06-11T00:31:15+00:00","og_image":[{"url":"http:\/\/desayunosorpresa.com.co\/wp-content\/uploads\/2020\/06\/kit-tematicos-para-fiestas-infantiles-ni\u00f1os.jpg"}],"twitter_card":"summary_large_image","schema":{"@context":"https:\/\/schema.org","@graph":[{"@type":"Organization","@id":"https:\/\/desayunosorpresa.com.co\/#organization","name":"desayunosorpresa.com.co","url":"https:\/\/desayunosorpresa.com.co\/","sameAs":["https:\/\/www.facebook.com\/desayunosorpresa.com.co\/","https:\/\/www.instagram.com\/explore\/?hl=es"],"logo":{"@type":"ImageObject","@id":"https:\/\/desayunosorpresa.com.co\/#logo","inLanguage":"es","url":"http:\/\/desayunosorpresa.com.co\/wp-content\/uploads\/2019\/06\/desayuno-dia-del-padre-para-papa-13.jpg","contentUrl":"http:\/\/desayunosorpresa.com.co\/wp-content\/uploads\/2019\/06\/desayuno-dia-del-padre-para-papa-13.jpg","width":1200,"height":900,"caption":"desayunosorpresa.com.co"},"image":{"@id":"https:\/\/desayunosorpresa.com.co\/#logo"}},{"@type":"WebSite","@id":"https:\/\/desayunosorpresa.com.co\/#website","url":"https:\/\/desayunosorpresa.com.co\/","name":"Desayunos sorpresa en Bogot\u00e1 servicio a Domicilio","description":"Regalale a esa persona especial un desayuno sorpresa con mucho amor \u2705","publisher":{"@id":"https:\/\/desayunosorpresa.com.co\/#organization"},"potentialAction":[{"@type":"SearchAction","target":{"@type":"EntryPoint","urlTemplate":"https:\/\/desayunosorpresa.com.co\/?s={search_term_string}"},"query-input":"required name=search_term_string"}],"inLanguage":"es"},{"@type":"ImageObject","@id":"https:\/\/desayunosorpresa.com.co\/index.php\/fiestas-y-pinatas\/#primaryimage","inLanguage":"es","url":"http:\/\/desayunosorpresa.com.co\/wp-content\/uploads\/2020\/06\/kit-tematicos-para-fiestas-infantiles-ni\u00f1os.jpg","contentUrl":"http:\/\/desayunosorpresa.com.co\/wp-content\/uploads\/2020\/06\/kit-tematicos-para-fiestas-infantiles-ni\u00f1os.jpg"},{"@type":"WebPage","@id":"https:\/\/desayunosorpresa.com.co\/index.php\/fiestas-y-pinatas\/#webpage","url":"https:\/\/desayunosorpresa.com.co\/index.php\/fiestas-y-pinatas\/","name":"FIESTASYPI\u00d1ATAS.COM - Desayunos sorpresa en Bogot\u00e1 servicio a Domicilio","isPartOf":{"@id":"https:\/\/desayunosorpresa.com.co\/#website"},"primaryImageOfPage":{"@id":"https:\/\/desayunosorpresa.com.co\/index.php\/fiestas-y-pinatas\/#primaryimage"},"datePublished":"2020-06-11T00:12:13+00:00","dateModified":"2020-06-11T00:31:15+00:00","description":"Venta de accesorios decorativos para fiestas y pi\u00f1atas en Bogot\u00e1 y toda colombia. Celebra tu fiesta en casa. Globos y tematicas cumplea\u00f1os infantiles. Ver precios","breadcrumb":{"@id":"https:\/\/desayunosorpresa.com.co\/index.php\/fiestas-y-pinatas\/#breadcrumb"},"inLanguage":"es","potentialAction":[{"@type":"ReadAction","target":["https:\/\/desayunosorpresa.com.co\/index.php\/fiestas-y-pinatas\/"]}]},{"@type":"BreadcrumbList","@id":"https:\/\/desayunosorpresa.com.co\/index.php\/fiestas-y-pinatas\/#breadcrumb","itemListElement":[{"@type":"ListItem","position":1,"name":"Portada","item":"https:\/\/desayunosorpresa.com.co\/"},{"@type":"ListItem","position":2,"name":"FIESTASYPI\u00d1ATAS.COM"}]}]}},"_links":{"self":[{"href":"https:\/\/desayunosorpresa.com.co\/index.php\/wp-json\/wp\/v2\/pages\/1418"}],"collection":[{"href":"https:\/\/desayunosorpresa.com.co\/index.php\/wp-json\/wp\/v2\/pages"}],"about":[{"href":"https:\/\/desayunosorpresa.com.co\/index.php\/wp-json\/wp\/v2\/types\/page"}],"author":[{"embeddable":true,"href":"https:\/\/desayunosorpresa.com.co\/index.php\/wp-json\/wp\/v2\/users\/1"}],"replies":[{"embeddable":true,"href":"https:\/\/desayunosorpresa.com.co\/index.php\/wp-json\/wp\/v2\/comments?post=1418"}],"version-history":[{"count":5,"href":"https:\/\/desayunosorpresa.com.co\/index.php\/wp-json\/wp\/v2\/pages\/1418\/revisions"}],"predecessor-version":[{"id":1428,"href":"https:\/\/desayunosorpresa.com.co\/index.php\/wp-json\/wp\/v2\/pages\/1418\/revisions\/1428"}],"wp:attachment":[{"href":"https:\/\/desayunosorpresa.com.co\/index.php\/wp-json\/wp\/v2\/media?parent=1418"}],"curies":[{"name":"wp","href":"https:\/\/api.w.org\/{rel}","templated":true}]}}