{"id":963,"date":"2019-05-29T15:29:02","date_gmt":"2019-05-29T20:29:02","guid":{"rendered":"http:\/\/desayunosorpresa.com.co\/?page_id=963"},"modified":"2019-05-29T15:29:03","modified_gmt":"2019-05-29T20:29:03","slug":"terminos-y-condiciones","status":"publish","type":"page","link":"https:\/\/desayunosorpresa.com.co\/index.php\/terminos-y-condiciones\/","title":{"rendered":"TERMINOS Y CONDICIONES"},"content":{"rendered":"\n<p>1.la direcci\u00f3n de entrega debe\nser exacta y el cliente debe proporcionar indicaciones exactas y claras para\nas\u00ed garantizar la entrega, en caso de que el cliente no proporcione la\ndirecci\u00f3n exacta y las indicaciones DESAYUNOSORPRESA.COM.CO no se hace\nresponsable por la no entrega a tiempo.<\/p>\n\n\n\n<p>2.cuando el pago se hace a\ntrav\u00e9s de una consignaci\u00f3n desde una ciudad distinta a Bogot\u00e1 el cliente\nasumir\u00e1 el costo.<\/p>\n\n\n\n<p>3. el domicilio no est\u00e1\nincluido en el precio de venta, y el valor de este depende del lugar de la\nentrega.<\/p>\n\n\n\n<p>4. el cambio de los productos\nse pueden hacer siempre y cuando sea por un valor igual al del producto\nsolicitado.<\/p>\n\n\n\n<p>5. algunos productos que se\nmuestran en la p\u00e1gina, tales como: peluches, licores, tortas, dulces, etc.\nest\u00e1n sujetos a disponibilidad, en caso tal de que no haya existencia de dichos\nproductos, los mismos ser\u00e1n remplazados por productos de su misma calidad y\nvalor.<\/p>\n\n\n\n<p>6. el cliente debe enviar los\ndatos para la entrega del pedido antes de las 8:00 pm del d\u00eda anterior a la\nfecha de entrega en d\u00edas h\u00e1biles, de lo contrario DESAYUNOSORPRESA.COM.CO no\ngarantiza la entrega en hora y lugar que el cliente lo desee.<\/p>\n\n\n\n<p>7. una vez efectuado el pago\nel cliente debe enviar una copia escaneada o fotograf\u00eda de la consignaci\u00f3n,\ntransferencia o medio de pago al correo desayunosorpresa.com.co@hotmail.com\no v\u00eda WhatsApp al n\u00famero 3214411612&nbsp;\nY confirmar que su pago fue recibido por DESAYUNOSORPRESA.COM.CO.<\/p>\n\n\n\n<p>8 se entender\u00e1 como aceptados\nestos t\u00e9rminos y condiciones una vez sea pagado el servicio.<\/p>\n\n\n\n<p>9 en fechas especiales se\nhar\u00e1n dise\u00f1os de acuerdo a esta, de ser un d\u00eda especial por favor notificarnos.<\/p>\n\n\n\n<p>10. una vez efectuados los\npagos no se devolver\u00e1n dineros, por lo tanto, las personas deben estar seguras\nde su pedido <\/p>\n","protected":false},"excerpt":{"rendered":"<p>1.la direcci\u00f3n de entrega debe ser exacta y el cliente debe proporcionar indicaciones exactas y claras para as\u00ed garantizar la entrega, en caso de que el cliente no proporcione la direcci\u00f3n exacta y las indicaciones DESAYUNOSORPRESA.COM.CO no se hace responsable por la no entrega a tiempo. 2.cuando el pago se hace a trav\u00e9s de una consignaci\u00f3n desde una ciudad distinta a Bogot\u00e1 el cliente asumir\u00e1 el costo. 3. el domicilio no est\u00e1 incluido en el precio de venta, y el valor de este depende del lugar de la entrega. 4.&hellip;<\/p>\n","protected":false},"author":1,"featured_media":0,"parent":0,"menu_order":0,"comment_status":"closed","ping_status":"closed","template":"","meta":[],"yoast_head":"<!-- This site is optimized with the Yoast SEO plugin v18.3 - https:\/\/yoast.com\/wordpress\/plugins\/seo\/ -->\n<title>TERMINOS Y CONDICIONES - Desayunos sorpresa en Bogot\u00e1 servicio a Domicilio<\/title>\n<meta name=\"robots\" content=\"index, follow, max-snippet:-1, max-image-preview:large, max-video-preview:-1\" \/>\n<link rel=\"canonical\" href=\"https:\/\/desayunosorpresa.com.co\/index.php\/terminos-y-condiciones\/\" \/>\n<meta property=\"og:locale\" content=\"es_ES\" \/>\n<meta property=\"og:type\" content=\"article\" \/>\n<meta property=\"og:title\" content=\"TERMINOS Y CONDICIONES - Desayunos sorpresa en Bogot\u00e1 servicio a Domicilio\" \/>\n<meta property=\"og:description\" content=\"1.la direcci\u00f3n de entrega debe ser exacta y el cliente debe proporcionar indicaciones exactas y claras para as\u00ed garantizar la entrega, en caso de que el cliente no proporcione la direcci\u00f3n exacta y las indicaciones DESAYUNOSORPRESA.COM.CO no se hace responsable por la no entrega a tiempo. 2.cuando el pago se hace a trav\u00e9s de una consignaci\u00f3n desde una ciudad distinta a Bogot\u00e1 el cliente asumir\u00e1 el costo. 3. el domicilio no est\u00e1 incluido en el precio de venta, y el valor de este depende del lugar de la entrega. 4.&hellip;\" \/>\n<meta property=\"og:url\" content=\"https:\/\/desayunosorpresa.com.co\/index.php\/terminos-y-condiciones\/\" \/>\n<meta property=\"og:site_name\" content=\"Desayunos sorpresa en Bogot\u00e1 servicio a Domicilio\" \/>\n<meta property=\"article:publisher\" content=\"https:\/\/www.facebook.com\/desayunosorpresa.com.co\/\" \/>\n<meta property=\"article:modified_time\" content=\"2019-05-29T20:29:03+00:00\" \/>\n<meta name=\"twitter:card\" content=\"summary_large_image\" \/>\n<meta name=\"twitter:label1\" content=\"Tiempo de lectura\" \/>\n\t<meta name=\"twitter:data1\" content=\"2 minutos\" \/>\n<script type=\"application\/ld+json\" class=\"yoast-schema-graph\">{\"@context\":\"https:\/\/schema.org\",\"@graph\":[{\"@type\":\"Organization\",\"@id\":\"https:\/\/desayunosorpresa.com.co\/#organization\",\"name\":\"desayunosorpresa.com.co\",\"url\":\"https:\/\/desayunosorpresa.com.co\/\",\"sameAs\":[\"https:\/\/www.facebook.com\/desayunosorpresa.com.co\/\",\"https:\/\/www.instagram.com\/explore\/?hl=es\"],\"logo\":{\"@type\":\"ImageObject\",\"@id\":\"https:\/\/desayunosorpresa.com.co\/#logo\",\"inLanguage\":\"es\",\"url\":\"http:\/\/desayunosorpresa.com.co\/wp-content\/uploads\/2019\/06\/desayuno-dia-del-padre-para-papa-13.jpg\",\"contentUrl\":\"http:\/\/desayunosorpresa.com.co\/wp-content\/uploads\/2019\/06\/desayuno-dia-del-padre-para-papa-13.jpg\",\"width\":1200,\"height\":900,\"caption\":\"desayunosorpresa.com.co\"},\"image\":{\"@id\":\"https:\/\/desayunosorpresa.com.co\/#logo\"}},{\"@type\":\"WebSite\",\"@id\":\"https:\/\/desayunosorpresa.com.co\/#website\",\"url\":\"https:\/\/desayunosorpresa.com.co\/\",\"name\":\"Desayunos sorpresa en Bogot\u00e1 servicio a Domicilio\",\"description\":\"Regalale a esa persona especial un desayuno sorpresa con mucho amor \u2705\",\"publisher\":{\"@id\":\"https:\/\/desayunosorpresa.com.co\/#organization\"},\"potentialAction\":[{\"@type\":\"SearchAction\",\"target\":{\"@type\":\"EntryPoint\",\"urlTemplate\":\"https:\/\/desayunosorpresa.com.co\/?s={search_term_string}\"},\"query-input\":\"required name=search_term_string\"}],\"inLanguage\":\"es\"},{\"@type\":\"WebPage\",\"@id\":\"https:\/\/desayunosorpresa.com.co\/index.php\/terminos-y-condiciones\/#webpage\",\"url\":\"https:\/\/desayunosorpresa.com.co\/index.php\/terminos-y-condiciones\/\",\"name\":\"TERMINOS Y CONDICIONES - Desayunos sorpresa en Bogot\u00e1 servicio a Domicilio\",\"isPartOf\":{\"@id\":\"https:\/\/desayunosorpresa.com.co\/#website\"},\"datePublished\":\"2019-05-29T20:29:02+00:00\",\"dateModified\":\"2019-05-29T20:29:03+00:00\",\"breadcrumb\":{\"@id\":\"https:\/\/desayunosorpresa.com.co\/index.php\/terminos-y-condiciones\/#breadcrumb\"},\"inLanguage\":\"es\",\"potentialAction\":[{\"@type\":\"ReadAction\",\"target\":[\"https:\/\/desayunosorpresa.com.co\/index.php\/terminos-y-condiciones\/\"]}]},{\"@type\":\"BreadcrumbList\",\"@id\":\"https:\/\/desayunosorpresa.com.co\/index.php\/terminos-y-condiciones\/#breadcrumb\",\"itemListElement\":[{\"@type\":\"ListItem\",\"position\":1,\"name\":\"Portada\",\"item\":\"https:\/\/desayunosorpresa.com.co\/\"},{\"@type\":\"ListItem\",\"position\":2,\"name\":\"TERMINOS Y CONDICIONES\"}]}]}<\/script>\n<!-- \/ Yoast SEO plugin. -->","yoast_head_json":{"title":"TERMINOS Y CONDICIONES - Desayunos sorpresa en Bogot\u00e1 servicio a Domicilio","robots":{"index":"index","follow":"follow","max-snippet":"max-snippet:-1","max-image-preview":"max-image-preview:large","max-video-preview":"max-video-preview:-1"},"canonical":"https:\/\/desayunosorpresa.com.co\/index.php\/terminos-y-condiciones\/","og_locale":"es_ES","og_type":"article","og_title":"TERMINOS Y CONDICIONES - Desayunos sorpresa en Bogot\u00e1 servicio a Domicilio","og_description":"1.la direcci\u00f3n de entrega debe ser exacta y el cliente debe proporcionar indicaciones exactas y claras para as\u00ed garantizar la entrega, en caso de que el cliente no proporcione la direcci\u00f3n exacta y las indicaciones DESAYUNOSORPRESA.COM.CO no se hace responsable por la no entrega a tiempo. 2.cuando el pago se hace a trav\u00e9s de una consignaci\u00f3n desde una ciudad distinta a Bogot\u00e1 el cliente asumir\u00e1 el costo. 3. el domicilio no est\u00e1 incluido en el precio de venta, y el valor de este depende del lugar de la entrega. 4.&hellip;","og_url":"https:\/\/desayunosorpresa.com.co\/index.php\/terminos-y-condiciones\/","og_site_name":"Desayunos sorpresa en Bogot\u00e1 servicio a Domicilio","article_publisher":"https:\/\/www.facebook.com\/desayunosorpresa.com.co\/","article_modified_time":"2019-05-29T20:29:03+00:00","twitter_card":"summary_large_image","twitter_misc":{"Tiempo de lectura":"2 minutos"},"schema":{"@context":"https:\/\/schema.org","@graph":[{"@type":"Organization","@id":"https:\/\/desayunosorpresa.com.co\/#organization","name":"desayunosorpresa.com.co","url":"https:\/\/desayunosorpresa.com.co\/","sameAs":["https:\/\/www.facebook.com\/desayunosorpresa.com.co\/","https:\/\/www.instagram.com\/explore\/?hl=es"],"logo":{"@type":"ImageObject","@id":"https:\/\/desayunosorpresa.com.co\/#logo","inLanguage":"es","url":"http:\/\/desayunosorpresa.com.co\/wp-content\/uploads\/2019\/06\/desayuno-dia-del-padre-para-papa-13.jpg","contentUrl":"http:\/\/desayunosorpresa.com.co\/wp-content\/uploads\/2019\/06\/desayuno-dia-del-padre-para-papa-13.jpg","width":1200,"height":900,"caption":"desayunosorpresa.com.co"},"image":{"@id":"https:\/\/desayunosorpresa.com.co\/#logo"}},{"@type":"WebSite","@id":"https:\/\/desayunosorpresa.com.co\/#website","url":"https:\/\/desayunosorpresa.com.co\/","name":"Desayunos sorpresa en Bogot\u00e1 servicio a Domicilio","description":"Regalale a esa persona especial un desayuno sorpresa con mucho amor \u2705","publisher":{"@id":"https:\/\/desayunosorpresa.com.co\/#organization"},"potentialAction":[{"@type":"SearchAction","target":{"@type":"EntryPoint","urlTemplate":"https:\/\/desayunosorpresa.com.co\/?s={search_term_string}"},"query-input":"required name=search_term_string"}],"inLanguage":"es"},{"@type":"WebPage","@id":"https:\/\/desayunosorpresa.com.co\/index.php\/terminos-y-condiciones\/#webpage","url":"https:\/\/desayunosorpresa.com.co\/index.php\/terminos-y-condiciones\/","name":"TERMINOS Y CONDICIONES - Desayunos sorpresa en Bogot\u00e1 servicio a Domicilio","isPartOf":{"@id":"https:\/\/desayunosorpresa.com.co\/#website"},"datePublished":"2019-05-29T20:29:02+00:00","dateModified":"2019-05-29T20:29:03+00:00","breadcrumb":{"@id":"https:\/\/desayunosorpresa.com.co\/index.php\/terminos-y-condiciones\/#breadcrumb"},"inLanguage":"es","potentialAction":[{"@type":"ReadAction","target":["https:\/\/desayunosorpresa.com.co\/index.php\/terminos-y-condiciones\/"]}]},{"@type":"BreadcrumbList","@id":"https:\/\/desayunosorpresa.com.co\/index.php\/terminos-y-condiciones\/#breadcrumb","itemListElement":[{"@type":"ListItem","position":1,"name":"Portada","item":"https:\/\/desayunosorpresa.com.co\/"},{"@type":"ListItem","position":2,"name":"TERMINOS Y CONDICIONES"}]}]}},"_links":{"self":[{"href":"https:\/\/desayunosorpresa.com.co\/index.php\/wp-json\/wp\/v2\/pages\/963"}],"collection":[{"href":"https:\/\/desayunosorpresa.com.co\/index.php\/wp-json\/wp\/v2\/pages"}],"about":[{"href":"https:\/\/desayunosorpresa.com.co\/index.php\/wp-json\/wp\/v2\/types\/page"}],"author":[{"embeddable":true,"href":"https:\/\/desayunosorpresa.com.co\/index.php\/wp-json\/wp\/v2\/users\/1"}],"replies":[{"embeddable":true,"href":"https:\/\/desayunosorpresa.com.co\/index.php\/wp-json\/wp\/v2\/comments?post=963"}],"version-history":[{"count":1,"href":"https:\/\/desayunosorpresa.com.co\/index.php\/wp-json\/wp\/v2\/pages\/963\/revisions"}],"predecessor-version":[{"id":964,"href":"https:\/\/desayunosorpresa.com.co\/index.php\/wp-json\/wp\/v2\/pages\/963\/revisions\/964"}],"wp:attachment":[{"href":"https:\/\/desayunosorpresa.com.co\/index.php\/wp-json\/wp\/v2\/media?parent=963"}],"curies":[{"name":"wp","href":"https:\/\/api.w.org\/{rel}","templated":true}]}}