{"id":967,"date":"2019-05-29T15:31:33","date_gmt":"2019-05-29T20:31:33","guid":{"rendered":"http:\/\/desayunosorpresa.com.co\/?page_id=967"},"modified":"2019-05-29T15:31:34","modified_gmt":"2019-05-29T20:31:34","slug":"nosotros","status":"publish","type":"page","link":"https:\/\/desayunosorpresa.com.co\/index.php\/nosotros\/","title":{"rendered":"NOSOTROS"},"content":{"rendered":"\n<p>Somos una empresa familiar, legalmente constituida\ndesde el 11 de noviembre de 2010, en la ciudad de Bogot\u00e1, enfocada en comunicar\ntus sentimientos y emociones en \u201cDETALLES SORPRESA\u201d, prepar\u00e1ndolas con todo el\namor como t\u00fa mismo lo har\u00edas, para sorprender a tu ser querido, y entreg\u00e1ndolos\nen un lugar y tiempo en el que as\u00ed lo deseen. Brindando satisfacci\u00f3n en el\nservicio, tanto para el comprador como para quien recibe su regalo.<\/p>\n\n\n\n<p>Preparamos tu momento con ingredientes de la mejor\ncalidad, agregando un rico y nutritivo desayuno. Hacemos de cada ocasi\u00f3n un\nmomento m\u00e1gico y \u00fanico, con el que seguro lograras impactar a esa persona que\nes tan especial para ti y puedas sorprender a tu ser querido en la puerta de su\ncasa, trabajo u oficina brindando un detalle inolvidable.<\/p>\n\n\n\n<p>DESAYUNOSORPRESA.COM.CO te ofrece peluches, chocolates, tarjetas, arreglos florales y frutales,\nen general junto con una gran variedad en detalles originales 100%\npersonalizados como son las anchetas de regalo, desayuno sorpresa, en empaque\nespeciales con una presentaci\u00f3n de excelente calidad.<\/p>\n\n\n\n<p>Calidad<\/p>\n\n\n\n<p>NUESTRAS MARCAS: <\/p>\n\n\n\n<p>Trabajamos con marcas reconocidas como: alpina,\ntosh, bimbo, Noel, Nescaf\u00e9, Incauca, Zen\u00fa, Colanta, Parmalat, jugos hit,\ncalifornia, nacional de chocolates, la constancia, \u00cdtalo, colombina, ramo,\nPostob\u00f3n entre otros.<\/p>\n\n\n\n<p>Manipulaci\u00f3n\nde alimentos <\/p>\n\n\n\n<p>Todos nuestros productos son debidamente\nmanipulados, cumpliendo las medidas de higiene, almacenamiento y tratamiento\nestablecido por la ley. Te ofrecemos calidad, frescura y delicadeza en nuestros\nproductos que todos los d\u00edas son suministrados por nuestros proveedores de\nmanera segura y 100 % confiables.<\/p>\n","protected":false},"excerpt":{"rendered":"<p>Somos una empresa familiar, legalmente constituida desde el 11 de noviembre de 2010, en la ciudad de Bogot\u00e1, enfocada en comunicar tus sentimientos y emociones en \u201cDETALLES SORPRESA\u201d, prepar\u00e1ndolas con todo el amor como t\u00fa mismo lo har\u00edas, para sorprender a tu ser querido, y entreg\u00e1ndolos en un lugar y tiempo en el que as\u00ed lo deseen. Brindando satisfacci\u00f3n en el servicio, tanto para el comprador como para quien recibe su regalo. Preparamos tu momento con ingredientes de la mejor calidad, agregando un rico y nutritivo desayuno. Hacemos de cada&hellip;<\/p>\n","protected":false},"author":1,"featured_media":0,"parent":0,"menu_order":0,"comment_status":"closed","ping_status":"closed","template":"","meta":[],"yoast_head":"<!-- This site is optimized with the Yoast SEO plugin v18.3 - https:\/\/yoast.com\/wordpress\/plugins\/seo\/ -->\n<title>NOSOTROS - Desayunos sorpresa en Bogot\u00e1 servicio a Domicilio<\/title>\n<meta name=\"robots\" content=\"index, follow, max-snippet:-1, max-image-preview:large, max-video-preview:-1\" \/>\n<link rel=\"canonical\" href=\"https:\/\/desayunosorpresa.com.co\/index.php\/nosotros\/\" \/>\n<meta property=\"og:locale\" content=\"es_ES\" \/>\n<meta property=\"og:type\" content=\"article\" \/>\n<meta property=\"og:title\" content=\"NOSOTROS - Desayunos sorpresa en Bogot\u00e1 servicio a Domicilio\" \/>\n<meta property=\"og:description\" content=\"Somos una empresa familiar, legalmente constituida desde el 11 de noviembre de 2010, en la ciudad de Bogot\u00e1, enfocada en comunicar tus sentimientos y emociones en \u201cDETALLES SORPRESA\u201d, prepar\u00e1ndolas con todo el amor como t\u00fa mismo lo har\u00edas, para sorprender a tu ser querido, y entreg\u00e1ndolos en un lugar y tiempo en el que as\u00ed lo deseen. Brindando satisfacci\u00f3n en el servicio, tanto para el comprador como para quien recibe su regalo. Preparamos tu momento con ingredientes de la mejor calidad, agregando un rico y nutritivo desayuno. Hacemos de cada&hellip;\" \/>\n<meta property=\"og:url\" content=\"https:\/\/desayunosorpresa.com.co\/index.php\/nosotros\/\" \/>\n<meta property=\"og:site_name\" content=\"Desayunos sorpresa en Bogot\u00e1 servicio a Domicilio\" \/>\n<meta property=\"article:publisher\" content=\"https:\/\/www.facebook.com\/desayunosorpresa.com.co\/\" \/>\n<meta property=\"article:modified_time\" content=\"2019-05-29T20:31:34+00:00\" \/>\n<meta name=\"twitter:card\" content=\"summary_large_image\" \/>\n<meta name=\"twitter:label1\" content=\"Tiempo de lectura\" \/>\n\t<meta name=\"twitter:data1\" content=\"1 minuto\" \/>\n<script type=\"application\/ld+json\" class=\"yoast-schema-graph\">{\"@context\":\"https:\/\/schema.org\",\"@graph\":[{\"@type\":\"Organization\",\"@id\":\"https:\/\/desayunosorpresa.com.co\/#organization\",\"name\":\"desayunosorpresa.com.co\",\"url\":\"https:\/\/desayunosorpresa.com.co\/\",\"sameAs\":[\"https:\/\/www.facebook.com\/desayunosorpresa.com.co\/\",\"https:\/\/www.instagram.com\/explore\/?hl=es\"],\"logo\":{\"@type\":\"ImageObject\",\"@id\":\"https:\/\/desayunosorpresa.com.co\/#logo\",\"inLanguage\":\"es\",\"url\":\"http:\/\/desayunosorpresa.com.co\/wp-content\/uploads\/2019\/06\/desayuno-dia-del-padre-para-papa-13.jpg\",\"contentUrl\":\"http:\/\/desayunosorpresa.com.co\/wp-content\/uploads\/2019\/06\/desayuno-dia-del-padre-para-papa-13.jpg\",\"width\":1200,\"height\":900,\"caption\":\"desayunosorpresa.com.co\"},\"image\":{\"@id\":\"https:\/\/desayunosorpresa.com.co\/#logo\"}},{\"@type\":\"WebSite\",\"@id\":\"https:\/\/desayunosorpresa.com.co\/#website\",\"url\":\"https:\/\/desayunosorpresa.com.co\/\",\"name\":\"Desayunos sorpresa en Bogot\u00e1 servicio a Domicilio\",\"description\":\"Regalale a esa persona especial un desayuno sorpresa con mucho amor \u2705\",\"publisher\":{\"@id\":\"https:\/\/desayunosorpresa.com.co\/#organization\"},\"potentialAction\":[{\"@type\":\"SearchAction\",\"target\":{\"@type\":\"EntryPoint\",\"urlTemplate\":\"https:\/\/desayunosorpresa.com.co\/?s={search_term_string}\"},\"query-input\":\"required name=search_term_string\"}],\"inLanguage\":\"es\"},{\"@type\":\"WebPage\",\"@id\":\"https:\/\/desayunosorpresa.com.co\/index.php\/nosotros\/#webpage\",\"url\":\"https:\/\/desayunosorpresa.com.co\/index.php\/nosotros\/\",\"name\":\"NOSOTROS - Desayunos sorpresa en Bogot\u00e1 servicio a Domicilio\",\"isPartOf\":{\"@id\":\"https:\/\/desayunosorpresa.com.co\/#website\"},\"datePublished\":\"2019-05-29T20:31:33+00:00\",\"dateModified\":\"2019-05-29T20:31:34+00:00\",\"breadcrumb\":{\"@id\":\"https:\/\/desayunosorpresa.com.co\/index.php\/nosotros\/#breadcrumb\"},\"inLanguage\":\"es\",\"potentialAction\":[{\"@type\":\"ReadAction\",\"target\":[\"https:\/\/desayunosorpresa.com.co\/index.php\/nosotros\/\"]}]},{\"@type\":\"BreadcrumbList\",\"@id\":\"https:\/\/desayunosorpresa.com.co\/index.php\/nosotros\/#breadcrumb\",\"itemListElement\":[{\"@type\":\"ListItem\",\"position\":1,\"name\":\"Portada\",\"item\":\"https:\/\/desayunosorpresa.com.co\/\"},{\"@type\":\"ListItem\",\"position\":2,\"name\":\"NOSOTROS\"}]}]}<\/script>\n<!-- \/ Yoast SEO plugin. -->","yoast_head_json":{"title":"NOSOTROS - Desayunos sorpresa en Bogot\u00e1 servicio a Domicilio","robots":{"index":"index","follow":"follow","max-snippet":"max-snippet:-1","max-image-preview":"max-image-preview:large","max-video-preview":"max-video-preview:-1"},"canonical":"https:\/\/desayunosorpresa.com.co\/index.php\/nosotros\/","og_locale":"es_ES","og_type":"article","og_title":"NOSOTROS - Desayunos sorpresa en Bogot\u00e1 servicio a Domicilio","og_description":"Somos una empresa familiar, legalmente constituida desde el 11 de noviembre de 2010, en la ciudad de Bogot\u00e1, enfocada en comunicar tus sentimientos y emociones en \u201cDETALLES SORPRESA\u201d, prepar\u00e1ndolas con todo el amor como t\u00fa mismo lo har\u00edas, para sorprender a tu ser querido, y entreg\u00e1ndolos en un lugar y tiempo en el que as\u00ed lo deseen. Brindando satisfacci\u00f3n en el servicio, tanto para el comprador como para quien recibe su regalo. Preparamos tu momento con ingredientes de la mejor calidad, agregando un rico y nutritivo desayuno. Hacemos de cada&hellip;","og_url":"https:\/\/desayunosorpresa.com.co\/index.php\/nosotros\/","og_site_name":"Desayunos sorpresa en Bogot\u00e1 servicio a Domicilio","article_publisher":"https:\/\/www.facebook.com\/desayunosorpresa.com.co\/","article_modified_time":"2019-05-29T20:31:34+00:00","twitter_card":"summary_large_image","twitter_misc":{"Tiempo de lectura":"1 minuto"},"schema":{"@context":"https:\/\/schema.org","@graph":[{"@type":"Organization","@id":"https:\/\/desayunosorpresa.com.co\/#organization","name":"desayunosorpresa.com.co","url":"https:\/\/desayunosorpresa.com.co\/","sameAs":["https:\/\/www.facebook.com\/desayunosorpresa.com.co\/","https:\/\/www.instagram.com\/explore\/?hl=es"],"logo":{"@type":"ImageObject","@id":"https:\/\/desayunosorpresa.com.co\/#logo","inLanguage":"es","url":"http:\/\/desayunosorpresa.com.co\/wp-content\/uploads\/2019\/06\/desayuno-dia-del-padre-para-papa-13.jpg","contentUrl":"http:\/\/desayunosorpresa.com.co\/wp-content\/uploads\/2019\/06\/desayuno-dia-del-padre-para-papa-13.jpg","width":1200,"height":900,"caption":"desayunosorpresa.com.co"},"image":{"@id":"https:\/\/desayunosorpresa.com.co\/#logo"}},{"@type":"WebSite","@id":"https:\/\/desayunosorpresa.com.co\/#website","url":"https:\/\/desayunosorpresa.com.co\/","name":"Desayunos sorpresa en Bogot\u00e1 servicio a Domicilio","description":"Regalale a esa persona especial un desayuno sorpresa con mucho amor \u2705","publisher":{"@id":"https:\/\/desayunosorpresa.com.co\/#organization"},"potentialAction":[{"@type":"SearchAction","target":{"@type":"EntryPoint","urlTemplate":"https:\/\/desayunosorpresa.com.co\/?s={search_term_string}"},"query-input":"required name=search_term_string"}],"inLanguage":"es"},{"@type":"WebPage","@id":"https:\/\/desayunosorpresa.com.co\/index.php\/nosotros\/#webpage","url":"https:\/\/desayunosorpresa.com.co\/index.php\/nosotros\/","name":"NOSOTROS - Desayunos sorpresa en Bogot\u00e1 servicio a Domicilio","isPartOf":{"@id":"https:\/\/desayunosorpresa.com.co\/#website"},"datePublished":"2019-05-29T20:31:33+00:00","dateModified":"2019-05-29T20:31:34+00:00","breadcrumb":{"@id":"https:\/\/desayunosorpresa.com.co\/index.php\/nosotros\/#breadcrumb"},"inLanguage":"es","potentialAction":[{"@type":"ReadAction","target":["https:\/\/desayunosorpresa.com.co\/index.php\/nosotros\/"]}]},{"@type":"BreadcrumbList","@id":"https:\/\/desayunosorpresa.com.co\/index.php\/nosotros\/#breadcrumb","itemListElement":[{"@type":"ListItem","position":1,"name":"Portada","item":"https:\/\/desayunosorpresa.com.co\/"},{"@type":"ListItem","position":2,"name":"NOSOTROS"}]}]}},"_links":{"self":[{"href":"https:\/\/desayunosorpresa.com.co\/index.php\/wp-json\/wp\/v2\/pages\/967"}],"collection":[{"href":"https:\/\/desayunosorpresa.com.co\/index.php\/wp-json\/wp\/v2\/pages"}],"about":[{"href":"https:\/\/desayunosorpresa.com.co\/index.php\/wp-json\/wp\/v2\/types\/page"}],"author":[{"embeddable":true,"href":"https:\/\/desayunosorpresa.com.co\/index.php\/wp-json\/wp\/v2\/users\/1"}],"replies":[{"embeddable":true,"href":"https:\/\/desayunosorpresa.com.co\/index.php\/wp-json\/wp\/v2\/comments?post=967"}],"version-history":[{"count":1,"href":"https:\/\/desayunosorpresa.com.co\/index.php\/wp-json\/wp\/v2\/pages\/967\/revisions"}],"predecessor-version":[{"id":968,"href":"https:\/\/desayunosorpresa.com.co\/index.php\/wp-json\/wp\/v2\/pages\/967\/revisions\/968"}],"wp:attachment":[{"href":"https:\/\/desayunosorpresa.com.co\/index.php\/wp-json\/wp\/v2\/media?parent=967"}],"curies":[{"name":"wp","href":"https:\/\/api.w.org\/{rel}","templated":true}]}}