{"id":969,"date":"2019-05-29T15:34:15","date_gmt":"2019-05-29T20:34:15","guid":{"rendered":"http:\/\/desayunosorpresa.com.co\/?page_id=969"},"modified":"2019-05-29T15:34:16","modified_gmt":"2019-05-29T20:34:16","slug":"politica-de-envio","status":"publish","type":"page","link":"https:\/\/desayunosorpresa.com.co\/index.php\/politica-de-envio\/","title":{"rendered":"Pol\u00edtica de Env\u00edo"},"content":{"rendered":"\n<p><em>DESAYUNOSORPRESA.COM.CO\n<\/em>no se hace responsable por demoras o eventualidades\nde fuerza mayor en la entrega, o debido a la informaci\u00f3n err\u00f3nea suministrada\npor el cliente. <\/p>\n\n\n\n<p>La entrega se manejar\u00e1 con un rango\nde una hora, los horarios son a partir de las 6: 00 am a 6: 00 pm de lunes a\ndomingo. Antes de contratar por favor verificar disponibilidad de hora de\nentrega con uno de nuestros asesores.<\/p>\n\n\n\n<p> Los pedidos son recibidos m\u00ednimo con un d\u00eda de anterioridad. (sujeto a disponibilidad)<\/p>\n\n\n\n<p>Antes de contratar es\nindispensable comunicarse v\u00eda WhatsApp o v\u00eda telef\u00f3nica para ultimar detalles\ndel servicio requerido, hora de entrega y acuerdo de pago. <\/p>\n\n\n\n<p>Servicio de entrega a los\nalrededores de Bogot\u00e1 tiene un costo de envi\u00f3 adicional de $30.000 aprox pesos\nseg\u00fan el sector a entregar.<\/p>\n\n\n\n<p>En caso de no encontrar al\ndestinatario, procederemos a informar al comprador para dar autorizaci\u00f3n de\ndejarlo con otra persona ya sea porter\u00eda amigo o familiar se tomar\u00e1 datos de la\npersona que recibe y se le informara al comprador de la eventualidad.<\/p>\n\n\n\n<p>Cuando la entrega es realizada en alguna entidad financiera gubernamental y \/o empresas privadas y otros con protocolo de seguridad alta, el comprador debe gestionar los tr\u00e1mites necesarios para la entrega del domicilio al destinatario o persona autorizada.<\/p>\n\n\n\n<p>En casos de manifestaciones,\ndisturbios, mal tiempo, eventualidades en el tr\u00e1fico de la ciudad. entre otros\nque ocasione la no entrega del domicilio a tiempo&nbsp;<em>DESAYUNOSORPRESA.COM.CO<\/em>\nse comunicara con el comprador, se coordinara una nueva entrega y asumiremos el\ncosto de envi\u00f3.<\/p>\n\n\n\n<p>En caso de llegar a la direcci\u00f3n registrada para la entrega del servicio Y por alg\u00fan motivo no se puede entregar.\u00a0<em>DESAYUNOSORPRESA.COM.CO <\/em>llamar\u00e1 a la persona quien env\u00eda o quien recibe para confirmar datos o coordinar la entrega, si no hay respuesta por parte del comprador o homenajeado, se devolver\u00e1 el servicio a las instalaciones de\u00a0<em>DESAYUNOSORPRESA.COM.CO<\/em>, si el comprador o homenajeado desea nuevamente la entrega, el costo del domicilio debe ser cancelado nuevamente. si alguna de las dos partes desea el cambio de fecha, el costo del domicilio se debe cancelar nuevamente m\u00e1s los productos perecederos que compongan el producto de la compra.<em> <\/em><\/p>\n\n\n\n<p><em>DESAYUNOSORPRESA.COM.CO <\/em>no enviara productos perecederos de un servicio que desafortunadamente se haya devuelto por motivos de fuerza mayor esto es principalmente velando por la SEGURIDAD<strong> ALIMENTARIA DEL CONSUMIDOR DE NUESTROS PRODUCTOS<\/strong>, preferiblemente si el cliente no desea enviar el servicio nuevamente con los costos adicionales <em>DESAYUNOSORPRESA.COM.CO <\/em>har\u00e1 devoluci\u00f3n del 70% del costo del producto mas no lo del domicilio.<\/p>\n","protected":false},"excerpt":{"rendered":"<p>DESAYUNOSORPRESA.COM.CO no se hace responsable por demoras o eventualidades de fuerza mayor en la entrega, o debido a la informaci\u00f3n err\u00f3nea suministrada por el cliente. La entrega se manejar\u00e1 con un rango de una hora, los horarios son a partir de las 6: 00 am a 6: 00 pm de lunes a domingo. Antes de contratar por favor verificar disponibilidad de hora de entrega con uno de nuestros asesores. Los pedidos son recibidos m\u00ednimo con un d\u00eda de anterioridad. (sujeto a disponibilidad) Antes de contratar es indispensable comunicarse v\u00eda WhatsApp&hellip;<\/p>\n","protected":false},"author":1,"featured_media":0,"parent":0,"menu_order":0,"comment_status":"closed","ping_status":"closed","template":"","meta":[],"yoast_head":"<!-- This site is optimized with the Yoast SEO plugin v18.3 - https:\/\/yoast.com\/wordpress\/plugins\/seo\/ -->\n<title>Pol\u00edtica de Env\u00edo - Desayunos sorpresa en Bogot\u00e1 servicio a Domicilio<\/title>\n<meta name=\"robots\" content=\"index, follow, max-snippet:-1, max-image-preview:large, max-video-preview:-1\" \/>\n<link rel=\"canonical\" href=\"https:\/\/desayunosorpresa.com.co\/index.php\/politica-de-envio\/\" \/>\n<meta property=\"og:locale\" content=\"es_ES\" \/>\n<meta property=\"og:type\" content=\"article\" \/>\n<meta property=\"og:title\" content=\"Pol\u00edtica de Env\u00edo - Desayunos sorpresa en Bogot\u00e1 servicio a Domicilio\" \/>\n<meta property=\"og:description\" content=\"DESAYUNOSORPRESA.COM.CO no se hace responsable por demoras o eventualidades de fuerza mayor en la entrega, o debido a la informaci\u00f3n err\u00f3nea suministrada por el cliente. La entrega se manejar\u00e1 con un rango de una hora, los horarios son a partir de las 6: 00 am a 6: 00 pm de lunes a domingo. Antes de contratar por favor verificar disponibilidad de hora de entrega con uno de nuestros asesores. Los pedidos son recibidos m\u00ednimo con un d\u00eda de anterioridad. (sujeto a disponibilidad) Antes de contratar es indispensable comunicarse v\u00eda WhatsApp&hellip;\" \/>\n<meta property=\"og:url\" content=\"https:\/\/desayunosorpresa.com.co\/index.php\/politica-de-envio\/\" \/>\n<meta property=\"og:site_name\" content=\"Desayunos sorpresa en Bogot\u00e1 servicio a Domicilio\" \/>\n<meta property=\"article:publisher\" content=\"https:\/\/www.facebook.com\/desayunosorpresa.com.co\/\" \/>\n<meta property=\"article:modified_time\" content=\"2019-05-29T20:34:16+00:00\" \/>\n<meta name=\"twitter:card\" content=\"summary_large_image\" \/>\n<meta name=\"twitter:label1\" content=\"Tiempo de lectura\" \/>\n\t<meta name=\"twitter:data1\" content=\"2 minutos\" \/>\n<script type=\"application\/ld+json\" class=\"yoast-schema-graph\">{\"@context\":\"https:\/\/schema.org\",\"@graph\":[{\"@type\":\"Organization\",\"@id\":\"https:\/\/desayunosorpresa.com.co\/#organization\",\"name\":\"desayunosorpresa.com.co\",\"url\":\"https:\/\/desayunosorpresa.com.co\/\",\"sameAs\":[\"https:\/\/www.facebook.com\/desayunosorpresa.com.co\/\",\"https:\/\/www.instagram.com\/explore\/?hl=es\"],\"logo\":{\"@type\":\"ImageObject\",\"@id\":\"https:\/\/desayunosorpresa.com.co\/#logo\",\"inLanguage\":\"es\",\"url\":\"http:\/\/desayunosorpresa.com.co\/wp-content\/uploads\/2019\/06\/desayuno-dia-del-padre-para-papa-13.jpg\",\"contentUrl\":\"http:\/\/desayunosorpresa.com.co\/wp-content\/uploads\/2019\/06\/desayuno-dia-del-padre-para-papa-13.jpg\",\"width\":1200,\"height\":900,\"caption\":\"desayunosorpresa.com.co\"},\"image\":{\"@id\":\"https:\/\/desayunosorpresa.com.co\/#logo\"}},{\"@type\":\"WebSite\",\"@id\":\"https:\/\/desayunosorpresa.com.co\/#website\",\"url\":\"https:\/\/desayunosorpresa.com.co\/\",\"name\":\"Desayunos sorpresa en Bogot\u00e1 servicio a Domicilio\",\"description\":\"Regalale a esa persona especial un desayuno sorpresa con mucho amor \u2705\",\"publisher\":{\"@id\":\"https:\/\/desayunosorpresa.com.co\/#organization\"},\"potentialAction\":[{\"@type\":\"SearchAction\",\"target\":{\"@type\":\"EntryPoint\",\"urlTemplate\":\"https:\/\/desayunosorpresa.com.co\/?s={search_term_string}\"},\"query-input\":\"required name=search_term_string\"}],\"inLanguage\":\"es\"},{\"@type\":\"WebPage\",\"@id\":\"https:\/\/desayunosorpresa.com.co\/index.php\/politica-de-envio\/#webpage\",\"url\":\"https:\/\/desayunosorpresa.com.co\/index.php\/politica-de-envio\/\",\"name\":\"Pol\u00edtica de Env\u00edo - Desayunos sorpresa en Bogot\u00e1 servicio a Domicilio\",\"isPartOf\":{\"@id\":\"https:\/\/desayunosorpresa.com.co\/#website\"},\"datePublished\":\"2019-05-29T20:34:15+00:00\",\"dateModified\":\"2019-05-29T20:34:16+00:00\",\"breadcrumb\":{\"@id\":\"https:\/\/desayunosorpresa.com.co\/index.php\/politica-de-envio\/#breadcrumb\"},\"inLanguage\":\"es\",\"potentialAction\":[{\"@type\":\"ReadAction\",\"target\":[\"https:\/\/desayunosorpresa.com.co\/index.php\/politica-de-envio\/\"]}]},{\"@type\":\"BreadcrumbList\",\"@id\":\"https:\/\/desayunosorpresa.com.co\/index.php\/politica-de-envio\/#breadcrumb\",\"itemListElement\":[{\"@type\":\"ListItem\",\"position\":1,\"name\":\"Portada\",\"item\":\"https:\/\/desayunosorpresa.com.co\/\"},{\"@type\":\"ListItem\",\"position\":2,\"name\":\"Pol\u00edtica de Env\u00edo\"}]}]}<\/script>\n<!-- \/ Yoast SEO plugin. -->","yoast_head_json":{"title":"Pol\u00edtica de Env\u00edo - Desayunos sorpresa en Bogot\u00e1 servicio a Domicilio","robots":{"index":"index","follow":"follow","max-snippet":"max-snippet:-1","max-image-preview":"max-image-preview:large","max-video-preview":"max-video-preview:-1"},"canonical":"https:\/\/desayunosorpresa.com.co\/index.php\/politica-de-envio\/","og_locale":"es_ES","og_type":"article","og_title":"Pol\u00edtica de Env\u00edo - Desayunos sorpresa en Bogot\u00e1 servicio a Domicilio","og_description":"DESAYUNOSORPRESA.COM.CO no se hace responsable por demoras o eventualidades de fuerza mayor en la entrega, o debido a la informaci\u00f3n err\u00f3nea suministrada por el cliente. La entrega se manejar\u00e1 con un rango de una hora, los horarios son a partir de las 6: 00 am a 6: 00 pm de lunes a domingo. Antes de contratar por favor verificar disponibilidad de hora de entrega con uno de nuestros asesores. Los pedidos son recibidos m\u00ednimo con un d\u00eda de anterioridad. (sujeto a disponibilidad) Antes de contratar es indispensable comunicarse v\u00eda WhatsApp&hellip;","og_url":"https:\/\/desayunosorpresa.com.co\/index.php\/politica-de-envio\/","og_site_name":"Desayunos sorpresa en Bogot\u00e1 servicio a Domicilio","article_publisher":"https:\/\/www.facebook.com\/desayunosorpresa.com.co\/","article_modified_time":"2019-05-29T20:34:16+00:00","twitter_card":"summary_large_image","twitter_misc":{"Tiempo de lectura":"2 minutos"},"schema":{"@context":"https:\/\/schema.org","@graph":[{"@type":"Organization","@id":"https:\/\/desayunosorpresa.com.co\/#organization","name":"desayunosorpresa.com.co","url":"https:\/\/desayunosorpresa.com.co\/","sameAs":["https:\/\/www.facebook.com\/desayunosorpresa.com.co\/","https:\/\/www.instagram.com\/explore\/?hl=es"],"logo":{"@type":"ImageObject","@id":"https:\/\/desayunosorpresa.com.co\/#logo","inLanguage":"es","url":"http:\/\/desayunosorpresa.com.co\/wp-content\/uploads\/2019\/06\/desayuno-dia-del-padre-para-papa-13.jpg","contentUrl":"http:\/\/desayunosorpresa.com.co\/wp-content\/uploads\/2019\/06\/desayuno-dia-del-padre-para-papa-13.jpg","width":1200,"height":900,"caption":"desayunosorpresa.com.co"},"image":{"@id":"https:\/\/desayunosorpresa.com.co\/#logo"}},{"@type":"WebSite","@id":"https:\/\/desayunosorpresa.com.co\/#website","url":"https:\/\/desayunosorpresa.com.co\/","name":"Desayunos sorpresa en Bogot\u00e1 servicio a Domicilio","description":"Regalale a esa persona especial un desayuno sorpresa con mucho amor \u2705","publisher":{"@id":"https:\/\/desayunosorpresa.com.co\/#organization"},"potentialAction":[{"@type":"SearchAction","target":{"@type":"EntryPoint","urlTemplate":"https:\/\/desayunosorpresa.com.co\/?s={search_term_string}"},"query-input":"required name=search_term_string"}],"inLanguage":"es"},{"@type":"WebPage","@id":"https:\/\/desayunosorpresa.com.co\/index.php\/politica-de-envio\/#webpage","url":"https:\/\/desayunosorpresa.com.co\/index.php\/politica-de-envio\/","name":"Pol\u00edtica de Env\u00edo - Desayunos sorpresa en Bogot\u00e1 servicio a Domicilio","isPartOf":{"@id":"https:\/\/desayunosorpresa.com.co\/#website"},"datePublished":"2019-05-29T20:34:15+00:00","dateModified":"2019-05-29T20:34:16+00:00","breadcrumb":{"@id":"https:\/\/desayunosorpresa.com.co\/index.php\/politica-de-envio\/#breadcrumb"},"inLanguage":"es","potentialAction":[{"@type":"ReadAction","target":["https:\/\/desayunosorpresa.com.co\/index.php\/politica-de-envio\/"]}]},{"@type":"BreadcrumbList","@id":"https:\/\/desayunosorpresa.com.co\/index.php\/politica-de-envio\/#breadcrumb","itemListElement":[{"@type":"ListItem","position":1,"name":"Portada","item":"https:\/\/desayunosorpresa.com.co\/"},{"@type":"ListItem","position":2,"name":"Pol\u00edtica de Env\u00edo"}]}]}},"_links":{"self":[{"href":"https:\/\/desayunosorpresa.com.co\/index.php\/wp-json\/wp\/v2\/pages\/969"}],"collection":[{"href":"https:\/\/desayunosorpresa.com.co\/index.php\/wp-json\/wp\/v2\/pages"}],"about":[{"href":"https:\/\/desayunosorpresa.com.co\/index.php\/wp-json\/wp\/v2\/types\/page"}],"author":[{"embeddable":true,"href":"https:\/\/desayunosorpresa.com.co\/index.php\/wp-json\/wp\/v2\/users\/1"}],"replies":[{"embeddable":true,"href":"https:\/\/desayunosorpresa.com.co\/index.php\/wp-json\/wp\/v2\/comments?post=969"}],"version-history":[{"count":1,"href":"https:\/\/desayunosorpresa.com.co\/index.php\/wp-json\/wp\/v2\/pages\/969\/revisions"}],"predecessor-version":[{"id":970,"href":"https:\/\/desayunosorpresa.com.co\/index.php\/wp-json\/wp\/v2\/pages\/969\/revisions\/970"}],"wp:attachment":[{"href":"https:\/\/desayunosorpresa.com.co\/index.php\/wp-json\/wp\/v2\/media?parent=969"}],"curies":[{"name":"wp","href":"https:\/\/api.w.org\/{rel}","templated":true}]}}