{"id":971,"date":"2019-05-29T15:53:29","date_gmt":"2019-05-29T20:53:29","guid":{"rendered":"http:\/\/desayunosorpresa.com.co\/?page_id=971"},"modified":"2019-05-29T16:33:05","modified_gmt":"2019-05-29T21:33:05","slug":"medios-de-pago","status":"publish","type":"page","link":"https:\/\/desayunosorpresa.com.co\/index.php\/medios-de-pago\/","title":{"rendered":"MEDIOS DE PAGO"},"content":{"rendered":"\n<h2>FORMAS DE PAGO:<\/h2>\n\n\n\n<h3>Puedes escoger la forma de pago que m\u00e1s te guste<\/h3>\n\n\n\n<div class=\"wp-block-media-text alignwide has-media-on-the-right\"><figure class=\"wp-block-media-text__media\"><img src=\"https:\/\/ccplazacentral.com\/wp-content\/uploads\/2018\/08\/LOGOS2.005.jpeg\" alt=\"\"\/><\/figure><div class=\"wp-block-media-text__content\">\n<h3><em>Geovany C\u00e9spedes Qui\u00f1ones<\/em><\/h3>\n\n\n\n<h3> <em>N\u00famero de cuenta ahorros: 003970747824 <\/em> <em> <\/em><\/h3>\n<\/div><\/div>\n\n\n\n<div class=\"wp-block-media-text alignwide\"><figure class=\"wp-block-media-text__media\"><img src=\"https:\/\/upload.wikimedia.org\/wikipedia\/commons\/thumb\/5\/59\/Banco_de_Bogot%C3%A1_logo.svg\/1280px-Banco_de_Bogot%C3%A1_logo.svg.png\" alt=\"\"\/><\/figure><div class=\"wp-block-media-text__content\">\n<h3><em>M\u00f3nica\nYamile Cuervo Garc\u00eda <\/em><em><\/em><\/h3>\n\n\n\n<h3><em>N\u00famero\nde cuenta corriente 073323941 <\/em><em><\/em><\/h3>\n<\/div><\/div>\n\n\n\n<h2><em><strong>OTROS MEDIOS DE PAGO:<\/strong><\/em><em><strong><\/strong><\/em><\/h2>\n\n\n\n<div class=\"wp-block-image\"><figure class=\"aligncenter\"><img loading=\"lazy\" width=\"590\" height=\"283\" src=\"https:\/\/desayunosorpresa.com.co\/wp-content\/uploads\/2019\/05\/PAGO.jpg\" alt=\"\" class=\"wp-image-973\"\/><\/figure><\/div>\n\n\n\n<p><em>Si desea pagar con otro medio de pago, primero comun\u00edquesecon <strong>DESAYUNOSORPRESA.COM.CO <\/strong>n\u00famero telef\u00f3nico<strong>:<\/strong> <\/em><strong>3214411612  Correo electr\u00f3nico: <\/strong><a href=\"https:\/\/desayunosorpresa.com.co\/\">contacto@desayunosorpresa.com.co<\/a> <\/p>\n","protected":false},"excerpt":{"rendered":"<p>FORMAS DE PAGO: Puedes escoger la forma de pago que m\u00e1s te guste Geovany C\u00e9spedes Qui\u00f1ones N\u00famero de cuenta ahorros: 003970747824 M\u00f3nica Yamile Cuervo Garc\u00eda N\u00famero de cuenta corriente 073323941 OTROS MEDIOS DE PAGO: Si desea pagar con otro medio de pago, primero comun\u00edquesecon DESAYUNOSORPRESA.COM.CO n\u00famero telef\u00f3nico: 3214411612 Correo electr\u00f3nico: contacto@desayunosorpresa.com.co<\/p>\n","protected":false},"author":1,"featured_media":0,"parent":0,"menu_order":0,"comment_status":"closed","ping_status":"closed","template":"","meta":[],"yoast_head":"<!-- This site is optimized with the Yoast SEO plugin v18.3 - https:\/\/yoast.com\/wordpress\/plugins\/seo\/ -->\n<title>MEDIOS DE PAGO - Desayunos sorpresa en Bogot\u00e1 servicio a Domicilio<\/title>\n<meta name=\"robots\" content=\"index, follow, max-snippet:-1, max-image-preview:large, max-video-preview:-1\" \/>\n<link rel=\"canonical\" href=\"https:\/\/desayunosorpresa.com.co\/index.php\/medios-de-pago\/\" \/>\n<meta property=\"og:locale\" content=\"es_ES\" \/>\n<meta property=\"og:type\" content=\"article\" \/>\n<meta property=\"og:title\" content=\"MEDIOS DE PAGO - Desayunos sorpresa en Bogot\u00e1 servicio a Domicilio\" \/>\n<meta property=\"og:description\" content=\"FORMAS DE PAGO: Puedes escoger la forma de pago que m\u00e1s te guste Geovany C\u00e9spedes Qui\u00f1ones N\u00famero de cuenta ahorros: 003970747824 M\u00f3nica Yamile Cuervo Garc\u00eda N\u00famero de cuenta corriente 073323941 OTROS MEDIOS DE PAGO: Si desea pagar con otro medio de pago, primero comun\u00edquesecon DESAYUNOSORPRESA.COM.CO n\u00famero telef\u00f3nico: 3214411612 Correo electr\u00f3nico: contacto@desayunosorpresa.com.co\" \/>\n<meta property=\"og:url\" content=\"https:\/\/desayunosorpresa.com.co\/index.php\/medios-de-pago\/\" \/>\n<meta property=\"og:site_name\" content=\"Desayunos sorpresa en Bogot\u00e1 servicio a Domicilio\" \/>\n<meta property=\"article:publisher\" content=\"https:\/\/www.facebook.com\/desayunosorpresa.com.co\/\" \/>\n<meta property=\"article:modified_time\" content=\"2019-05-29T21:33:05+00:00\" \/>\n<meta property=\"og:image\" content=\"https:\/\/ccplazacentral.com\/wp-content\/uploads\/2018\/08\/LOGOS2.005.jpeg\" \/>\n<meta name=\"twitter:card\" content=\"summary_large_image\" \/>\n<script type=\"application\/ld+json\" class=\"yoast-schema-graph\">{\"@context\":\"https:\/\/schema.org\",\"@graph\":[{\"@type\":\"Organization\",\"@id\":\"https:\/\/desayunosorpresa.com.co\/#organization\",\"name\":\"desayunosorpresa.com.co\",\"url\":\"https:\/\/desayunosorpresa.com.co\/\",\"sameAs\":[\"https:\/\/www.facebook.com\/desayunosorpresa.com.co\/\",\"https:\/\/www.instagram.com\/explore\/?hl=es\"],\"logo\":{\"@type\":\"ImageObject\",\"@id\":\"https:\/\/desayunosorpresa.com.co\/#logo\",\"inLanguage\":\"es\",\"url\":\"http:\/\/desayunosorpresa.com.co\/wp-content\/uploads\/2019\/06\/desayuno-dia-del-padre-para-papa-13.jpg\",\"contentUrl\":\"http:\/\/desayunosorpresa.com.co\/wp-content\/uploads\/2019\/06\/desayuno-dia-del-padre-para-papa-13.jpg\",\"width\":1200,\"height\":900,\"caption\":\"desayunosorpresa.com.co\"},\"image\":{\"@id\":\"https:\/\/desayunosorpresa.com.co\/#logo\"}},{\"@type\":\"WebSite\",\"@id\":\"https:\/\/desayunosorpresa.com.co\/#website\",\"url\":\"https:\/\/desayunosorpresa.com.co\/\",\"name\":\"Desayunos sorpresa en Bogot\u00e1 servicio a Domicilio\",\"description\":\"Regalale a esa persona especial un desayuno sorpresa con mucho amor \u2705\",\"publisher\":{\"@id\":\"https:\/\/desayunosorpresa.com.co\/#organization\"},\"potentialAction\":[{\"@type\":\"SearchAction\",\"target\":{\"@type\":\"EntryPoint\",\"urlTemplate\":\"https:\/\/desayunosorpresa.com.co\/?s={search_term_string}\"},\"query-input\":\"required name=search_term_string\"}],\"inLanguage\":\"es\"},{\"@type\":\"ImageObject\",\"@id\":\"https:\/\/desayunosorpresa.com.co\/index.php\/medios-de-pago\/#primaryimage\",\"inLanguage\":\"es\",\"url\":\"https:\/\/ccplazacentral.com\/wp-content\/uploads\/2018\/08\/LOGOS2.005.jpeg\",\"contentUrl\":\"https:\/\/ccplazacentral.com\/wp-content\/uploads\/2018\/08\/LOGOS2.005.jpeg\"},{\"@type\":\"WebPage\",\"@id\":\"https:\/\/desayunosorpresa.com.co\/index.php\/medios-de-pago\/#webpage\",\"url\":\"https:\/\/desayunosorpresa.com.co\/index.php\/medios-de-pago\/\",\"name\":\"MEDIOS DE PAGO - Desayunos sorpresa en Bogot\u00e1 servicio a Domicilio\",\"isPartOf\":{\"@id\":\"https:\/\/desayunosorpresa.com.co\/#website\"},\"primaryImageOfPage\":{\"@id\":\"https:\/\/desayunosorpresa.com.co\/index.php\/medios-de-pago\/#primaryimage\"},\"datePublished\":\"2019-05-29T20:53:29+00:00\",\"dateModified\":\"2019-05-29T21:33:05+00:00\",\"breadcrumb\":{\"@id\":\"https:\/\/desayunosorpresa.com.co\/index.php\/medios-de-pago\/#breadcrumb\"},\"inLanguage\":\"es\",\"potentialAction\":[{\"@type\":\"ReadAction\",\"target\":[\"https:\/\/desayunosorpresa.com.co\/index.php\/medios-de-pago\/\"]}]},{\"@type\":\"BreadcrumbList\",\"@id\":\"https:\/\/desayunosorpresa.com.co\/index.php\/medios-de-pago\/#breadcrumb\",\"itemListElement\":[{\"@type\":\"ListItem\",\"position\":1,\"name\":\"Portada\",\"item\":\"https:\/\/desayunosorpresa.com.co\/\"},{\"@type\":\"ListItem\",\"position\":2,\"name\":\"MEDIOS DE PAGO\"}]}]}<\/script>\n<!-- \/ Yoast SEO plugin. -->","yoast_head_json":{"title":"MEDIOS DE PAGO - Desayunos sorpresa en Bogot\u00e1 servicio a Domicilio","robots":{"index":"index","follow":"follow","max-snippet":"max-snippet:-1","max-image-preview":"max-image-preview:large","max-video-preview":"max-video-preview:-1"},"canonical":"https:\/\/desayunosorpresa.com.co\/index.php\/medios-de-pago\/","og_locale":"es_ES","og_type":"article","og_title":"MEDIOS DE PAGO - Desayunos sorpresa en Bogot\u00e1 servicio a Domicilio","og_description":"FORMAS DE PAGO: Puedes escoger la forma de pago que m\u00e1s te guste Geovany C\u00e9spedes Qui\u00f1ones N\u00famero de cuenta ahorros: 003970747824 M\u00f3nica Yamile Cuervo Garc\u00eda N\u00famero de cuenta corriente 073323941 OTROS MEDIOS DE PAGO: Si desea pagar con otro medio de pago, primero comun\u00edquesecon DESAYUNOSORPRESA.COM.CO n\u00famero telef\u00f3nico: 3214411612 Correo electr\u00f3nico: contacto@desayunosorpresa.com.co","og_url":"https:\/\/desayunosorpresa.com.co\/index.php\/medios-de-pago\/","og_site_name":"Desayunos sorpresa en Bogot\u00e1 servicio a Domicilio","article_publisher":"https:\/\/www.facebook.com\/desayunosorpresa.com.co\/","article_modified_time":"2019-05-29T21:33:05+00:00","og_image":[{"url":"https:\/\/ccplazacentral.com\/wp-content\/uploads\/2018\/08\/LOGOS2.005.jpeg"}],"twitter_card":"summary_large_image","schema":{"@context":"https:\/\/schema.org","@graph":[{"@type":"Organization","@id":"https:\/\/desayunosorpresa.com.co\/#organization","name":"desayunosorpresa.com.co","url":"https:\/\/desayunosorpresa.com.co\/","sameAs":["https:\/\/www.facebook.com\/desayunosorpresa.com.co\/","https:\/\/www.instagram.com\/explore\/?hl=es"],"logo":{"@type":"ImageObject","@id":"https:\/\/desayunosorpresa.com.co\/#logo","inLanguage":"es","url":"http:\/\/desayunosorpresa.com.co\/wp-content\/uploads\/2019\/06\/desayuno-dia-del-padre-para-papa-13.jpg","contentUrl":"http:\/\/desayunosorpresa.com.co\/wp-content\/uploads\/2019\/06\/desayuno-dia-del-padre-para-papa-13.jpg","width":1200,"height":900,"caption":"desayunosorpresa.com.co"},"image":{"@id":"https:\/\/desayunosorpresa.com.co\/#logo"}},{"@type":"WebSite","@id":"https:\/\/desayunosorpresa.com.co\/#website","url":"https:\/\/desayunosorpresa.com.co\/","name":"Desayunos sorpresa en Bogot\u00e1 servicio a Domicilio","description":"Regalale a esa persona especial un desayuno sorpresa con mucho amor \u2705","publisher":{"@id":"https:\/\/desayunosorpresa.com.co\/#organization"},"potentialAction":[{"@type":"SearchAction","target":{"@type":"EntryPoint","urlTemplate":"https:\/\/desayunosorpresa.com.co\/?s={search_term_string}"},"query-input":"required name=search_term_string"}],"inLanguage":"es"},{"@type":"ImageObject","@id":"https:\/\/desayunosorpresa.com.co\/index.php\/medios-de-pago\/#primaryimage","inLanguage":"es","url":"https:\/\/ccplazacentral.com\/wp-content\/uploads\/2018\/08\/LOGOS2.005.jpeg","contentUrl":"https:\/\/ccplazacentral.com\/wp-content\/uploads\/2018\/08\/LOGOS2.005.jpeg"},{"@type":"WebPage","@id":"https:\/\/desayunosorpresa.com.co\/index.php\/medios-de-pago\/#webpage","url":"https:\/\/desayunosorpresa.com.co\/index.php\/medios-de-pago\/","name":"MEDIOS DE PAGO - Desayunos sorpresa en Bogot\u00e1 servicio a Domicilio","isPartOf":{"@id":"https:\/\/desayunosorpresa.com.co\/#website"},"primaryImageOfPage":{"@id":"https:\/\/desayunosorpresa.com.co\/index.php\/medios-de-pago\/#primaryimage"},"datePublished":"2019-05-29T20:53:29+00:00","dateModified":"2019-05-29T21:33:05+00:00","breadcrumb":{"@id":"https:\/\/desayunosorpresa.com.co\/index.php\/medios-de-pago\/#breadcrumb"},"inLanguage":"es","potentialAction":[{"@type":"ReadAction","target":["https:\/\/desayunosorpresa.com.co\/index.php\/medios-de-pago\/"]}]},{"@type":"BreadcrumbList","@id":"https:\/\/desayunosorpresa.com.co\/index.php\/medios-de-pago\/#breadcrumb","itemListElement":[{"@type":"ListItem","position":1,"name":"Portada","item":"https:\/\/desayunosorpresa.com.co\/"},{"@type":"ListItem","position":2,"name":"MEDIOS DE PAGO"}]}]}},"_links":{"self":[{"href":"https:\/\/desayunosorpresa.com.co\/index.php\/wp-json\/wp\/v2\/pages\/971"}],"collection":[{"href":"https:\/\/desayunosorpresa.com.co\/index.php\/wp-json\/wp\/v2\/pages"}],"about":[{"href":"https:\/\/desayunosorpresa.com.co\/index.php\/wp-json\/wp\/v2\/types\/page"}],"author":[{"embeddable":true,"href":"https:\/\/desayunosorpresa.com.co\/index.php\/wp-json\/wp\/v2\/users\/1"}],"replies":[{"embeddable":true,"href":"https:\/\/desayunosorpresa.com.co\/index.php\/wp-json\/wp\/v2\/comments?post=971"}],"version-history":[{"count":2,"href":"https:\/\/desayunosorpresa.com.co\/index.php\/wp-json\/wp\/v2\/pages\/971\/revisions"}],"predecessor-version":[{"id":990,"href":"https:\/\/desayunosorpresa.com.co\/index.php\/wp-json\/wp\/v2\/pages\/971\/revisions\/990"}],"wp:attachment":[{"href":"https:\/\/desayunosorpresa.com.co\/index.php\/wp-json\/wp\/v2\/media?parent=971"}],"curies":[{"name":"wp","href":"https:\/\/api.w.org\/{rel}","templated":true}]}}