{"id":1045,"date":"2019-06-07T20:09:55","date_gmt":"2019-06-08T01:09:55","guid":{"rendered":"http:\/\/desayunosorpresa.com.co\/?post_type=product&#038;p=1045"},"modified":"2026-02-05T22:50:45","modified_gmt":"2026-02-06T03:50:45","slug":"super-mug-personalizados","status":"publish","type":"product","link":"https:\/\/desayunosorpresa.com.co\/index.php\/product\/super-mug-personalizados\/","title":{"rendered":"POCILLOS PERSONALIZADOS"},"content":{"rendered":"<h2>Mugs Personalizados Desayuno sorpresa, dedicada a la venta de Pocillos personalizados y Mugs Publicitarios impresos con la imagen que quieras. Tenemos Pocillos de Varias referencias: Mugs en ceramica, decorados con el dise\u00f1o que desees.<br \/>\nLos Pocillos personalizados son un regalo ideal y original para cualquier ocasi\u00f3n, precios especiales. Mugs Empresariales personalizados tambi\u00e9n son un regalo original, practico e inolvidable.<br \/>\nPara todas las Ocasiones Mugs y Pocillos Personalizados<br \/>\nTodos Los Mugs se pueden personalizar realizamos el Dise\u00f1o o nos puedes enviar tu dise\u00f1o y lo marcamos con la Mejor calidad de impresi\u00f3n, los Mugs te sirven para calentar tu bebida en Horno Microondas la Calidad que manejamos es Calidad Triple AAA, es la mejor calidad del mercado, Solicita tu cotizaci\u00f3n o env\u00edanos tu dise\u00f1o y estamos encantados de hacer tu idea realidad tenemos Excelentes precios para Grandes Cantidades.<\/h2>\n","protected":false},"excerpt":{"rendered":"<h1>Mug personalizado blanco 11 onzas<\/h1>\n<h1>Mug personalizado Blanco 11 onzas en el cual podr\u00e1s estampar cualquier tipo de imagen.la foto de tu ser mas querido<\/h1>\n<h1>el mensaje que desees<\/h1>\n<p>&nbsp;<\/p>\n","protected":false},"featured_media":1707,"comment_status":"open","ping_status":"closed","template":"","meta":[],"product_cat":[53,133],"product_tag":[126,152,153],"yoast_head":"<!-- This site is optimized with the Yoast SEO plugin v18.3 - https:\/\/yoast.com\/wordpress\/plugins\/seo\/ -->\n<title>POCILLOS PERSONALIZADOS - Desayunos sorpresa en Bogot\u00e1 servicio a Domicilio<\/title>\n<meta name=\"robots\" content=\"index, follow, max-snippet:-1, max-image-preview:large, max-video-preview:-1\" \/>\n<link rel=\"canonical\" href=\"https:\/\/desayunosorpresa.com.co\/index.php\/product\/super-mug-personalizados\/\" \/>\n<meta property=\"og:locale\" content=\"es_ES\" \/>\n<meta property=\"og:type\" content=\"article\" \/>\n<meta property=\"og:title\" content=\"POCILLOS PERSONALIZADOS - Desayunos sorpresa en Bogot\u00e1 servicio a Domicilio\" \/>\n<meta property=\"og:description\" content=\"Mug personalizado blanco 11 onzas Mug personalizado Blanco 11 onzas en el cual podr\u00e1s estampar cualquier tipo de imagen.la foto de tu ser mas querido el mensaje que desees &nbsp;\" \/>\n<meta property=\"og:url\" content=\"https:\/\/desayunosorpresa.com.co\/index.php\/product\/super-mug-personalizados\/\" \/>\n<meta property=\"og:site_name\" content=\"Desayunos sorpresa en Bogot\u00e1 servicio a Domicilio\" \/>\n<meta property=\"article:publisher\" content=\"https:\/\/www.facebook.com\/desayunosorpresa.com.co\/\" \/>\n<meta property=\"article:modified_time\" content=\"2026-02-06T03:50:45+00:00\" \/>\n<meta property=\"og:image\" content=\"https:\/\/desayunosorpresa.com.co\/wp-content\/uploads\/2019\/06\/POCILLOS-PERSONALIZADOS.jpg\" \/>\n\t<meta property=\"og:image:width\" content=\"500\" \/>\n\t<meta property=\"og:image:height\" content=\"471\" \/>\n\t<meta property=\"og:image:type\" content=\"image\/jpeg\" \/>\n<meta name=\"twitter:card\" content=\"summary_large_image\" \/>\n<meta name=\"twitter:label1\" content=\"Tiempo de lectura\" \/>\n\t<meta name=\"twitter:data1\" content=\"1 minuto\" \/>\n<script type=\"application\/ld+json\" class=\"yoast-schema-graph\">{\"@context\":\"https:\/\/schema.org\",\"@graph\":[{\"@type\":\"Organization\",\"@id\":\"https:\/\/desayunosorpresa.com.co\/#organization\",\"name\":\"desayunosorpresa.com.co\",\"url\":\"https:\/\/desayunosorpresa.com.co\/\",\"sameAs\":[\"https:\/\/www.facebook.com\/desayunosorpresa.com.co\/\",\"https:\/\/www.instagram.com\/explore\/?hl=es\"],\"logo\":{\"@type\":\"ImageObject\",\"@id\":\"https:\/\/desayunosorpresa.com.co\/#logo\",\"inLanguage\":\"es\",\"url\":\"http:\/\/desayunosorpresa.com.co\/wp-content\/uploads\/2019\/06\/desayuno-dia-del-padre-para-papa-13.jpg\",\"contentUrl\":\"http:\/\/desayunosorpresa.com.co\/wp-content\/uploads\/2019\/06\/desayuno-dia-del-padre-para-papa-13.jpg\",\"width\":1200,\"height\":900,\"caption\":\"desayunosorpresa.com.co\"},\"image\":{\"@id\":\"https:\/\/desayunosorpresa.com.co\/#logo\"}},{\"@type\":\"WebSite\",\"@id\":\"https:\/\/desayunosorpresa.com.co\/#website\",\"url\":\"https:\/\/desayunosorpresa.com.co\/\",\"name\":\"Desayunos sorpresa en Bogot\u00e1 servicio a Domicilio\",\"description\":\"Regalale a esa persona especial un desayuno sorpresa con mucho amor \u2705\",\"publisher\":{\"@id\":\"https:\/\/desayunosorpresa.com.co\/#organization\"},\"potentialAction\":[{\"@type\":\"SearchAction\",\"target\":{\"@type\":\"EntryPoint\",\"urlTemplate\":\"https:\/\/desayunosorpresa.com.co\/?s={search_term_string}\"},\"query-input\":\"required name=search_term_string\"}],\"inLanguage\":\"es\"},{\"@type\":\"ImageObject\",\"@id\":\"https:\/\/desayunosorpresa.com.co\/index.php\/product\/super-mug-personalizados\/#primaryimage\",\"inLanguage\":\"es\",\"url\":\"https:\/\/desayunosorpresa.com.co\/wp-content\/uploads\/2019\/06\/POCILLOS-PERSONALIZADOS.jpg\",\"contentUrl\":\"https:\/\/desayunosorpresa.com.co\/wp-content\/uploads\/2019\/06\/POCILLOS-PERSONALIZADOS.jpg\",\"width\":500,\"height\":471,\"caption\":\"pocillos personalizados para tu persona favorita personalizamos pocillos para toda ocacion\"},{\"@type\":\"WebPage\",\"@id\":\"https:\/\/desayunosorpresa.com.co\/index.php\/product\/super-mug-personalizados\/#webpage\",\"url\":\"https:\/\/desayunosorpresa.com.co\/index.php\/product\/super-mug-personalizados\/\",\"name\":\"POCILLOS PERSONALIZADOS - Desayunos sorpresa en Bogot\u00e1 servicio a Domicilio\",\"isPartOf\":{\"@id\":\"https:\/\/desayunosorpresa.com.co\/#website\"},\"primaryImageOfPage\":{\"@id\":\"https:\/\/desayunosorpresa.com.co\/index.php\/product\/super-mug-personalizados\/#primaryimage\"},\"datePublished\":\"2019-06-08T01:09:55+00:00\",\"dateModified\":\"2026-02-06T03:50:45+00:00\",\"breadcrumb\":{\"@id\":\"https:\/\/desayunosorpresa.com.co\/index.php\/product\/super-mug-personalizados\/#breadcrumb\"},\"inLanguage\":\"es\",\"potentialAction\":[{\"@type\":\"ReadAction\",\"target\":[\"https:\/\/desayunosorpresa.com.co\/index.php\/product\/super-mug-personalizados\/\"]}]},{\"@type\":\"BreadcrumbList\",\"@id\":\"https:\/\/desayunosorpresa.com.co\/index.php\/product\/super-mug-personalizados\/#breadcrumb\",\"itemListElement\":[{\"@type\":\"ListItem\",\"position\":1,\"name\":\"Portada\",\"item\":\"https:\/\/desayunosorpresa.com.co\/\"},{\"@type\":\"ListItem\",\"position\":2,\"name\":\"Shop\",\"item\":\"https:\/\/desayunosorpresa.com.co\/index.php\/shop\/\"},{\"@type\":\"ListItem\",\"position\":3,\"name\":\"POCILLOS PERSONALIZADOS\"}]}]}<\/script>\n<!-- \/ Yoast SEO plugin. -->","yoast_head_json":{"title":"POCILLOS PERSONALIZADOS - Desayunos sorpresa en Bogot\u00e1 servicio a Domicilio","robots":{"index":"index","follow":"follow","max-snippet":"max-snippet:-1","max-image-preview":"max-image-preview:large","max-video-preview":"max-video-preview:-1"},"canonical":"https:\/\/desayunosorpresa.com.co\/index.php\/product\/super-mug-personalizados\/","og_locale":"es_ES","og_type":"article","og_title":"POCILLOS PERSONALIZADOS - Desayunos sorpresa en Bogot\u00e1 servicio a Domicilio","og_description":"Mug personalizado blanco 11 onzas Mug personalizado Blanco 11 onzas en el cual podr\u00e1s estampar cualquier tipo de imagen.la foto de tu ser mas querido el mensaje que desees &nbsp;","og_url":"https:\/\/desayunosorpresa.com.co\/index.php\/product\/super-mug-personalizados\/","og_site_name":"Desayunos sorpresa en Bogot\u00e1 servicio a Domicilio","article_publisher":"https:\/\/www.facebook.com\/desayunosorpresa.com.co\/","article_modified_time":"2026-02-06T03:50:45+00:00","og_image":[{"width":500,"height":471,"url":"https:\/\/desayunosorpresa.com.co\/wp-content\/uploads\/2019\/06\/POCILLOS-PERSONALIZADOS.jpg","type":"image\/jpeg"}],"twitter_card":"summary_large_image","twitter_misc":{"Tiempo de lectura":"1 minuto"},"schema":{"@context":"https:\/\/schema.org","@graph":[{"@type":"Organization","@id":"https:\/\/desayunosorpresa.com.co\/#organization","name":"desayunosorpresa.com.co","url":"https:\/\/desayunosorpresa.com.co\/","sameAs":["https:\/\/www.facebook.com\/desayunosorpresa.com.co\/","https:\/\/www.instagram.com\/explore\/?hl=es"],"logo":{"@type":"ImageObject","@id":"https:\/\/desayunosorpresa.com.co\/#logo","inLanguage":"es","url":"http:\/\/desayunosorpresa.com.co\/wp-content\/uploads\/2019\/06\/desayuno-dia-del-padre-para-papa-13.jpg","contentUrl":"http:\/\/desayunosorpresa.com.co\/wp-content\/uploads\/2019\/06\/desayuno-dia-del-padre-para-papa-13.jpg","width":1200,"height":900,"caption":"desayunosorpresa.com.co"},"image":{"@id":"https:\/\/desayunosorpresa.com.co\/#logo"}},{"@type":"WebSite","@id":"https:\/\/desayunosorpresa.com.co\/#website","url":"https:\/\/desayunosorpresa.com.co\/","name":"Desayunos sorpresa en Bogot\u00e1 servicio a Domicilio","description":"Regalale a esa persona especial un desayuno sorpresa con mucho amor \u2705","publisher":{"@id":"https:\/\/desayunosorpresa.com.co\/#organization"},"potentialAction":[{"@type":"SearchAction","target":{"@type":"EntryPoint","urlTemplate":"https:\/\/desayunosorpresa.com.co\/?s={search_term_string}"},"query-input":"required name=search_term_string"}],"inLanguage":"es"},{"@type":"ImageObject","@id":"https:\/\/desayunosorpresa.com.co\/index.php\/product\/super-mug-personalizados\/#primaryimage","inLanguage":"es","url":"https:\/\/desayunosorpresa.com.co\/wp-content\/uploads\/2019\/06\/POCILLOS-PERSONALIZADOS.jpg","contentUrl":"https:\/\/desayunosorpresa.com.co\/wp-content\/uploads\/2019\/06\/POCILLOS-PERSONALIZADOS.jpg","width":500,"height":471,"caption":"pocillos personalizados para tu persona favorita personalizamos pocillos para toda ocacion"},{"@type":"WebPage","@id":"https:\/\/desayunosorpresa.com.co\/index.php\/product\/super-mug-personalizados\/#webpage","url":"https:\/\/desayunosorpresa.com.co\/index.php\/product\/super-mug-personalizados\/","name":"POCILLOS PERSONALIZADOS - Desayunos sorpresa en Bogot\u00e1 servicio a Domicilio","isPartOf":{"@id":"https:\/\/desayunosorpresa.com.co\/#website"},"primaryImageOfPage":{"@id":"https:\/\/desayunosorpresa.com.co\/index.php\/product\/super-mug-personalizados\/#primaryimage"},"datePublished":"2019-06-08T01:09:55+00:00","dateModified":"2026-02-06T03:50:45+00:00","breadcrumb":{"@id":"https:\/\/desayunosorpresa.com.co\/index.php\/product\/super-mug-personalizados\/#breadcrumb"},"inLanguage":"es","potentialAction":[{"@type":"ReadAction","target":["https:\/\/desayunosorpresa.com.co\/index.php\/product\/super-mug-personalizados\/"]}]},{"@type":"BreadcrumbList","@id":"https:\/\/desayunosorpresa.com.co\/index.php\/product\/super-mug-personalizados\/#breadcrumb","itemListElement":[{"@type":"ListItem","position":1,"name":"Portada","item":"https:\/\/desayunosorpresa.com.co\/"},{"@type":"ListItem","position":2,"name":"Shop","item":"https:\/\/desayunosorpresa.com.co\/index.php\/shop\/"},{"@type":"ListItem","position":3,"name":"POCILLOS PERSONALIZADOS"}]}]}},"_links":{"self":[{"href":"https:\/\/desayunosorpresa.com.co\/index.php\/wp-json\/wp\/v2\/product\/1045"}],"collection":[{"href":"https:\/\/desayunosorpresa.com.co\/index.php\/wp-json\/wp\/v2\/product"}],"about":[{"href":"https:\/\/desayunosorpresa.com.co\/index.php\/wp-json\/wp\/v2\/types\/product"}],"replies":[{"embeddable":true,"href":"https:\/\/desayunosorpresa.com.co\/index.php\/wp-json\/wp\/v2\/comments?post=1045"}],"wp:featuredmedia":[{"embeddable":true,"href":"https:\/\/desayunosorpresa.com.co\/index.php\/wp-json\/wp\/v2\/media\/1707"}],"wp:attachment":[{"href":"https:\/\/desayunosorpresa.com.co\/index.php\/wp-json\/wp\/v2\/media?parent=1045"}],"wp:term":[{"taxonomy":"product_cat","embeddable":true,"href":"https:\/\/desayunosorpresa.com.co\/index.php\/wp-json\/wp\/v2\/product_cat?post=1045"},{"taxonomy":"product_tag","embeddable":true,"href":"https:\/\/desayunosorpresa.com.co\/index.php\/wp-json\/wp\/v2\/product_tag?post=1045"}],"curies":[{"name":"wp","href":"https:\/\/api.w.org\/{rel}","templated":true}]}}