{"id":1057,"date":"2019-06-10T21:01:27","date_gmt":"2019-06-11T02:01:27","guid":{"rendered":"http:\/\/desayunosorpresa.com.co\/?post_type=product&#038;p=1057"},"modified":"2023-04-21T12:38:02","modified_gmt":"2023-04-21T17:38:02","slug":"bandejas-de-carton-y-cajas","status":"publish","type":"product","link":"https:\/\/desayunosorpresa.com.co\/index.php\/product\/bandejas-de-carton-y-cajas\/","title":{"rendered":"MESA PARA DESAYUNOS SORPRESA"},"content":{"rendered":"<h1 class=\"item-title__primary \">MESAS PARA DESAYUNOS SORPRESA<\/h1>\n<p>MESA DE DESAYUNO PLEGABLE EN MADERA MDF CON PORTAVASOS REMOVIBLE 30*40 cm. PARA USO EN CASA O PARA ARMAR ANCHETAS DE REGALOS O DESAYUNOS SORPRESA.<\/p>\n<p>Mesa Bandeja para Desayuno o para port\u00e1til fabricada en madera MDF de primera calidad. Al extenderla queda de aproximadamente 20 cm de altura. Tiene patas plegables para que ocupe menos espacio al guardarla (Queda con altura de 5 cm). Ideal para trabajar con el computador port\u00e1til desde la cama o para llevar el desayuno.<\/p>\n<p>Incluye portavasos removible con dos espacios. P\u00edntala y dec\u00f3rala a tu gusto con tu estilo favorito y obs\u00e9quiala o alqu\u00edlala usando Arte Country u otras t\u00e9cnicas de pintura sobre madera.<\/p>\n","protected":false},"excerpt":{"rendered":"<div class=\"ui-pdp-specs__table\">1. Es madera , NO se entregan pintadas, ni lacadas, Ni barnizada&#8230;color como se ven las fotos en CRUDO, al natural, para proceso de personalizaci\u00f3n** se sugiere protegerla con laca para mayor duraci\u00f3n, usarla con servilleta y no dejarla humedecer. secarla r\u00e1pidamente si esto ocurre mientras la protege<br \/>\n2. Altura retr\u00e1ctil puede doblar la base y guardarla f\u00e1cilmente ideal por comodidad para ni\u00f1os y adultosTama\u00f1o medidas (cm) :<br \/>\nancho: 28 cm<br \/>\nlargo : 40 cm<br \/>\nAlto : 2 cm (base retractil 17 cm)<\/p>\n<p>Productos 100% Nacional, RETRACTIL incluye porta vasos en madera retirable<br \/>\nElaborados en madera\u00a0 certificada en manejo forestal responsable, varios dise\u00f1os y varios tama\u00f1os.<\/p>\n<\/div>\n<h3 class=\"ui-pdp-specs__subtitle\">Otras caracter\u00edsticas<\/h3>\n<div class=\"ui-pdp-list ui-pdp-specs__list\">\n<ul class=\"ui-pdp-list__wrapper\">\n<li class=\"ui-pdp-list__item\">\n<p class=\"ui-pdp-list__text\"><span class=\"ui-pdp-color--BLACK ui-pdp-size--XSMALL ui-pdp-family--BOLD\">Capacidad en peso<\/span>: 2 kg<\/p>\n<\/li>\n<li class=\"ui-pdp-list__item\">\n<p class=\"ui-pdp-list__text\"><span class=\"ui-pdp-color--BLACK ui-pdp-size--XSMALL ui-pdp-family--BOLD\">Material<\/span>: Madera<\/p>\n<\/li>\n<\/ul>\n<ul class=\"ui-pdp-list__wrapper\">\n<li class=\"ui-pdp-list__item\">\n<p class=\"ui-pdp-list__text\"><span class=\"ui-pdp-color--BLACK ui-pdp-size--XSMALL ui-pdp-family--BOLD\">Con porta vaso : si<\/span><\/p>\n<\/li>\n<\/ul>\n<\/div>\n","protected":false},"featured_media":1680,"comment_status":"open","ping_status":"closed","template":"","meta":[],"product_cat":[53],"product_tag":[],"yoast_head":"<!-- This site is optimized with the Yoast SEO plugin v18.3 - https:\/\/yoast.com\/wordpress\/plugins\/seo\/ -->\n<title>MESA PARA DESAYUNOS SORPRESA - Desayunos sorpresa en Bogot\u00e1 servicio a Domicilio<\/title>\n<meta name=\"robots\" content=\"index, follow, max-snippet:-1, max-image-preview:large, max-video-preview:-1\" \/>\n<link rel=\"canonical\" href=\"https:\/\/desayunosorpresa.com.co\/index.php\/product\/bandejas-de-carton-y-cajas\/\" \/>\n<meta property=\"og:locale\" content=\"es_ES\" \/>\n<meta property=\"og:type\" content=\"article\" \/>\n<meta property=\"og:title\" content=\"MESA PARA DESAYUNOS SORPRESA - Desayunos sorpresa en Bogot\u00e1 servicio a Domicilio\" \/>\n<meta property=\"og:description\" content=\"1. Es madera , NO se entregan pintadas, ni lacadas, Ni barnizada...color como se ven las fotos en CRUDO, al natural, para proceso de personalizaci\u00f3n** se sugiere protegerla con laca para mayor duraci\u00f3n, usarla con servilleta y no dejarla humedecer. secarla r\u00e1pidamente si esto ocurre mientras la protege 2. Altura retr\u00e1ctil puede doblar la base y guardarla f\u00e1cilmente ideal por comodidad para ni\u00f1os y adultosTama\u00f1o medidas (cm) : ancho: 28 cm largo : 40 cm Alto : 2 cm (base retractil 17 cm)  Productos 100% Nacional, RETRACTIL incluye porta vasos en madera retirable Elaborados en madera\u00a0 certificada en manejo forestal responsable, varios dise\u00f1os y varios tama\u00f1os.   Otras caracter\u00edsticas     Capacidad en peso: 2 kg    Material: Madera      Con porta vaso : si\" \/>\n<meta property=\"og:url\" content=\"https:\/\/desayunosorpresa.com.co\/index.php\/product\/bandejas-de-carton-y-cajas\/\" \/>\n<meta property=\"og:site_name\" content=\"Desayunos sorpresa en Bogot\u00e1 servicio a Domicilio\" \/>\n<meta property=\"article:publisher\" content=\"https:\/\/www.facebook.com\/desayunosorpresa.com.co\/\" \/>\n<meta property=\"article:modified_time\" content=\"2023-04-21T17:38:02+00:00\" \/>\n<meta property=\"og:image\" content=\"https:\/\/desayunosorpresa.com.co\/wp-content\/uploads\/2019\/06\/mesa-para-desayuno-sorpresa.jpg\" \/>\n\t<meta property=\"og:image:width\" content=\"320\" \/>\n\t<meta property=\"og:image:height\" content=\"240\" \/>\n\t<meta property=\"og:image:type\" content=\"image\/jpeg\" \/>\n<meta name=\"twitter:card\" content=\"summary_large_image\" \/>\n<meta name=\"twitter:label1\" content=\"Tiempo de lectura\" \/>\n\t<meta name=\"twitter:data1\" content=\"1 minuto\" \/>\n<script type=\"application\/ld+json\" class=\"yoast-schema-graph\">{\"@context\":\"https:\/\/schema.org\",\"@graph\":[{\"@type\":\"Organization\",\"@id\":\"https:\/\/desayunosorpresa.com.co\/#organization\",\"name\":\"desayunosorpresa.com.co\",\"url\":\"https:\/\/desayunosorpresa.com.co\/\",\"sameAs\":[\"https:\/\/www.facebook.com\/desayunosorpresa.com.co\/\",\"https:\/\/www.instagram.com\/explore\/?hl=es\"],\"logo\":{\"@type\":\"ImageObject\",\"@id\":\"https:\/\/desayunosorpresa.com.co\/#logo\",\"inLanguage\":\"es\",\"url\":\"http:\/\/desayunosorpresa.com.co\/wp-content\/uploads\/2019\/06\/desayuno-dia-del-padre-para-papa-13.jpg\",\"contentUrl\":\"http:\/\/desayunosorpresa.com.co\/wp-content\/uploads\/2019\/06\/desayuno-dia-del-padre-para-papa-13.jpg\",\"width\":1200,\"height\":900,\"caption\":\"desayunosorpresa.com.co\"},\"image\":{\"@id\":\"https:\/\/desayunosorpresa.com.co\/#logo\"}},{\"@type\":\"WebSite\",\"@id\":\"https:\/\/desayunosorpresa.com.co\/#website\",\"url\":\"https:\/\/desayunosorpresa.com.co\/\",\"name\":\"Desayunos sorpresa en Bogot\u00e1 servicio a Domicilio\",\"description\":\"Regalale a esa persona especial un desayuno sorpresa con mucho amor \u2705\",\"publisher\":{\"@id\":\"https:\/\/desayunosorpresa.com.co\/#organization\"},\"potentialAction\":[{\"@type\":\"SearchAction\",\"target\":{\"@type\":\"EntryPoint\",\"urlTemplate\":\"https:\/\/desayunosorpresa.com.co\/?s={search_term_string}\"},\"query-input\":\"required name=search_term_string\"}],\"inLanguage\":\"es\"},{\"@type\":\"ImageObject\",\"@id\":\"https:\/\/desayunosorpresa.com.co\/index.php\/product\/bandejas-de-carton-y-cajas\/#primaryimage\",\"inLanguage\":\"es\",\"url\":\"https:\/\/desayunosorpresa.com.co\/wp-content\/uploads\/2019\/06\/mesa-para-desayuno-sorpresa.jpg\",\"contentUrl\":\"https:\/\/desayunosorpresa.com.co\/wp-content\/uploads\/2019\/06\/mesa-para-desayuno-sorpresa.jpg\",\"width\":320,\"height\":240,\"caption\":\"mesa para llevar tu desayuno a la cama adicional a tu pedido\"},{\"@type\":\"WebPage\",\"@id\":\"https:\/\/desayunosorpresa.com.co\/index.php\/product\/bandejas-de-carton-y-cajas\/#webpage\",\"url\":\"https:\/\/desayunosorpresa.com.co\/index.php\/product\/bandejas-de-carton-y-cajas\/\",\"name\":\"MESA PARA DESAYUNOS SORPRESA - Desayunos sorpresa en Bogot\u00e1 servicio a Domicilio\",\"isPartOf\":{\"@id\":\"https:\/\/desayunosorpresa.com.co\/#website\"},\"primaryImageOfPage\":{\"@id\":\"https:\/\/desayunosorpresa.com.co\/index.php\/product\/bandejas-de-carton-y-cajas\/#primaryimage\"},\"datePublished\":\"2019-06-11T02:01:27+00:00\",\"dateModified\":\"2023-04-21T17:38:02+00:00\",\"breadcrumb\":{\"@id\":\"https:\/\/desayunosorpresa.com.co\/index.php\/product\/bandejas-de-carton-y-cajas\/#breadcrumb\"},\"inLanguage\":\"es\",\"potentialAction\":[{\"@type\":\"ReadAction\",\"target\":[\"https:\/\/desayunosorpresa.com.co\/index.php\/product\/bandejas-de-carton-y-cajas\/\"]}]},{\"@type\":\"BreadcrumbList\",\"@id\":\"https:\/\/desayunosorpresa.com.co\/index.php\/product\/bandejas-de-carton-y-cajas\/#breadcrumb\",\"itemListElement\":[{\"@type\":\"ListItem\",\"position\":1,\"name\":\"Portada\",\"item\":\"https:\/\/desayunosorpresa.com.co\/\"},{\"@type\":\"ListItem\",\"position\":2,\"name\":\"Shop\",\"item\":\"https:\/\/desayunosorpresa.com.co\/index.php\/shop\/\"},{\"@type\":\"ListItem\",\"position\":3,\"name\":\"MESA PARA DESAYUNOS SORPRESA\"}]}]}<\/script>\n<!-- \/ Yoast SEO plugin. -->","yoast_head_json":{"title":"MESA PARA DESAYUNOS SORPRESA - Desayunos sorpresa en Bogot\u00e1 servicio a Domicilio","robots":{"index":"index","follow":"follow","max-snippet":"max-snippet:-1","max-image-preview":"max-image-preview:large","max-video-preview":"max-video-preview:-1"},"canonical":"https:\/\/desayunosorpresa.com.co\/index.php\/product\/bandejas-de-carton-y-cajas\/","og_locale":"es_ES","og_type":"article","og_title":"MESA PARA DESAYUNOS SORPRESA - Desayunos sorpresa en Bogot\u00e1 servicio a Domicilio","og_description":"1. Es madera , NO se entregan pintadas, ni lacadas, Ni barnizada...color como se ven las fotos en CRUDO, al natural, para proceso de personalizaci\u00f3n** se sugiere protegerla con laca para mayor duraci\u00f3n, usarla con servilleta y no dejarla humedecer. secarla r\u00e1pidamente si esto ocurre mientras la protege 2. Altura retr\u00e1ctil puede doblar la base y guardarla f\u00e1cilmente ideal por comodidad para ni\u00f1os y adultosTama\u00f1o medidas (cm) : ancho: 28 cm largo : 40 cm Alto : 2 cm (base retractil 17 cm)  Productos 100% Nacional, RETRACTIL incluye porta vasos en madera retirable Elaborados en madera\u00a0 certificada en manejo forestal responsable, varios dise\u00f1os y varios tama\u00f1os.   Otras caracter\u00edsticas     Capacidad en peso: 2 kg    Material: Madera      Con porta vaso : si","og_url":"https:\/\/desayunosorpresa.com.co\/index.php\/product\/bandejas-de-carton-y-cajas\/","og_site_name":"Desayunos sorpresa en Bogot\u00e1 servicio a Domicilio","article_publisher":"https:\/\/www.facebook.com\/desayunosorpresa.com.co\/","article_modified_time":"2023-04-21T17:38:02+00:00","og_image":[{"width":320,"height":240,"url":"https:\/\/desayunosorpresa.com.co\/wp-content\/uploads\/2019\/06\/mesa-para-desayuno-sorpresa.jpg","type":"image\/jpeg"}],"twitter_card":"summary_large_image","twitter_misc":{"Tiempo de lectura":"1 minuto"},"schema":{"@context":"https:\/\/schema.org","@graph":[{"@type":"Organization","@id":"https:\/\/desayunosorpresa.com.co\/#organization","name":"desayunosorpresa.com.co","url":"https:\/\/desayunosorpresa.com.co\/","sameAs":["https:\/\/www.facebook.com\/desayunosorpresa.com.co\/","https:\/\/www.instagram.com\/explore\/?hl=es"],"logo":{"@type":"ImageObject","@id":"https:\/\/desayunosorpresa.com.co\/#logo","inLanguage":"es","url":"http:\/\/desayunosorpresa.com.co\/wp-content\/uploads\/2019\/06\/desayuno-dia-del-padre-para-papa-13.jpg","contentUrl":"http:\/\/desayunosorpresa.com.co\/wp-content\/uploads\/2019\/06\/desayuno-dia-del-padre-para-papa-13.jpg","width":1200,"height":900,"caption":"desayunosorpresa.com.co"},"image":{"@id":"https:\/\/desayunosorpresa.com.co\/#logo"}},{"@type":"WebSite","@id":"https:\/\/desayunosorpresa.com.co\/#website","url":"https:\/\/desayunosorpresa.com.co\/","name":"Desayunos sorpresa en Bogot\u00e1 servicio a Domicilio","description":"Regalale a esa persona especial un desayuno sorpresa con mucho amor \u2705","publisher":{"@id":"https:\/\/desayunosorpresa.com.co\/#organization"},"potentialAction":[{"@type":"SearchAction","target":{"@type":"EntryPoint","urlTemplate":"https:\/\/desayunosorpresa.com.co\/?s={search_term_string}"},"query-input":"required name=search_term_string"}],"inLanguage":"es"},{"@type":"ImageObject","@id":"https:\/\/desayunosorpresa.com.co\/index.php\/product\/bandejas-de-carton-y-cajas\/#primaryimage","inLanguage":"es","url":"https:\/\/desayunosorpresa.com.co\/wp-content\/uploads\/2019\/06\/mesa-para-desayuno-sorpresa.jpg","contentUrl":"https:\/\/desayunosorpresa.com.co\/wp-content\/uploads\/2019\/06\/mesa-para-desayuno-sorpresa.jpg","width":320,"height":240,"caption":"mesa para llevar tu desayuno a la cama adicional a tu pedido"},{"@type":"WebPage","@id":"https:\/\/desayunosorpresa.com.co\/index.php\/product\/bandejas-de-carton-y-cajas\/#webpage","url":"https:\/\/desayunosorpresa.com.co\/index.php\/product\/bandejas-de-carton-y-cajas\/","name":"MESA PARA DESAYUNOS SORPRESA - Desayunos sorpresa en Bogot\u00e1 servicio a Domicilio","isPartOf":{"@id":"https:\/\/desayunosorpresa.com.co\/#website"},"primaryImageOfPage":{"@id":"https:\/\/desayunosorpresa.com.co\/index.php\/product\/bandejas-de-carton-y-cajas\/#primaryimage"},"datePublished":"2019-06-11T02:01:27+00:00","dateModified":"2023-04-21T17:38:02+00:00","breadcrumb":{"@id":"https:\/\/desayunosorpresa.com.co\/index.php\/product\/bandejas-de-carton-y-cajas\/#breadcrumb"},"inLanguage":"es","potentialAction":[{"@type":"ReadAction","target":["https:\/\/desayunosorpresa.com.co\/index.php\/product\/bandejas-de-carton-y-cajas\/"]}]},{"@type":"BreadcrumbList","@id":"https:\/\/desayunosorpresa.com.co\/index.php\/product\/bandejas-de-carton-y-cajas\/#breadcrumb","itemListElement":[{"@type":"ListItem","position":1,"name":"Portada","item":"https:\/\/desayunosorpresa.com.co\/"},{"@type":"ListItem","position":2,"name":"Shop","item":"https:\/\/desayunosorpresa.com.co\/index.php\/shop\/"},{"@type":"ListItem","position":3,"name":"MESA PARA DESAYUNOS SORPRESA"}]}]}},"_links":{"self":[{"href":"https:\/\/desayunosorpresa.com.co\/index.php\/wp-json\/wp\/v2\/product\/1057"}],"collection":[{"href":"https:\/\/desayunosorpresa.com.co\/index.php\/wp-json\/wp\/v2\/product"}],"about":[{"href":"https:\/\/desayunosorpresa.com.co\/index.php\/wp-json\/wp\/v2\/types\/product"}],"replies":[{"embeddable":true,"href":"https:\/\/desayunosorpresa.com.co\/index.php\/wp-json\/wp\/v2\/comments?post=1057"}],"wp:featuredmedia":[{"embeddable":true,"href":"https:\/\/desayunosorpresa.com.co\/index.php\/wp-json\/wp\/v2\/media\/1680"}],"wp:attachment":[{"href":"https:\/\/desayunosorpresa.com.co\/index.php\/wp-json\/wp\/v2\/media?parent=1057"}],"wp:term":[{"taxonomy":"product_cat","embeddable":true,"href":"https:\/\/desayunosorpresa.com.co\/index.php\/wp-json\/wp\/v2\/product_cat?post=1057"},{"taxonomy":"product_tag","embeddable":true,"href":"https:\/\/desayunosorpresa.com.co\/index.php\/wp-json\/wp\/v2\/product_tag?post=1057"}],"curies":[{"name":"wp","href":"https:\/\/api.w.org\/{rel}","templated":true}]}}