{"id":1209,"date":"2019-06-10T21:10:18","date_gmt":"2019-06-11T02:10:18","guid":{"rendered":"http:\/\/desayunosorpresa.com.co\/?post_type=product&#038;p=1209"},"modified":"2024-03-17T03:48:21","modified_gmt":"2024-03-17T08:48:21","slug":"peluche-perro-buso-azul-2","status":"publish","type":"product","link":"https:\/\/desayunosorpresa.com.co\/index.php\/product\/peluche-perro-buso-azul-2\/","title":{"rendered":"PELUCHES PERSONAJES INFANTILES"},"content":{"rendered":"<h1><span style=\"font-family: Arial, sans-serif;\"><span style=\"font-family: Arial, sans-serif;\">variedad de peluches para toda ocacion lindos adicionales para acompa\u00f1ar tu desayuno sorpresa y as\u00ed\u00a0personalizar tu detalle ser\u00e1n una muy linda compa\u00f1\u00eda\u00a0para ese ser querido que tanto amas.\u00a0<\/span><\/span><\/h1>\n<h1>peluche super h\u00e9roes personajes Marvel Batman super man air\u00f3n man capit\u00e1n am\u00e9rica\u00a0hombre ara\u00f1a<\/h1>\n","protected":false},"excerpt":{"rendered":"<h1><strong><span style=\"font-family: Arial, sans-serif;\">lindos peluches para adicionar a tus desayunos\u00a0<\/span><\/strong><\/h1>\n<h1>Hermosos Super h\u00e9roes\u00a0de peluche,18\u00a0 cms aprox. Spiderman, Capit\u00e1n Am\u00e9rica, Hulk y Ironman.<\/h1>\n<h1><strong>FAVOR CONFIRMAR DISPONIBILIDAD ANTES DE DAR CLICK EN COMPRAR, GRACIAS!<\/strong><\/h1>\n<h1 style=\"background: white; margin: 8.05pt 0cm 8.05pt 0cm;\"><\/h1>\n","protected":false},"featured_media":1676,"comment_status":"open","ping_status":"closed","template":"","meta":[],"product_cat":[53,79],"product_tag":[105],"yoast_head":"<!-- This site is optimized with the Yoast SEO plugin v18.3 - https:\/\/yoast.com\/wordpress\/plugins\/seo\/ -->\n<title>PELUCHES PERSONAJES INFANTILES - Desayunos sorpresa en Bogot\u00e1 servicio a Domicilio<\/title>\n<meta name=\"robots\" content=\"index, follow, max-snippet:-1, max-image-preview:large, max-video-preview:-1\" \/>\n<link rel=\"canonical\" href=\"https:\/\/desayunosorpresa.com.co\/index.php\/product\/peluche-perro-buso-azul-2\/\" \/>\n<meta property=\"og:locale\" content=\"es_ES\" \/>\n<meta property=\"og:type\" content=\"article\" \/>\n<meta property=\"og:title\" content=\"PELUCHES PERSONAJES INFANTILES - Desayunos sorpresa en Bogot\u00e1 servicio a Domicilio\" \/>\n<meta property=\"og:description\" content=\"lindos peluches para adicionar a tus desayunos\u00a0 Hermosos Super h\u00e9roes\u00a0de peluche,18\u00a0 cms aprox. Spiderman, Capit\u00e1n Am\u00e9rica, Hulk y Ironman. FAVOR CONFIRMAR DISPONIBILIDAD ANTES DE DAR CLICK EN COMPRAR, GRACIAS!\" \/>\n<meta property=\"og:url\" content=\"https:\/\/desayunosorpresa.com.co\/index.php\/product\/peluche-perro-buso-azul-2\/\" \/>\n<meta property=\"og:site_name\" content=\"Desayunos sorpresa en Bogot\u00e1 servicio a Domicilio\" \/>\n<meta property=\"article:publisher\" content=\"https:\/\/www.facebook.com\/desayunosorpresa.com.co\/\" \/>\n<meta property=\"article:modified_time\" content=\"2024-03-17T08:48:21+00:00\" \/>\n<meta property=\"og:image\" content=\"https:\/\/desayunosorpresa.com.co\/wp-content\/uploads\/2019\/06\/personajes-super-heroes-peluches.jpg\" \/>\n\t<meta property=\"og:image:width\" content=\"600\" \/>\n\t<meta property=\"og:image:height\" content=\"600\" \/>\n\t<meta property=\"og:image:type\" content=\"image\/jpeg\" \/>\n<meta name=\"twitter:card\" content=\"summary_large_image\" \/>\n<script type=\"application\/ld+json\" class=\"yoast-schema-graph\">{\"@context\":\"https:\/\/schema.org\",\"@graph\":[{\"@type\":\"Organization\",\"@id\":\"https:\/\/desayunosorpresa.com.co\/#organization\",\"name\":\"desayunosorpresa.com.co\",\"url\":\"https:\/\/desayunosorpresa.com.co\/\",\"sameAs\":[\"https:\/\/www.facebook.com\/desayunosorpresa.com.co\/\",\"https:\/\/www.instagram.com\/explore\/?hl=es\"],\"logo\":{\"@type\":\"ImageObject\",\"@id\":\"https:\/\/desayunosorpresa.com.co\/#logo\",\"inLanguage\":\"es\",\"url\":\"http:\/\/desayunosorpresa.com.co\/wp-content\/uploads\/2019\/06\/desayuno-dia-del-padre-para-papa-13.jpg\",\"contentUrl\":\"http:\/\/desayunosorpresa.com.co\/wp-content\/uploads\/2019\/06\/desayuno-dia-del-padre-para-papa-13.jpg\",\"width\":1200,\"height\":900,\"caption\":\"desayunosorpresa.com.co\"},\"image\":{\"@id\":\"https:\/\/desayunosorpresa.com.co\/#logo\"}},{\"@type\":\"WebSite\",\"@id\":\"https:\/\/desayunosorpresa.com.co\/#website\",\"url\":\"https:\/\/desayunosorpresa.com.co\/\",\"name\":\"Desayunos sorpresa en Bogot\u00e1 servicio a Domicilio\",\"description\":\"Regalale a esa persona especial un desayuno sorpresa con mucho amor \u2705\",\"publisher\":{\"@id\":\"https:\/\/desayunosorpresa.com.co\/#organization\"},\"potentialAction\":[{\"@type\":\"SearchAction\",\"target\":{\"@type\":\"EntryPoint\",\"urlTemplate\":\"https:\/\/desayunosorpresa.com.co\/?s={search_term_string}\"},\"query-input\":\"required name=search_term_string\"}],\"inLanguage\":\"es\"},{\"@type\":\"ImageObject\",\"@id\":\"https:\/\/desayunosorpresa.com.co\/index.php\/product\/peluche-perro-buso-azul-2\/#primaryimage\",\"inLanguage\":\"es\",\"url\":\"https:\/\/desayunosorpresa.com.co\/wp-content\/uploads\/2019\/06\/personajes-super-heroes-peluches.jpg\",\"contentUrl\":\"https:\/\/desayunosorpresa.com.co\/wp-content\/uploads\/2019\/06\/personajes-super-heroes-peluches.jpg\",\"width\":600,\"height\":600,\"caption\":\"peluches para adicionar a tus detalles y desayunos sorpresa\"},{\"@type\":\"WebPage\",\"@id\":\"https:\/\/desayunosorpresa.com.co\/index.php\/product\/peluche-perro-buso-azul-2\/#webpage\",\"url\":\"https:\/\/desayunosorpresa.com.co\/index.php\/product\/peluche-perro-buso-azul-2\/\",\"name\":\"PELUCHES PERSONAJES INFANTILES - Desayunos sorpresa en Bogot\u00e1 servicio a Domicilio\",\"isPartOf\":{\"@id\":\"https:\/\/desayunosorpresa.com.co\/#website\"},\"primaryImageOfPage\":{\"@id\":\"https:\/\/desayunosorpresa.com.co\/index.php\/product\/peluche-perro-buso-azul-2\/#primaryimage\"},\"datePublished\":\"2019-06-11T02:10:18+00:00\",\"dateModified\":\"2024-03-17T08:48:21+00:00\",\"breadcrumb\":{\"@id\":\"https:\/\/desayunosorpresa.com.co\/index.php\/product\/peluche-perro-buso-azul-2\/#breadcrumb\"},\"inLanguage\":\"es\",\"potentialAction\":[{\"@type\":\"ReadAction\",\"target\":[\"https:\/\/desayunosorpresa.com.co\/index.php\/product\/peluche-perro-buso-azul-2\/\"]}]},{\"@type\":\"BreadcrumbList\",\"@id\":\"https:\/\/desayunosorpresa.com.co\/index.php\/product\/peluche-perro-buso-azul-2\/#breadcrumb\",\"itemListElement\":[{\"@type\":\"ListItem\",\"position\":1,\"name\":\"Portada\",\"item\":\"https:\/\/desayunosorpresa.com.co\/\"},{\"@type\":\"ListItem\",\"position\":2,\"name\":\"Shop\",\"item\":\"https:\/\/desayunosorpresa.com.co\/index.php\/shop\/\"},{\"@type\":\"ListItem\",\"position\":3,\"name\":\"PELUCHES PERSONAJES INFANTILES\"}]}]}<\/script>\n<!-- \/ Yoast SEO plugin. -->","yoast_head_json":{"title":"PELUCHES PERSONAJES INFANTILES - Desayunos sorpresa en Bogot\u00e1 servicio a Domicilio","robots":{"index":"index","follow":"follow","max-snippet":"max-snippet:-1","max-image-preview":"max-image-preview:large","max-video-preview":"max-video-preview:-1"},"canonical":"https:\/\/desayunosorpresa.com.co\/index.php\/product\/peluche-perro-buso-azul-2\/","og_locale":"es_ES","og_type":"article","og_title":"PELUCHES PERSONAJES INFANTILES - Desayunos sorpresa en Bogot\u00e1 servicio a Domicilio","og_description":"lindos peluches para adicionar a tus desayunos\u00a0 Hermosos Super h\u00e9roes\u00a0de peluche,18\u00a0 cms aprox. Spiderman, Capit\u00e1n Am\u00e9rica, Hulk y Ironman. FAVOR CONFIRMAR DISPONIBILIDAD ANTES DE DAR CLICK EN COMPRAR, GRACIAS!","og_url":"https:\/\/desayunosorpresa.com.co\/index.php\/product\/peluche-perro-buso-azul-2\/","og_site_name":"Desayunos sorpresa en Bogot\u00e1 servicio a Domicilio","article_publisher":"https:\/\/www.facebook.com\/desayunosorpresa.com.co\/","article_modified_time":"2024-03-17T08:48:21+00:00","og_image":[{"width":600,"height":600,"url":"https:\/\/desayunosorpresa.com.co\/wp-content\/uploads\/2019\/06\/personajes-super-heroes-peluches.jpg","type":"image\/jpeg"}],"twitter_card":"summary_large_image","schema":{"@context":"https:\/\/schema.org","@graph":[{"@type":"Organization","@id":"https:\/\/desayunosorpresa.com.co\/#organization","name":"desayunosorpresa.com.co","url":"https:\/\/desayunosorpresa.com.co\/","sameAs":["https:\/\/www.facebook.com\/desayunosorpresa.com.co\/","https:\/\/www.instagram.com\/explore\/?hl=es"],"logo":{"@type":"ImageObject","@id":"https:\/\/desayunosorpresa.com.co\/#logo","inLanguage":"es","url":"http:\/\/desayunosorpresa.com.co\/wp-content\/uploads\/2019\/06\/desayuno-dia-del-padre-para-papa-13.jpg","contentUrl":"http:\/\/desayunosorpresa.com.co\/wp-content\/uploads\/2019\/06\/desayuno-dia-del-padre-para-papa-13.jpg","width":1200,"height":900,"caption":"desayunosorpresa.com.co"},"image":{"@id":"https:\/\/desayunosorpresa.com.co\/#logo"}},{"@type":"WebSite","@id":"https:\/\/desayunosorpresa.com.co\/#website","url":"https:\/\/desayunosorpresa.com.co\/","name":"Desayunos sorpresa en Bogot\u00e1 servicio a Domicilio","description":"Regalale a esa persona especial un desayuno sorpresa con mucho amor \u2705","publisher":{"@id":"https:\/\/desayunosorpresa.com.co\/#organization"},"potentialAction":[{"@type":"SearchAction","target":{"@type":"EntryPoint","urlTemplate":"https:\/\/desayunosorpresa.com.co\/?s={search_term_string}"},"query-input":"required name=search_term_string"}],"inLanguage":"es"},{"@type":"ImageObject","@id":"https:\/\/desayunosorpresa.com.co\/index.php\/product\/peluche-perro-buso-azul-2\/#primaryimage","inLanguage":"es","url":"https:\/\/desayunosorpresa.com.co\/wp-content\/uploads\/2019\/06\/personajes-super-heroes-peluches.jpg","contentUrl":"https:\/\/desayunosorpresa.com.co\/wp-content\/uploads\/2019\/06\/personajes-super-heroes-peluches.jpg","width":600,"height":600,"caption":"peluches para adicionar a tus detalles y desayunos sorpresa"},{"@type":"WebPage","@id":"https:\/\/desayunosorpresa.com.co\/index.php\/product\/peluche-perro-buso-azul-2\/#webpage","url":"https:\/\/desayunosorpresa.com.co\/index.php\/product\/peluche-perro-buso-azul-2\/","name":"PELUCHES PERSONAJES INFANTILES - Desayunos sorpresa en Bogot\u00e1 servicio a Domicilio","isPartOf":{"@id":"https:\/\/desayunosorpresa.com.co\/#website"},"primaryImageOfPage":{"@id":"https:\/\/desayunosorpresa.com.co\/index.php\/product\/peluche-perro-buso-azul-2\/#primaryimage"},"datePublished":"2019-06-11T02:10:18+00:00","dateModified":"2024-03-17T08:48:21+00:00","breadcrumb":{"@id":"https:\/\/desayunosorpresa.com.co\/index.php\/product\/peluche-perro-buso-azul-2\/#breadcrumb"},"inLanguage":"es","potentialAction":[{"@type":"ReadAction","target":["https:\/\/desayunosorpresa.com.co\/index.php\/product\/peluche-perro-buso-azul-2\/"]}]},{"@type":"BreadcrumbList","@id":"https:\/\/desayunosorpresa.com.co\/index.php\/product\/peluche-perro-buso-azul-2\/#breadcrumb","itemListElement":[{"@type":"ListItem","position":1,"name":"Portada","item":"https:\/\/desayunosorpresa.com.co\/"},{"@type":"ListItem","position":2,"name":"Shop","item":"https:\/\/desayunosorpresa.com.co\/index.php\/shop\/"},{"@type":"ListItem","position":3,"name":"PELUCHES PERSONAJES INFANTILES"}]}]}},"_links":{"self":[{"href":"https:\/\/desayunosorpresa.com.co\/index.php\/wp-json\/wp\/v2\/product\/1209"}],"collection":[{"href":"https:\/\/desayunosorpresa.com.co\/index.php\/wp-json\/wp\/v2\/product"}],"about":[{"href":"https:\/\/desayunosorpresa.com.co\/index.php\/wp-json\/wp\/v2\/types\/product"}],"replies":[{"embeddable":true,"href":"https:\/\/desayunosorpresa.com.co\/index.php\/wp-json\/wp\/v2\/comments?post=1209"}],"wp:featuredmedia":[{"embeddable":true,"href":"https:\/\/desayunosorpresa.com.co\/index.php\/wp-json\/wp\/v2\/media\/1676"}],"wp:attachment":[{"href":"https:\/\/desayunosorpresa.com.co\/index.php\/wp-json\/wp\/v2\/media?parent=1209"}],"wp:term":[{"taxonomy":"product_cat","embeddable":true,"href":"https:\/\/desayunosorpresa.com.co\/index.php\/wp-json\/wp\/v2\/product_cat?post=1209"},{"taxonomy":"product_tag","embeddable":true,"href":"https:\/\/desayunosorpresa.com.co\/index.php\/wp-json\/wp\/v2\/product_tag?post=1209"}],"curies":[{"name":"wp","href":"https:\/\/api.w.org\/{rel}","templated":true}]}}