{"id":1936,"date":"2022-04-11T21:19:27","date_gmt":"2022-04-12T02:19:27","guid":{"rendered":"http:\/\/desayunosorpresa.com.co\/?post_type=product&#038;p=1936"},"modified":"2024-03-16T21:41:29","modified_gmt":"2024-03-17T02:41:29","slug":"desayuno-sorpresa-globo-burbuja-feliz-dia","status":"publish","type":"product","link":"https:\/\/desayunosorpresa.com.co\/index.php\/product\/desayuno-sorpresa-globo-burbuja-feliz-dia\/","title":{"rendered":"DESAYUNO SORPRESA GLOBO BURBUJA FELIZ DIA"},"content":{"rendered":"<p>Regala este espectacular desayuno en aquellas ocasiones, eventos o reuniones especiales y haz de estos, un d\u00eda inolvidable. Comparte bellos momentos con tus seres queridos, familiares o amigos, y demu\u00e9strales as\u00ed, lo mucho que te importan.<\/p>\n<p>En Desayunosorpresa.com.co queremos hacer que cada momento sea inolvidable. Por eso, las sorpresas que te ofrecemos, tienen siempre productos de la mejor calidad, ya que no es s\u00f3lo un detalle o un desayuno, sino que les est\u00e1s dando un hermoso recuerdo a los que amas.<\/p>\n<p>&nbsp;<\/p>\n","protected":false},"excerpt":{"rendered":"<p>Este Super Detalle Contiene:<\/p>\n<p>Balde en madera\u00a0 decorado con mo\u00f1os en tela ( color a elegir)<\/p>\n<p>3 coronitas decoradas con mo\u00f1os<\/p>\n<p>Man\u00ed la especial<\/p>\n<p>Chocolatina Hershey\u00a0 grande<\/p>\n<p>T\u00e9 Hatsu<\/p>\n<p>Salchichas en lata Zen\u00fa<\/p>\n<p>Dulces en botella<\/p>\n<p>Ferreros x 3<\/p>\n<p>Peluche viejito up<\/p>\n<p>Globo burbuja<\/p>\n<p>Mantel en tela (Color a elegir)<\/p>\n<p>Tarjeta con mensaje personalizado.<\/p>\n<p>&nbsp;<\/p>\n","protected":false},"featured_media":1942,"comment_status":"open","ping_status":"closed","template":"","meta":[],"product_cat":[71,69],"product_tag":[],"yoast_head":"<!-- This site is optimized with the Yoast SEO plugin v18.3 - https:\/\/yoast.com\/wordpress\/plugins\/seo\/ -->\n<title>DESAYUNO SORPRESA GLOBO BURBUJA FELIZ DIA - Desayunos sorpresa en Bogot\u00e1 servicio a Domicilio<\/title>\n<meta name=\"description\" content=\"detalle sorpresa d\u00eda del hombre d\u00eda del padre feliz d\u00eda hombres peluche viejito up\" \/>\n<meta name=\"robots\" content=\"index, follow, max-snippet:-1, max-image-preview:large, max-video-preview:-1\" \/>\n<link rel=\"canonical\" href=\"https:\/\/desayunosorpresa.com.co\/index.php\/product\/desayuno-sorpresa-globo-burbuja-feliz-dia\/\" \/>\n<meta property=\"og:locale\" content=\"es_ES\" \/>\n<meta property=\"og:type\" content=\"article\" \/>\n<meta property=\"og:title\" content=\"DESAYUNO SORPRESA GLOBO BURBUJA FELIZ DIA - Desayunos sorpresa en Bogot\u00e1 servicio a Domicilio\" \/>\n<meta property=\"og:description\" content=\"detalle sorpresa d\u00eda del hombre d\u00eda del padre feliz d\u00eda hombres peluche viejito up\" \/>\n<meta property=\"og:url\" content=\"https:\/\/desayunosorpresa.com.co\/index.php\/product\/desayuno-sorpresa-globo-burbuja-feliz-dia\/\" \/>\n<meta property=\"og:site_name\" content=\"Desayunos sorpresa en Bogot\u00e1 servicio a Domicilio\" \/>\n<meta property=\"article:publisher\" content=\"https:\/\/www.facebook.com\/desayunosorpresa.com.co\/\" \/>\n<meta property=\"article:modified_time\" content=\"2024-03-17T02:41:29+00:00\" \/>\n<meta property=\"og:image\" content=\"https:\/\/desayunosorpresa.com.co\/wp-content\/uploads\/2022\/04\/desayuno-sorpresa-globo-burbuja-viejito-up-coronitas.jpg\" \/>\n\t<meta property=\"og:image:width\" content=\"1234\" \/>\n\t<meta property=\"og:image:height\" content=\"1600\" \/>\n\t<meta property=\"og:image:type\" content=\"image\/jpeg\" \/>\n<meta name=\"twitter:card\" content=\"summary_large_image\" \/>\n<meta name=\"twitter:label1\" content=\"Tiempo de lectura\" \/>\n\t<meta name=\"twitter:data1\" content=\"1 minuto\" \/>\n<script type=\"application\/ld+json\" class=\"yoast-schema-graph\">{\"@context\":\"https:\/\/schema.org\",\"@graph\":[{\"@type\":\"Organization\",\"@id\":\"https:\/\/desayunosorpresa.com.co\/#organization\",\"name\":\"desayunosorpresa.com.co\",\"url\":\"https:\/\/desayunosorpresa.com.co\/\",\"sameAs\":[\"https:\/\/www.facebook.com\/desayunosorpresa.com.co\/\",\"https:\/\/www.instagram.com\/explore\/?hl=es\"],\"logo\":{\"@type\":\"ImageObject\",\"@id\":\"https:\/\/desayunosorpresa.com.co\/#logo\",\"inLanguage\":\"es\",\"url\":\"http:\/\/desayunosorpresa.com.co\/wp-content\/uploads\/2019\/06\/desayuno-dia-del-padre-para-papa-13.jpg\",\"contentUrl\":\"http:\/\/desayunosorpresa.com.co\/wp-content\/uploads\/2019\/06\/desayuno-dia-del-padre-para-papa-13.jpg\",\"width\":1200,\"height\":900,\"caption\":\"desayunosorpresa.com.co\"},\"image\":{\"@id\":\"https:\/\/desayunosorpresa.com.co\/#logo\"}},{\"@type\":\"WebSite\",\"@id\":\"https:\/\/desayunosorpresa.com.co\/#website\",\"url\":\"https:\/\/desayunosorpresa.com.co\/\",\"name\":\"Desayunos sorpresa en Bogot\u00e1 servicio a Domicilio\",\"description\":\"Regalale a esa persona especial un desayuno sorpresa con mucho amor \u2705\",\"publisher\":{\"@id\":\"https:\/\/desayunosorpresa.com.co\/#organization\"},\"potentialAction\":[{\"@type\":\"SearchAction\",\"target\":{\"@type\":\"EntryPoint\",\"urlTemplate\":\"https:\/\/desayunosorpresa.com.co\/?s={search_term_string}\"},\"query-input\":\"required name=search_term_string\"}],\"inLanguage\":\"es\"},{\"@type\":\"ImageObject\",\"@id\":\"https:\/\/desayunosorpresa.com.co\/index.php\/product\/desayuno-sorpresa-globo-burbuja-feliz-dia\/#primaryimage\",\"inLanguage\":\"es\",\"url\":\"https:\/\/desayunosorpresa.com.co\/wp-content\/uploads\/2022\/04\/desayuno-sorpresa-globo-burbuja-viejito-up-coronitas.jpg\",\"contentUrl\":\"https:\/\/desayunosorpresa.com.co\/wp-content\/uploads\/2022\/04\/desayuno-sorpresa-globo-burbuja-viejito-up-coronitas.jpg\",\"width\":1234,\"height\":1600,\"caption\":\"detalle para papa para hombre\"},{\"@type\":\"WebPage\",\"@id\":\"https:\/\/desayunosorpresa.com.co\/index.php\/product\/desayuno-sorpresa-globo-burbuja-feliz-dia\/#webpage\",\"url\":\"https:\/\/desayunosorpresa.com.co\/index.php\/product\/desayuno-sorpresa-globo-burbuja-feliz-dia\/\",\"name\":\"DESAYUNO SORPRESA GLOBO BURBUJA FELIZ DIA - Desayunos sorpresa en Bogot\u00e1 servicio a Domicilio\",\"isPartOf\":{\"@id\":\"https:\/\/desayunosorpresa.com.co\/#website\"},\"primaryImageOfPage\":{\"@id\":\"https:\/\/desayunosorpresa.com.co\/index.php\/product\/desayuno-sorpresa-globo-burbuja-feliz-dia\/#primaryimage\"},\"datePublished\":\"2022-04-12T02:19:27+00:00\",\"dateModified\":\"2024-03-17T02:41:29+00:00\",\"description\":\"detalle sorpresa d\u00eda del hombre d\u00eda del padre feliz d\u00eda hombres peluche viejito up\",\"breadcrumb\":{\"@id\":\"https:\/\/desayunosorpresa.com.co\/index.php\/product\/desayuno-sorpresa-globo-burbuja-feliz-dia\/#breadcrumb\"},\"inLanguage\":\"es\",\"potentialAction\":[{\"@type\":\"ReadAction\",\"target\":[\"https:\/\/desayunosorpresa.com.co\/index.php\/product\/desayuno-sorpresa-globo-burbuja-feliz-dia\/\"]}]},{\"@type\":\"BreadcrumbList\",\"@id\":\"https:\/\/desayunosorpresa.com.co\/index.php\/product\/desayuno-sorpresa-globo-burbuja-feliz-dia\/#breadcrumb\",\"itemListElement\":[{\"@type\":\"ListItem\",\"position\":1,\"name\":\"Portada\",\"item\":\"https:\/\/desayunosorpresa.com.co\/\"},{\"@type\":\"ListItem\",\"position\":2,\"name\":\"Shop\",\"item\":\"https:\/\/desayunosorpresa.com.co\/index.php\/shop\/\"},{\"@type\":\"ListItem\",\"position\":3,\"name\":\"DESAYUNO SORPRESA GLOBO BURBUJA FELIZ DIA\"}]}]}<\/script>\n<!-- \/ Yoast SEO plugin. -->","yoast_head_json":{"title":"DESAYUNO SORPRESA GLOBO BURBUJA FELIZ DIA - Desayunos sorpresa en Bogot\u00e1 servicio a Domicilio","description":"detalle sorpresa d\u00eda del hombre d\u00eda del padre feliz d\u00eda hombres peluche viejito up","robots":{"index":"index","follow":"follow","max-snippet":"max-snippet:-1","max-image-preview":"max-image-preview:large","max-video-preview":"max-video-preview:-1"},"canonical":"https:\/\/desayunosorpresa.com.co\/index.php\/product\/desayuno-sorpresa-globo-burbuja-feliz-dia\/","og_locale":"es_ES","og_type":"article","og_title":"DESAYUNO SORPRESA GLOBO BURBUJA FELIZ DIA - Desayunos sorpresa en Bogot\u00e1 servicio a Domicilio","og_description":"detalle sorpresa d\u00eda del hombre d\u00eda del padre feliz d\u00eda hombres peluche viejito up","og_url":"https:\/\/desayunosorpresa.com.co\/index.php\/product\/desayuno-sorpresa-globo-burbuja-feliz-dia\/","og_site_name":"Desayunos sorpresa en Bogot\u00e1 servicio a Domicilio","article_publisher":"https:\/\/www.facebook.com\/desayunosorpresa.com.co\/","article_modified_time":"2024-03-17T02:41:29+00:00","og_image":[{"width":1234,"height":1600,"url":"https:\/\/desayunosorpresa.com.co\/wp-content\/uploads\/2022\/04\/desayuno-sorpresa-globo-burbuja-viejito-up-coronitas.jpg","type":"image\/jpeg"}],"twitter_card":"summary_large_image","twitter_misc":{"Tiempo de lectura":"1 minuto"},"schema":{"@context":"https:\/\/schema.org","@graph":[{"@type":"Organization","@id":"https:\/\/desayunosorpresa.com.co\/#organization","name":"desayunosorpresa.com.co","url":"https:\/\/desayunosorpresa.com.co\/","sameAs":["https:\/\/www.facebook.com\/desayunosorpresa.com.co\/","https:\/\/www.instagram.com\/explore\/?hl=es"],"logo":{"@type":"ImageObject","@id":"https:\/\/desayunosorpresa.com.co\/#logo","inLanguage":"es","url":"http:\/\/desayunosorpresa.com.co\/wp-content\/uploads\/2019\/06\/desayuno-dia-del-padre-para-papa-13.jpg","contentUrl":"http:\/\/desayunosorpresa.com.co\/wp-content\/uploads\/2019\/06\/desayuno-dia-del-padre-para-papa-13.jpg","width":1200,"height":900,"caption":"desayunosorpresa.com.co"},"image":{"@id":"https:\/\/desayunosorpresa.com.co\/#logo"}},{"@type":"WebSite","@id":"https:\/\/desayunosorpresa.com.co\/#website","url":"https:\/\/desayunosorpresa.com.co\/","name":"Desayunos sorpresa en Bogot\u00e1 servicio a Domicilio","description":"Regalale a esa persona especial un desayuno sorpresa con mucho amor \u2705","publisher":{"@id":"https:\/\/desayunosorpresa.com.co\/#organization"},"potentialAction":[{"@type":"SearchAction","target":{"@type":"EntryPoint","urlTemplate":"https:\/\/desayunosorpresa.com.co\/?s={search_term_string}"},"query-input":"required name=search_term_string"}],"inLanguage":"es"},{"@type":"ImageObject","@id":"https:\/\/desayunosorpresa.com.co\/index.php\/product\/desayuno-sorpresa-globo-burbuja-feliz-dia\/#primaryimage","inLanguage":"es","url":"https:\/\/desayunosorpresa.com.co\/wp-content\/uploads\/2022\/04\/desayuno-sorpresa-globo-burbuja-viejito-up-coronitas.jpg","contentUrl":"https:\/\/desayunosorpresa.com.co\/wp-content\/uploads\/2022\/04\/desayuno-sorpresa-globo-burbuja-viejito-up-coronitas.jpg","width":1234,"height":1600,"caption":"detalle para papa para hombre"},{"@type":"WebPage","@id":"https:\/\/desayunosorpresa.com.co\/index.php\/product\/desayuno-sorpresa-globo-burbuja-feliz-dia\/#webpage","url":"https:\/\/desayunosorpresa.com.co\/index.php\/product\/desayuno-sorpresa-globo-burbuja-feliz-dia\/","name":"DESAYUNO SORPRESA GLOBO BURBUJA FELIZ DIA - Desayunos sorpresa en Bogot\u00e1 servicio a Domicilio","isPartOf":{"@id":"https:\/\/desayunosorpresa.com.co\/#website"},"primaryImageOfPage":{"@id":"https:\/\/desayunosorpresa.com.co\/index.php\/product\/desayuno-sorpresa-globo-burbuja-feliz-dia\/#primaryimage"},"datePublished":"2022-04-12T02:19:27+00:00","dateModified":"2024-03-17T02:41:29+00:00","description":"detalle sorpresa d\u00eda del hombre d\u00eda del padre feliz d\u00eda hombres peluche viejito up","breadcrumb":{"@id":"https:\/\/desayunosorpresa.com.co\/index.php\/product\/desayuno-sorpresa-globo-burbuja-feliz-dia\/#breadcrumb"},"inLanguage":"es","potentialAction":[{"@type":"ReadAction","target":["https:\/\/desayunosorpresa.com.co\/index.php\/product\/desayuno-sorpresa-globo-burbuja-feliz-dia\/"]}]},{"@type":"BreadcrumbList","@id":"https:\/\/desayunosorpresa.com.co\/index.php\/product\/desayuno-sorpresa-globo-burbuja-feliz-dia\/#breadcrumb","itemListElement":[{"@type":"ListItem","position":1,"name":"Portada","item":"https:\/\/desayunosorpresa.com.co\/"},{"@type":"ListItem","position":2,"name":"Shop","item":"https:\/\/desayunosorpresa.com.co\/index.php\/shop\/"},{"@type":"ListItem","position":3,"name":"DESAYUNO SORPRESA GLOBO BURBUJA FELIZ DIA"}]}]}},"_links":{"self":[{"href":"https:\/\/desayunosorpresa.com.co\/index.php\/wp-json\/wp\/v2\/product\/1936"}],"collection":[{"href":"https:\/\/desayunosorpresa.com.co\/index.php\/wp-json\/wp\/v2\/product"}],"about":[{"href":"https:\/\/desayunosorpresa.com.co\/index.php\/wp-json\/wp\/v2\/types\/product"}],"replies":[{"embeddable":true,"href":"https:\/\/desayunosorpresa.com.co\/index.php\/wp-json\/wp\/v2\/comments?post=1936"}],"wp:featuredmedia":[{"embeddable":true,"href":"https:\/\/desayunosorpresa.com.co\/index.php\/wp-json\/wp\/v2\/media\/1942"}],"wp:attachment":[{"href":"https:\/\/desayunosorpresa.com.co\/index.php\/wp-json\/wp\/v2\/media?parent=1936"}],"wp:term":[{"taxonomy":"product_cat","embeddable":true,"href":"https:\/\/desayunosorpresa.com.co\/index.php\/wp-json\/wp\/v2\/product_cat?post=1936"},{"taxonomy":"product_tag","embeddable":true,"href":"https:\/\/desayunosorpresa.com.co\/index.php\/wp-json\/wp\/v2\/product_tag?post=1936"}],"curies":[{"name":"wp","href":"https:\/\/api.w.org\/{rel}","templated":true}]}}