{"id":305,"date":"2017-12-04T15:49:43","date_gmt":"2017-12-04T15:49:43","guid":{"rendered":"http:\/\/demo.acmethemes.com\/online-shop\/?post_type=product&#038;p=305"},"modified":"2022-03-14T17:57:31","modified_gmt":"2022-03-14T22:57:31","slug":"desayuno-cumpleanos-sorpresa","status":"publish","type":"product","link":"https:\/\/desayunosorpresa.com.co\/index.php\/product\/desayuno-cumpleanos-sorpresa\/","title":{"rendered":"DESAYUNO FELIZ CUMPLEA\u00d1OS INFANTIL FORNITE"},"content":{"rendered":"<p>Este desayuno sorpresa no es un regalo cualquiera, porque se trata del regalo m\u00e1s dulce y encantador. Para esa persona tan especial para ti\u2026 regala momentos de felicidad con desayuno sorpresa.<br \/>\n\u00a1D\u00e9janos ser parte de esta hermosa experiencia!!!<\/p>\n<p>Recuerda que puedes elegir:<\/p>\n<p>\u2022El color de mantel, cintas y mo\u00f1os<br \/>\n\u2022Globo seg\u00fan ocasi\u00f3n<br \/>\n\u2022Caja seg\u00fan ocasi\u00f3n<br \/>\n\u2022Acompa\u00f1amiento (queso con jam\u00f3n, s\u00e1ndwich huevos al gusto, tamal o pan de yuca con bu\u00f1uelo)<br \/>\nPara mayor informaci\u00f3n consulta un asesor o escr\u00edbenos v\u00eda WhatsApp al 3214411612<\/p>\n","protected":false},"excerpt":{"rendered":"<p>DESCRIPCI\u00d3N:<\/p>\n<p>\u00a1Este desayuno es empacado en una hermosa caja feliz cumplea\u00f1os.<br \/>\n\u00a1Aprovecha estas super opciones para esa persona tan especial!!!<\/p>\n<p>Este S\u00faper detalle contiene:<\/p>\n<p>\u2022Caja personalizada<br \/>\n\u2022Globo metalizado feliz cumplea\u00f1os<br \/>\n\u2022Sandwich jam\u00f3n de cerdo con queso<br \/>\n\u2022Fresas con kiwi\u00a0 en empaque<br \/>\n\u2022Bon yurt<br \/>\n\u2022Jugo de pera california<br \/>\n\u2022Avena alquer\u00eda<br \/>\n\u2022Man\u00ed con uvas pasas<br \/>\n\u2022Arequipe alpina<br \/>\n\u2022Golosina gomitas trululu<br \/>\n\u2022Ponqu\u00e9 bimbo<br \/>\n\u2022Mo\u00f1os\u00a0 decorativo<br \/>\n\u2022Tarjeta personalizada<\/p>\n<p>&nbsp;<\/p>\n","protected":false},"featured_media":1851,"comment_status":"closed","ping_status":"closed","template":"","meta":[],"product_cat":[89,62],"product_tag":[99,121,113,65,122,120,124,125,102],"yoast_head":"<!-- This site is optimized with the Yoast SEO plugin v18.3 - https:\/\/yoast.com\/wordpress\/plugins\/seo\/ -->\n<title>DESAYUNO FELIZ CUMPLEA\u00d1OS INFANTIL FORNITE - Desayunos sorpresa en Bogot\u00e1 servicio a Domicilio<\/title>\n<meta name=\"robots\" content=\"index, follow, max-snippet:-1, max-image-preview:large, max-video-preview:-1\" \/>\n<link rel=\"canonical\" href=\"https:\/\/desayunosorpresa.com.co\/index.php\/product\/desayuno-cumpleanos-sorpresa\/\" \/>\n<meta property=\"og:locale\" content=\"es_ES\" \/>\n<meta property=\"og:type\" content=\"article\" \/>\n<meta property=\"og:title\" content=\"DESAYUNO FELIZ CUMPLEA\u00d1OS INFANTIL FORNITE - Desayunos sorpresa en Bogot\u00e1 servicio a Domicilio\" \/>\n<meta property=\"og:description\" content=\"DESCRIPCI\u00d3N:  \u00a1Este desayuno es empacado en una hermosa caja feliz cumplea\u00f1os. \u00a1Aprovecha estas super opciones para esa persona tan especial!!!  Este S\u00faper detalle contiene:  \u2022Caja personalizada \u2022Globo metalizado feliz cumplea\u00f1os \u2022Sandwich jam\u00f3n de cerdo con queso \u2022Fresas con kiwi\u00a0 en empaque \u2022Bon yurt \u2022Jugo de pera california \u2022Avena alquer\u00eda \u2022Man\u00ed con uvas pasas \u2022Arequipe alpina \u2022Golosina gomitas trululu \u2022Ponqu\u00e9 bimbo \u2022Mo\u00f1os\u00a0 decorativo \u2022Tarjeta personalizada  &nbsp;\" \/>\n<meta property=\"og:url\" content=\"https:\/\/desayunosorpresa.com.co\/index.php\/product\/desayuno-cumpleanos-sorpresa\/\" \/>\n<meta property=\"og:site_name\" content=\"Desayunos sorpresa en Bogot\u00e1 servicio a Domicilio\" \/>\n<meta property=\"article:publisher\" content=\"https:\/\/www.facebook.com\/desayunosorpresa.com.co\/\" \/>\n<meta property=\"article:modified_time\" content=\"2022-03-14T22:57:31+00:00\" \/>\n<meta property=\"og:image\" content=\"https:\/\/desayunosorpresa.com.co\/wp-content\/uploads\/2017\/12\/desayuno-sorpresa-fornite-para-ninos-en-bogota-cumpleanos.jpg\" \/>\n\t<meta property=\"og:image:width\" content=\"1449\" \/>\n\t<meta property=\"og:image:height\" content=\"1600\" \/>\n\t<meta property=\"og:image:type\" content=\"image\/jpeg\" \/>\n<meta name=\"twitter:card\" content=\"summary_large_image\" \/>\n<script type=\"application\/ld+json\" class=\"yoast-schema-graph\">{\"@context\":\"https:\/\/schema.org\",\"@graph\":[{\"@type\":\"Organization\",\"@id\":\"https:\/\/desayunosorpresa.com.co\/#organization\",\"name\":\"desayunosorpresa.com.co\",\"url\":\"https:\/\/desayunosorpresa.com.co\/\",\"sameAs\":[\"https:\/\/www.facebook.com\/desayunosorpresa.com.co\/\",\"https:\/\/www.instagram.com\/explore\/?hl=es\"],\"logo\":{\"@type\":\"ImageObject\",\"@id\":\"https:\/\/desayunosorpresa.com.co\/#logo\",\"inLanguage\":\"es\",\"url\":\"http:\/\/desayunosorpresa.com.co\/wp-content\/uploads\/2019\/06\/desayuno-dia-del-padre-para-papa-13.jpg\",\"contentUrl\":\"http:\/\/desayunosorpresa.com.co\/wp-content\/uploads\/2019\/06\/desayuno-dia-del-padre-para-papa-13.jpg\",\"width\":1200,\"height\":900,\"caption\":\"desayunosorpresa.com.co\"},\"image\":{\"@id\":\"https:\/\/desayunosorpresa.com.co\/#logo\"}},{\"@type\":\"WebSite\",\"@id\":\"https:\/\/desayunosorpresa.com.co\/#website\",\"url\":\"https:\/\/desayunosorpresa.com.co\/\",\"name\":\"Desayunos sorpresa en Bogot\u00e1 servicio a Domicilio\",\"description\":\"Regalale a esa persona especial un desayuno sorpresa con mucho amor \u2705\",\"publisher\":{\"@id\":\"https:\/\/desayunosorpresa.com.co\/#organization\"},\"potentialAction\":[{\"@type\":\"SearchAction\",\"target\":{\"@type\":\"EntryPoint\",\"urlTemplate\":\"https:\/\/desayunosorpresa.com.co\/?s={search_term_string}\"},\"query-input\":\"required name=search_term_string\"}],\"inLanguage\":\"es\"},{\"@type\":\"ImageObject\",\"@id\":\"https:\/\/desayunosorpresa.com.co\/index.php\/product\/desayuno-cumpleanos-sorpresa\/#primaryimage\",\"inLanguage\":\"es\",\"url\":\"https:\/\/desayunosorpresa.com.co\/wp-content\/uploads\/2017\/12\/desayuno-sorpresa-fornite-para-ninos-en-bogota-cumpleanos.jpg\",\"contentUrl\":\"https:\/\/desayunosorpresa.com.co\/wp-content\/uploads\/2017\/12\/desayuno-sorpresa-fornite-para-ninos-en-bogota-cumpleanos.jpg\",\"width\":1449,\"height\":1600,\"caption\":\"desayuno sorpresa en bogot\u00e1 para ni\u00f1os infantil cumplea\u00f1os fornite econ\u00f3mico\"},{\"@type\":\"WebPage\",\"@id\":\"https:\/\/desayunosorpresa.com.co\/index.php\/product\/desayuno-cumpleanos-sorpresa\/#webpage\",\"url\":\"https:\/\/desayunosorpresa.com.co\/index.php\/product\/desayuno-cumpleanos-sorpresa\/\",\"name\":\"DESAYUNO FELIZ CUMPLEA\u00d1OS INFANTIL FORNITE - Desayunos sorpresa en Bogot\u00e1 servicio a Domicilio\",\"isPartOf\":{\"@id\":\"https:\/\/desayunosorpresa.com.co\/#website\"},\"primaryImageOfPage\":{\"@id\":\"https:\/\/desayunosorpresa.com.co\/index.php\/product\/desayuno-cumpleanos-sorpresa\/#primaryimage\"},\"datePublished\":\"2017-12-04T15:49:43+00:00\",\"dateModified\":\"2022-03-14T22:57:31+00:00\",\"breadcrumb\":{\"@id\":\"https:\/\/desayunosorpresa.com.co\/index.php\/product\/desayuno-cumpleanos-sorpresa\/#breadcrumb\"},\"inLanguage\":\"es\",\"potentialAction\":[{\"@type\":\"ReadAction\",\"target\":[\"https:\/\/desayunosorpresa.com.co\/index.php\/product\/desayuno-cumpleanos-sorpresa\/\"]}]},{\"@type\":\"BreadcrumbList\",\"@id\":\"https:\/\/desayunosorpresa.com.co\/index.php\/product\/desayuno-cumpleanos-sorpresa\/#breadcrumb\",\"itemListElement\":[{\"@type\":\"ListItem\",\"position\":1,\"name\":\"Portada\",\"item\":\"https:\/\/desayunosorpresa.com.co\/\"},{\"@type\":\"ListItem\",\"position\":2,\"name\":\"Shop\",\"item\":\"https:\/\/desayunosorpresa.com.co\/index.php\/shop\/\"},{\"@type\":\"ListItem\",\"position\":3,\"name\":\"DESAYUNO FELIZ CUMPLEA\u00d1OS INFANTIL FORNITE\"}]}]}<\/script>\n<!-- \/ Yoast SEO plugin. -->","yoast_head_json":{"title":"DESAYUNO FELIZ CUMPLEA\u00d1OS INFANTIL FORNITE - Desayunos sorpresa en Bogot\u00e1 servicio a Domicilio","robots":{"index":"index","follow":"follow","max-snippet":"max-snippet:-1","max-image-preview":"max-image-preview:large","max-video-preview":"max-video-preview:-1"},"canonical":"https:\/\/desayunosorpresa.com.co\/index.php\/product\/desayuno-cumpleanos-sorpresa\/","og_locale":"es_ES","og_type":"article","og_title":"DESAYUNO FELIZ CUMPLEA\u00d1OS INFANTIL FORNITE - Desayunos sorpresa en Bogot\u00e1 servicio a Domicilio","og_description":"DESCRIPCI\u00d3N:  \u00a1Este desayuno es empacado en una hermosa caja feliz cumplea\u00f1os. \u00a1Aprovecha estas super opciones para esa persona tan especial!!!  Este S\u00faper detalle contiene:  \u2022Caja personalizada \u2022Globo metalizado feliz cumplea\u00f1os \u2022Sandwich jam\u00f3n de cerdo con queso \u2022Fresas con kiwi\u00a0 en empaque \u2022Bon yurt \u2022Jugo de pera california \u2022Avena alquer\u00eda \u2022Man\u00ed con uvas pasas \u2022Arequipe alpina \u2022Golosina gomitas trululu \u2022Ponqu\u00e9 bimbo \u2022Mo\u00f1os\u00a0 decorativo \u2022Tarjeta personalizada  &nbsp;","og_url":"https:\/\/desayunosorpresa.com.co\/index.php\/product\/desayuno-cumpleanos-sorpresa\/","og_site_name":"Desayunos sorpresa en Bogot\u00e1 servicio a Domicilio","article_publisher":"https:\/\/www.facebook.com\/desayunosorpresa.com.co\/","article_modified_time":"2022-03-14T22:57:31+00:00","og_image":[{"width":1449,"height":1600,"url":"https:\/\/desayunosorpresa.com.co\/wp-content\/uploads\/2017\/12\/desayuno-sorpresa-fornite-para-ninos-en-bogota-cumpleanos.jpg","type":"image\/jpeg"}],"twitter_card":"summary_large_image","schema":{"@context":"https:\/\/schema.org","@graph":[{"@type":"Organization","@id":"https:\/\/desayunosorpresa.com.co\/#organization","name":"desayunosorpresa.com.co","url":"https:\/\/desayunosorpresa.com.co\/","sameAs":["https:\/\/www.facebook.com\/desayunosorpresa.com.co\/","https:\/\/www.instagram.com\/explore\/?hl=es"],"logo":{"@type":"ImageObject","@id":"https:\/\/desayunosorpresa.com.co\/#logo","inLanguage":"es","url":"http:\/\/desayunosorpresa.com.co\/wp-content\/uploads\/2019\/06\/desayuno-dia-del-padre-para-papa-13.jpg","contentUrl":"http:\/\/desayunosorpresa.com.co\/wp-content\/uploads\/2019\/06\/desayuno-dia-del-padre-para-papa-13.jpg","width":1200,"height":900,"caption":"desayunosorpresa.com.co"},"image":{"@id":"https:\/\/desayunosorpresa.com.co\/#logo"}},{"@type":"WebSite","@id":"https:\/\/desayunosorpresa.com.co\/#website","url":"https:\/\/desayunosorpresa.com.co\/","name":"Desayunos sorpresa en Bogot\u00e1 servicio a Domicilio","description":"Regalale a esa persona especial un desayuno sorpresa con mucho amor \u2705","publisher":{"@id":"https:\/\/desayunosorpresa.com.co\/#organization"},"potentialAction":[{"@type":"SearchAction","target":{"@type":"EntryPoint","urlTemplate":"https:\/\/desayunosorpresa.com.co\/?s={search_term_string}"},"query-input":"required name=search_term_string"}],"inLanguage":"es"},{"@type":"ImageObject","@id":"https:\/\/desayunosorpresa.com.co\/index.php\/product\/desayuno-cumpleanos-sorpresa\/#primaryimage","inLanguage":"es","url":"https:\/\/desayunosorpresa.com.co\/wp-content\/uploads\/2017\/12\/desayuno-sorpresa-fornite-para-ninos-en-bogota-cumpleanos.jpg","contentUrl":"https:\/\/desayunosorpresa.com.co\/wp-content\/uploads\/2017\/12\/desayuno-sorpresa-fornite-para-ninos-en-bogota-cumpleanos.jpg","width":1449,"height":1600,"caption":"desayuno sorpresa en bogot\u00e1 para ni\u00f1os infantil cumplea\u00f1os fornite econ\u00f3mico"},{"@type":"WebPage","@id":"https:\/\/desayunosorpresa.com.co\/index.php\/product\/desayuno-cumpleanos-sorpresa\/#webpage","url":"https:\/\/desayunosorpresa.com.co\/index.php\/product\/desayuno-cumpleanos-sorpresa\/","name":"DESAYUNO FELIZ CUMPLEA\u00d1OS INFANTIL FORNITE - Desayunos sorpresa en Bogot\u00e1 servicio a Domicilio","isPartOf":{"@id":"https:\/\/desayunosorpresa.com.co\/#website"},"primaryImageOfPage":{"@id":"https:\/\/desayunosorpresa.com.co\/index.php\/product\/desayuno-cumpleanos-sorpresa\/#primaryimage"},"datePublished":"2017-12-04T15:49:43+00:00","dateModified":"2022-03-14T22:57:31+00:00","breadcrumb":{"@id":"https:\/\/desayunosorpresa.com.co\/index.php\/product\/desayuno-cumpleanos-sorpresa\/#breadcrumb"},"inLanguage":"es","potentialAction":[{"@type":"ReadAction","target":["https:\/\/desayunosorpresa.com.co\/index.php\/product\/desayuno-cumpleanos-sorpresa\/"]}]},{"@type":"BreadcrumbList","@id":"https:\/\/desayunosorpresa.com.co\/index.php\/product\/desayuno-cumpleanos-sorpresa\/#breadcrumb","itemListElement":[{"@type":"ListItem","position":1,"name":"Portada","item":"https:\/\/desayunosorpresa.com.co\/"},{"@type":"ListItem","position":2,"name":"Shop","item":"https:\/\/desayunosorpresa.com.co\/index.php\/shop\/"},{"@type":"ListItem","position":3,"name":"DESAYUNO FELIZ CUMPLEA\u00d1OS INFANTIL FORNITE"}]}]}},"_links":{"self":[{"href":"https:\/\/desayunosorpresa.com.co\/index.php\/wp-json\/wp\/v2\/product\/305"}],"collection":[{"href":"https:\/\/desayunosorpresa.com.co\/index.php\/wp-json\/wp\/v2\/product"}],"about":[{"href":"https:\/\/desayunosorpresa.com.co\/index.php\/wp-json\/wp\/v2\/types\/product"}],"replies":[{"embeddable":true,"href":"https:\/\/desayunosorpresa.com.co\/index.php\/wp-json\/wp\/v2\/comments?post=305"}],"wp:featuredmedia":[{"embeddable":true,"href":"https:\/\/desayunosorpresa.com.co\/index.php\/wp-json\/wp\/v2\/media\/1851"}],"wp:attachment":[{"href":"https:\/\/desayunosorpresa.com.co\/index.php\/wp-json\/wp\/v2\/media?parent=305"}],"wp:term":[{"taxonomy":"product_cat","embeddable":true,"href":"https:\/\/desayunosorpresa.com.co\/index.php\/wp-json\/wp\/v2\/product_cat?post=305"},{"taxonomy":"product_tag","embeddable":true,"href":"https:\/\/desayunosorpresa.com.co\/index.php\/wp-json\/wp\/v2\/product_tag?post=305"}],"curies":[{"name":"wp","href":"https:\/\/api.w.org\/{rel}","templated":true}]}}