{"id":750,"date":"2019-05-28T21:46:47","date_gmt":"2019-05-29T02:46:47","guid":{"rendered":"http:\/\/desayunosorpresa.com.co\/?post_type=product&#038;p=750"},"modified":"2025-07-26T13:03:18","modified_gmt":"2025-07-26T18:03:18","slug":"desayuno-de-cumpleanos-para-mujer-mama","status":"publish","type":"product","link":"https:\/\/desayunosorpresa.com.co\/index.php\/product\/desayuno-de-cumpleanos-para-mujer-mama\/","title":{"rendered":"DESAYUNO FELIZ CUMPLEA\u00d1OS  MUJER"},"content":{"rendered":"<p>Este desayuno sorpresa no es un regalo cualquiera, porque se trata del regalo m\u00e1s dulce y encantador. Para esa persona tan especial para ti<\/p>\n<p>\u00a1D\u00e9janos ser parte de esta hermosa experiencia!!!<\/p>\n<p>Recuerda que puedes elegir:<\/p>\n<p>\u2022El color de mantel, cintas y mo\u00f1os<br \/>\n\u2022Globo seg\u00fan ocasi\u00f3n<br \/>\n\u2022Peluche del mismo valor. Opci\u00f3n varios motivos pedir im\u00e1genes al asesor<br \/>\n\u2022Acompa\u00f1amiento (queso con jam\u00f3n, s\u00e1ndwich huevos al gusto, tamal o pan de yuca con bu\u00f1uelo)<\/p>\n<p>Para mayor informaci\u00f3n consulta un asesor o escr\u00edbenos v\u00eda WhatsApp al 3214411612<\/p>\n","protected":false},"excerpt":{"rendered":"<p>DESCRIPCI\u00d3N:<\/p>\n<p>\u00a1Este desayuno es empacado en un hermoso guacal de madera pintada, forrado con papel celof\u00e1n y con un mo\u00f1o grande.<\/p>\n<p>Este S\u00faper Desayuno contiene:<\/p>\n<p>\u2022Peluche de tigre<br \/>\n\u2022Variedad de globos<br \/>\n\u2022Globo metalizado de feliz cumplea\u00f1os globo de ponqu\u00e9<br \/>\n\u2022Queso con jam\u00f3n<br \/>\n\u2022Fruta picada (fresas, con kiwi)<br \/>\n\u2022Jugo california<br \/>\n\u2022Papas Pringles 37g<br \/>\n\u2022Chocolatina jumbo man\u00ed grande<br \/>\n\u2022Mugs estampado de feliz cumplea\u00f1os<br \/>\n\u2022Lecherita<br \/>\n\u2022Salchichas zen\u00fa<br \/>\n\u2022piazza<br \/>\n\u2022Guacal en madera<br \/>\n\u2022Mantel en tela a cuadritos<br \/>\n\u2022Mo\u00f1os decorativos<br \/>\n\u2022Tarjeta personalizada<\/p>\n<p>&nbsp;<\/p>\n","protected":false},"featured_media":1956,"comment_status":"open","ping_status":"closed","template":"","meta":[],"product_cat":[89,70,71,62],"product_tag":[101,130,127,61,113,128,126,125,105,102,129],"yoast_head":"<!-- This site is optimized with the Yoast SEO plugin v18.3 - https:\/\/yoast.com\/wordpress\/plugins\/seo\/ -->\n<title>DESAYUNO FELIZ CUMPLEA\u00d1OS MUJER - Desayunos sorpresa en Bogot\u00e1 servicio a Domicilio<\/title>\n<meta name=\"description\" content=\"desayuno sorpresa para mam\u00e1 en su d\u00eda feliz d\u00eda a todas las mamitas del mundo\" \/>\n<meta name=\"robots\" content=\"index, follow, max-snippet:-1, max-image-preview:large, max-video-preview:-1\" \/>\n<link rel=\"canonical\" href=\"https:\/\/desayunosorpresa.com.co\/index.php\/product\/desayuno-de-cumpleanos-para-mujer-mama\/\" \/>\n<meta property=\"og:locale\" content=\"es_ES\" \/>\n<meta property=\"og:type\" content=\"article\" \/>\n<meta property=\"og:title\" content=\"DESAYUNO FELIZ CUMPLEA\u00d1OS MUJER - Desayunos sorpresa en Bogot\u00e1 servicio a Domicilio\" \/>\n<meta property=\"og:description\" content=\"desayuno sorpresa para mam\u00e1 en su d\u00eda feliz d\u00eda a todas las mamitas del mundo\" \/>\n<meta property=\"og:url\" content=\"https:\/\/desayunosorpresa.com.co\/index.php\/product\/desayuno-de-cumpleanos-para-mujer-mama\/\" \/>\n<meta property=\"og:site_name\" content=\"Desayunos sorpresa en Bogot\u00e1 servicio a Domicilio\" \/>\n<meta property=\"article:publisher\" content=\"https:\/\/www.facebook.com\/desayunosorpresa.com.co\/\" \/>\n<meta property=\"article:modified_time\" content=\"2025-07-26T18:03:18+00:00\" \/>\n<meta property=\"og:image\" content=\"https:\/\/desayunosorpresa.com.co\/wp-content\/uploads\/2019\/05\/detalle-sorpresa.jpg\" \/>\n\t<meta property=\"og:image:width\" content=\"1600\" \/>\n\t<meta property=\"og:image:height\" content=\"1225\" \/>\n\t<meta property=\"og:image:type\" content=\"image\/jpeg\" \/>\n<meta name=\"twitter:card\" content=\"summary_large_image\" \/>\n<script type=\"application\/ld+json\" class=\"yoast-schema-graph\">{\"@context\":\"https:\/\/schema.org\",\"@graph\":[{\"@type\":\"Organization\",\"@id\":\"https:\/\/desayunosorpresa.com.co\/#organization\",\"name\":\"desayunosorpresa.com.co\",\"url\":\"https:\/\/desayunosorpresa.com.co\/\",\"sameAs\":[\"https:\/\/www.facebook.com\/desayunosorpresa.com.co\/\",\"https:\/\/www.instagram.com\/explore\/?hl=es\"],\"logo\":{\"@type\":\"ImageObject\",\"@id\":\"https:\/\/desayunosorpresa.com.co\/#logo\",\"inLanguage\":\"es\",\"url\":\"http:\/\/desayunosorpresa.com.co\/wp-content\/uploads\/2019\/06\/desayuno-dia-del-padre-para-papa-13.jpg\",\"contentUrl\":\"http:\/\/desayunosorpresa.com.co\/wp-content\/uploads\/2019\/06\/desayuno-dia-del-padre-para-papa-13.jpg\",\"width\":1200,\"height\":900,\"caption\":\"desayunosorpresa.com.co\"},\"image\":{\"@id\":\"https:\/\/desayunosorpresa.com.co\/#logo\"}},{\"@type\":\"WebSite\",\"@id\":\"https:\/\/desayunosorpresa.com.co\/#website\",\"url\":\"https:\/\/desayunosorpresa.com.co\/\",\"name\":\"Desayunos sorpresa en Bogot\u00e1 servicio a Domicilio\",\"description\":\"Regalale a esa persona especial un desayuno sorpresa con mucho amor \u2705\",\"publisher\":{\"@id\":\"https:\/\/desayunosorpresa.com.co\/#organization\"},\"potentialAction\":[{\"@type\":\"SearchAction\",\"target\":{\"@type\":\"EntryPoint\",\"urlTemplate\":\"https:\/\/desayunosorpresa.com.co\/?s={search_term_string}\"},\"query-input\":\"required name=search_term_string\"}],\"inLanguage\":\"es\"},{\"@type\":\"ImageObject\",\"@id\":\"https:\/\/desayunosorpresa.com.co\/index.php\/product\/desayuno-de-cumpleanos-para-mujer-mama\/#primaryimage\",\"inLanguage\":\"es\",\"url\":\"https:\/\/desayunosorpresa.com.co\/wp-content\/uploads\/2019\/05\/detalle-sorpresa.jpg\",\"contentUrl\":\"https:\/\/desayunosorpresa.com.co\/wp-content\/uploads\/2019\/05\/detalle-sorpresa.jpg\",\"width\":1600,\"height\":1225,\"caption\":\"detalle sorpresa para mujer mam\u00e1\"},{\"@type\":\"WebPage\",\"@id\":\"https:\/\/desayunosorpresa.com.co\/index.php\/product\/desayuno-de-cumpleanos-para-mujer-mama\/#webpage\",\"url\":\"https:\/\/desayunosorpresa.com.co\/index.php\/product\/desayuno-de-cumpleanos-para-mujer-mama\/\",\"name\":\"DESAYUNO FELIZ CUMPLEA\u00d1OS MUJER - Desayunos sorpresa en Bogot\u00e1 servicio a Domicilio\",\"isPartOf\":{\"@id\":\"https:\/\/desayunosorpresa.com.co\/#website\"},\"primaryImageOfPage\":{\"@id\":\"https:\/\/desayunosorpresa.com.co\/index.php\/product\/desayuno-de-cumpleanos-para-mujer-mama\/#primaryimage\"},\"datePublished\":\"2019-05-29T02:46:47+00:00\",\"dateModified\":\"2025-07-26T18:03:18+00:00\",\"description\":\"desayuno sorpresa para mam\u00e1 en su d\u00eda feliz d\u00eda a todas las mamitas del mundo\",\"breadcrumb\":{\"@id\":\"https:\/\/desayunosorpresa.com.co\/index.php\/product\/desayuno-de-cumpleanos-para-mujer-mama\/#breadcrumb\"},\"inLanguage\":\"es\",\"potentialAction\":[{\"@type\":\"ReadAction\",\"target\":[\"https:\/\/desayunosorpresa.com.co\/index.php\/product\/desayuno-de-cumpleanos-para-mujer-mama\/\"]}]},{\"@type\":\"BreadcrumbList\",\"@id\":\"https:\/\/desayunosorpresa.com.co\/index.php\/product\/desayuno-de-cumpleanos-para-mujer-mama\/#breadcrumb\",\"itemListElement\":[{\"@type\":\"ListItem\",\"position\":1,\"name\":\"Portada\",\"item\":\"https:\/\/desayunosorpresa.com.co\/\"},{\"@type\":\"ListItem\",\"position\":2,\"name\":\"Shop\",\"item\":\"https:\/\/desayunosorpresa.com.co\/index.php\/shop\/\"},{\"@type\":\"ListItem\",\"position\":3,\"name\":\"DESAYUNO FELIZ CUMPLEA\u00d1OS MUJER\"}]}]}<\/script>\n<!-- \/ Yoast SEO plugin. -->","yoast_head_json":{"title":"DESAYUNO FELIZ CUMPLEA\u00d1OS MUJER - Desayunos sorpresa en Bogot\u00e1 servicio a Domicilio","description":"desayuno sorpresa para mam\u00e1 en su d\u00eda feliz d\u00eda a todas las mamitas del mundo","robots":{"index":"index","follow":"follow","max-snippet":"max-snippet:-1","max-image-preview":"max-image-preview:large","max-video-preview":"max-video-preview:-1"},"canonical":"https:\/\/desayunosorpresa.com.co\/index.php\/product\/desayuno-de-cumpleanos-para-mujer-mama\/","og_locale":"es_ES","og_type":"article","og_title":"DESAYUNO FELIZ CUMPLEA\u00d1OS MUJER - Desayunos sorpresa en Bogot\u00e1 servicio a Domicilio","og_description":"desayuno sorpresa para mam\u00e1 en su d\u00eda feliz d\u00eda a todas las mamitas del mundo","og_url":"https:\/\/desayunosorpresa.com.co\/index.php\/product\/desayuno-de-cumpleanos-para-mujer-mama\/","og_site_name":"Desayunos sorpresa en Bogot\u00e1 servicio a Domicilio","article_publisher":"https:\/\/www.facebook.com\/desayunosorpresa.com.co\/","article_modified_time":"2025-07-26T18:03:18+00:00","og_image":[{"width":1600,"height":1225,"url":"https:\/\/desayunosorpresa.com.co\/wp-content\/uploads\/2019\/05\/detalle-sorpresa.jpg","type":"image\/jpeg"}],"twitter_card":"summary_large_image","schema":{"@context":"https:\/\/schema.org","@graph":[{"@type":"Organization","@id":"https:\/\/desayunosorpresa.com.co\/#organization","name":"desayunosorpresa.com.co","url":"https:\/\/desayunosorpresa.com.co\/","sameAs":["https:\/\/www.facebook.com\/desayunosorpresa.com.co\/","https:\/\/www.instagram.com\/explore\/?hl=es"],"logo":{"@type":"ImageObject","@id":"https:\/\/desayunosorpresa.com.co\/#logo","inLanguage":"es","url":"http:\/\/desayunosorpresa.com.co\/wp-content\/uploads\/2019\/06\/desayuno-dia-del-padre-para-papa-13.jpg","contentUrl":"http:\/\/desayunosorpresa.com.co\/wp-content\/uploads\/2019\/06\/desayuno-dia-del-padre-para-papa-13.jpg","width":1200,"height":900,"caption":"desayunosorpresa.com.co"},"image":{"@id":"https:\/\/desayunosorpresa.com.co\/#logo"}},{"@type":"WebSite","@id":"https:\/\/desayunosorpresa.com.co\/#website","url":"https:\/\/desayunosorpresa.com.co\/","name":"Desayunos sorpresa en Bogot\u00e1 servicio a Domicilio","description":"Regalale a esa persona especial un desayuno sorpresa con mucho amor \u2705","publisher":{"@id":"https:\/\/desayunosorpresa.com.co\/#organization"},"potentialAction":[{"@type":"SearchAction","target":{"@type":"EntryPoint","urlTemplate":"https:\/\/desayunosorpresa.com.co\/?s={search_term_string}"},"query-input":"required name=search_term_string"}],"inLanguage":"es"},{"@type":"ImageObject","@id":"https:\/\/desayunosorpresa.com.co\/index.php\/product\/desayuno-de-cumpleanos-para-mujer-mama\/#primaryimage","inLanguage":"es","url":"https:\/\/desayunosorpresa.com.co\/wp-content\/uploads\/2019\/05\/detalle-sorpresa.jpg","contentUrl":"https:\/\/desayunosorpresa.com.co\/wp-content\/uploads\/2019\/05\/detalle-sorpresa.jpg","width":1600,"height":1225,"caption":"detalle sorpresa para mujer mam\u00e1"},{"@type":"WebPage","@id":"https:\/\/desayunosorpresa.com.co\/index.php\/product\/desayuno-de-cumpleanos-para-mujer-mama\/#webpage","url":"https:\/\/desayunosorpresa.com.co\/index.php\/product\/desayuno-de-cumpleanos-para-mujer-mama\/","name":"DESAYUNO FELIZ CUMPLEA\u00d1OS MUJER - Desayunos sorpresa en Bogot\u00e1 servicio a Domicilio","isPartOf":{"@id":"https:\/\/desayunosorpresa.com.co\/#website"},"primaryImageOfPage":{"@id":"https:\/\/desayunosorpresa.com.co\/index.php\/product\/desayuno-de-cumpleanos-para-mujer-mama\/#primaryimage"},"datePublished":"2019-05-29T02:46:47+00:00","dateModified":"2025-07-26T18:03:18+00:00","description":"desayuno sorpresa para mam\u00e1 en su d\u00eda feliz d\u00eda a todas las mamitas del mundo","breadcrumb":{"@id":"https:\/\/desayunosorpresa.com.co\/index.php\/product\/desayuno-de-cumpleanos-para-mujer-mama\/#breadcrumb"},"inLanguage":"es","potentialAction":[{"@type":"ReadAction","target":["https:\/\/desayunosorpresa.com.co\/index.php\/product\/desayuno-de-cumpleanos-para-mujer-mama\/"]}]},{"@type":"BreadcrumbList","@id":"https:\/\/desayunosorpresa.com.co\/index.php\/product\/desayuno-de-cumpleanos-para-mujer-mama\/#breadcrumb","itemListElement":[{"@type":"ListItem","position":1,"name":"Portada","item":"https:\/\/desayunosorpresa.com.co\/"},{"@type":"ListItem","position":2,"name":"Shop","item":"https:\/\/desayunosorpresa.com.co\/index.php\/shop\/"},{"@type":"ListItem","position":3,"name":"DESAYUNO FELIZ CUMPLEA\u00d1OS MUJER"}]}]}},"_links":{"self":[{"href":"https:\/\/desayunosorpresa.com.co\/index.php\/wp-json\/wp\/v2\/product\/750"}],"collection":[{"href":"https:\/\/desayunosorpresa.com.co\/index.php\/wp-json\/wp\/v2\/product"}],"about":[{"href":"https:\/\/desayunosorpresa.com.co\/index.php\/wp-json\/wp\/v2\/types\/product"}],"replies":[{"embeddable":true,"href":"https:\/\/desayunosorpresa.com.co\/index.php\/wp-json\/wp\/v2\/comments?post=750"}],"wp:featuredmedia":[{"embeddable":true,"href":"https:\/\/desayunosorpresa.com.co\/index.php\/wp-json\/wp\/v2\/media\/1956"}],"wp:attachment":[{"href":"https:\/\/desayunosorpresa.com.co\/index.php\/wp-json\/wp\/v2\/media?parent=750"}],"wp:term":[{"taxonomy":"product_cat","embeddable":true,"href":"https:\/\/desayunosorpresa.com.co\/index.php\/wp-json\/wp\/v2\/product_cat?post=750"},{"taxonomy":"product_tag","embeddable":true,"href":"https:\/\/desayunosorpresa.com.co\/index.php\/wp-json\/wp\/v2\/product_tag?post=750"}],"curies":[{"name":"wp","href":"https:\/\/api.w.org\/{rel}","templated":true}]}}