{"id":846,"date":"2019-05-28T22:43:54","date_gmt":"2019-05-29T03:43:54","guid":{"rendered":"http:\/\/desayunosorpresa.com.co\/?post_type=product&#038;p=846"},"modified":"2023-04-21T12:38:15","modified_gmt":"2023-04-21T17:38:15","slug":"846","status":"publish","type":"product","link":"https:\/\/desayunosorpresa.com.co\/index.php\/product\/846\/","title":{"rendered":"DESAYUNO FELIZ CUMPLEA\u00d1OS INFANTIL"},"content":{"rendered":"<p>Regala las m\u00e1s deliciosas y apetitosas medias tardes sorpresa con variadas opciones para elegir y la opci\u00f3n de personalizar con el fin de dar en el gusto de tu ser querido.<br \/>\nEsta es una nueva y original manera de regalar en fechas especiales algo diferente, divertido y especial que de seguro te har\u00e1 quedar muy bien, pero lo m\u00e1s importante tu ser querido tendr\u00e1 una bonita y apetitosa experiencia.<\/p>\n<p>\u00a1D\u00e9janos ser parte de esta hermosa experiencia!!!<\/p>\n<p>Recuerda que puedes elegir:<br \/>\n\u2022El color de mantel, cintas y mo\u00f1os<br \/>\n\u2022Globo seg\u00fan ocasi\u00f3n<br \/>\n\u2022Caja seg\u00fan ocasi\u00f3n<br \/>\n\u2022Acompa\u00f1amiento (queso con jam\u00f3n, s\u00e1ndwich huevos al gusto, tamal o pan de yuca con bu\u00f1uelo)<br \/>\nPara mayor informaci\u00f3n consulta un asesor o escr\u00edbenos v\u00eda WhatsApp al 3214411612<\/p>\n","protected":false},"excerpt":{"rendered":"<p>DESCRIPCI\u00d3N:<\/p>\n<p>Este S\u00faper Desayuno Trae:<\/p>\n<p>\u2022Globos\u00a0 seg\u00fan ocasi\u00f3n)<br \/>\n\u2022 jam\u00f3n y queso<br \/>\n\u2022Fruta (cerezas)<br \/>\n\u2022Jugo de naranja<br \/>\n\u2022Man\u00ed de sal la especial<br \/>\n\u2022Galletas tosh<br \/>\n\u2022papas grandes super ricas<br \/>\n\u2022Mantel en tela a cuadritos (color a escoger)<br \/>\n\u2022Mo\u00f1os decorativos<br \/>\n\u2022Golosina gomitas trululu<br \/>\n\u2022Ponqu\u00e9 ponky<br \/>\n\u2022botellita con dulces<br \/>\n\u2022Tarjeta con mensaje personalizado<\/p>\n<p>&nbsp;<\/p>\n","protected":false},"featured_media":1889,"comment_status":"open","ping_status":"closed","template":"","meta":[],"product_cat":[89,70,71,135,62],"product_tag":[136],"yoast_head":"<!-- This site is optimized with the Yoast SEO plugin v18.3 - https:\/\/yoast.com\/wordpress\/plugins\/seo\/ -->\n<title>DESAYUNO FELIZ CUMPLEA\u00d1OS INFANTIL - Desayunos sorpresa en Bogot\u00e1 servicio a Domicilio<\/title>\n<meta name=\"description\" content=\"desayuno sorpresa para cumplea\u00f1os en Bogot\u00e1 servicio a domicilio con postre fruta s\u00e1ndwich\" \/>\n<meta name=\"robots\" content=\"index, follow, max-snippet:-1, max-image-preview:large, max-video-preview:-1\" \/>\n<link rel=\"canonical\" href=\"https:\/\/desayunosorpresa.com.co\/index.php\/product\/846\/\" \/>\n<meta property=\"og:locale\" content=\"es_ES\" \/>\n<meta property=\"og:type\" content=\"article\" \/>\n<meta property=\"og:title\" content=\"DESAYUNO FELIZ CUMPLEA\u00d1OS INFANTIL - Desayunos sorpresa en Bogot\u00e1 servicio a Domicilio\" \/>\n<meta property=\"og:description\" content=\"desayuno sorpresa para cumplea\u00f1os en Bogot\u00e1 servicio a domicilio con postre fruta s\u00e1ndwich\" \/>\n<meta property=\"og:url\" content=\"https:\/\/desayunosorpresa.com.co\/index.php\/product\/846\/\" \/>\n<meta property=\"og:site_name\" content=\"Desayunos sorpresa en Bogot\u00e1 servicio a Domicilio\" \/>\n<meta property=\"article:publisher\" content=\"https:\/\/www.facebook.com\/desayunosorpresa.com.co\/\" \/>\n<meta property=\"article:modified_time\" content=\"2023-04-21T17:38:15+00:00\" \/>\n<meta property=\"og:image\" content=\"https:\/\/desayunosorpresa.com.co\/wp-content\/uploads\/2019\/05\/detalle-feliz-cumpleanos-con-postre.jpg\" \/>\n\t<meta property=\"og:image:width\" content=\"1600\" \/>\n\t<meta property=\"og:image:height\" content=\"1285\" \/>\n\t<meta property=\"og:image:type\" content=\"image\/jpeg\" \/>\n<meta name=\"twitter:card\" content=\"summary_large_image\" \/>\n<meta name=\"twitter:label1\" content=\"Tiempo de lectura\" \/>\n\t<meta name=\"twitter:data1\" content=\"1 minuto\" \/>\n<script type=\"application\/ld+json\" class=\"yoast-schema-graph\">{\"@context\":\"https:\/\/schema.org\",\"@graph\":[{\"@type\":\"Organization\",\"@id\":\"https:\/\/desayunosorpresa.com.co\/#organization\",\"name\":\"desayunosorpresa.com.co\",\"url\":\"https:\/\/desayunosorpresa.com.co\/\",\"sameAs\":[\"https:\/\/www.facebook.com\/desayunosorpresa.com.co\/\",\"https:\/\/www.instagram.com\/explore\/?hl=es\"],\"logo\":{\"@type\":\"ImageObject\",\"@id\":\"https:\/\/desayunosorpresa.com.co\/#logo\",\"inLanguage\":\"es\",\"url\":\"http:\/\/desayunosorpresa.com.co\/wp-content\/uploads\/2019\/06\/desayuno-dia-del-padre-para-papa-13.jpg\",\"contentUrl\":\"http:\/\/desayunosorpresa.com.co\/wp-content\/uploads\/2019\/06\/desayuno-dia-del-padre-para-papa-13.jpg\",\"width\":1200,\"height\":900,\"caption\":\"desayunosorpresa.com.co\"},\"image\":{\"@id\":\"https:\/\/desayunosorpresa.com.co\/#logo\"}},{\"@type\":\"WebSite\",\"@id\":\"https:\/\/desayunosorpresa.com.co\/#website\",\"url\":\"https:\/\/desayunosorpresa.com.co\/\",\"name\":\"Desayunos sorpresa en Bogot\u00e1 servicio a Domicilio\",\"description\":\"Regalale a esa persona especial un desayuno sorpresa con mucho amor \u2705\",\"publisher\":{\"@id\":\"https:\/\/desayunosorpresa.com.co\/#organization\"},\"potentialAction\":[{\"@type\":\"SearchAction\",\"target\":{\"@type\":\"EntryPoint\",\"urlTemplate\":\"https:\/\/desayunosorpresa.com.co\/?s={search_term_string}\"},\"query-input\":\"required name=search_term_string\"}],\"inLanguage\":\"es\"},{\"@type\":\"ImageObject\",\"@id\":\"https:\/\/desayunosorpresa.com.co\/index.php\/product\/846\/#primaryimage\",\"inLanguage\":\"es\",\"url\":\"https:\/\/desayunosorpresa.com.co\/wp-content\/uploads\/2019\/05\/detalle-feliz-cumpleanos-con-postre.jpg\",\"contentUrl\":\"https:\/\/desayunosorpresa.com.co\/wp-content\/uploads\/2019\/05\/detalle-feliz-cumpleanos-con-postre.jpg\",\"width\":1600,\"height\":1285,\"caption\":\"detalle feliz cumplea\u00f1os con postre\"},{\"@type\":\"WebPage\",\"@id\":\"https:\/\/desayunosorpresa.com.co\/index.php\/product\/846\/#webpage\",\"url\":\"https:\/\/desayunosorpresa.com.co\/index.php\/product\/846\/\",\"name\":\"DESAYUNO FELIZ CUMPLEA\u00d1OS INFANTIL - Desayunos sorpresa en Bogot\u00e1 servicio a Domicilio\",\"isPartOf\":{\"@id\":\"https:\/\/desayunosorpresa.com.co\/#website\"},\"primaryImageOfPage\":{\"@id\":\"https:\/\/desayunosorpresa.com.co\/index.php\/product\/846\/#primaryimage\"},\"datePublished\":\"2019-05-29T03:43:54+00:00\",\"dateModified\":\"2023-04-21T17:38:15+00:00\",\"description\":\"desayuno sorpresa para cumplea\u00f1os en Bogot\u00e1 servicio a domicilio con postre fruta s\u00e1ndwich\",\"breadcrumb\":{\"@id\":\"https:\/\/desayunosorpresa.com.co\/index.php\/product\/846\/#breadcrumb\"},\"inLanguage\":\"es\",\"potentialAction\":[{\"@type\":\"ReadAction\",\"target\":[\"https:\/\/desayunosorpresa.com.co\/index.php\/product\/846\/\"]}]},{\"@type\":\"BreadcrumbList\",\"@id\":\"https:\/\/desayunosorpresa.com.co\/index.php\/product\/846\/#breadcrumb\",\"itemListElement\":[{\"@type\":\"ListItem\",\"position\":1,\"name\":\"Portada\",\"item\":\"https:\/\/desayunosorpresa.com.co\/\"},{\"@type\":\"ListItem\",\"position\":2,\"name\":\"Shop\",\"item\":\"https:\/\/desayunosorpresa.com.co\/index.php\/shop\/\"},{\"@type\":\"ListItem\",\"position\":3,\"name\":\"DESAYUNO FELIZ CUMPLEA\u00d1OS INFANTIL\"}]}]}<\/script>\n<!-- \/ Yoast SEO plugin. -->","yoast_head_json":{"title":"DESAYUNO FELIZ CUMPLEA\u00d1OS INFANTIL - Desayunos sorpresa en Bogot\u00e1 servicio a Domicilio","description":"desayuno sorpresa para cumplea\u00f1os en Bogot\u00e1 servicio a domicilio con postre fruta s\u00e1ndwich","robots":{"index":"index","follow":"follow","max-snippet":"max-snippet:-1","max-image-preview":"max-image-preview:large","max-video-preview":"max-video-preview:-1"},"canonical":"https:\/\/desayunosorpresa.com.co\/index.php\/product\/846\/","og_locale":"es_ES","og_type":"article","og_title":"DESAYUNO FELIZ CUMPLEA\u00d1OS INFANTIL - Desayunos sorpresa en Bogot\u00e1 servicio a Domicilio","og_description":"desayuno sorpresa para cumplea\u00f1os en Bogot\u00e1 servicio a domicilio con postre fruta s\u00e1ndwich","og_url":"https:\/\/desayunosorpresa.com.co\/index.php\/product\/846\/","og_site_name":"Desayunos sorpresa en Bogot\u00e1 servicio a Domicilio","article_publisher":"https:\/\/www.facebook.com\/desayunosorpresa.com.co\/","article_modified_time":"2023-04-21T17:38:15+00:00","og_image":[{"width":1600,"height":1285,"url":"https:\/\/desayunosorpresa.com.co\/wp-content\/uploads\/2019\/05\/detalle-feliz-cumpleanos-con-postre.jpg","type":"image\/jpeg"}],"twitter_card":"summary_large_image","twitter_misc":{"Tiempo de lectura":"1 minuto"},"schema":{"@context":"https:\/\/schema.org","@graph":[{"@type":"Organization","@id":"https:\/\/desayunosorpresa.com.co\/#organization","name":"desayunosorpresa.com.co","url":"https:\/\/desayunosorpresa.com.co\/","sameAs":["https:\/\/www.facebook.com\/desayunosorpresa.com.co\/","https:\/\/www.instagram.com\/explore\/?hl=es"],"logo":{"@type":"ImageObject","@id":"https:\/\/desayunosorpresa.com.co\/#logo","inLanguage":"es","url":"http:\/\/desayunosorpresa.com.co\/wp-content\/uploads\/2019\/06\/desayuno-dia-del-padre-para-papa-13.jpg","contentUrl":"http:\/\/desayunosorpresa.com.co\/wp-content\/uploads\/2019\/06\/desayuno-dia-del-padre-para-papa-13.jpg","width":1200,"height":900,"caption":"desayunosorpresa.com.co"},"image":{"@id":"https:\/\/desayunosorpresa.com.co\/#logo"}},{"@type":"WebSite","@id":"https:\/\/desayunosorpresa.com.co\/#website","url":"https:\/\/desayunosorpresa.com.co\/","name":"Desayunos sorpresa en Bogot\u00e1 servicio a Domicilio","description":"Regalale a esa persona especial un desayuno sorpresa con mucho amor \u2705","publisher":{"@id":"https:\/\/desayunosorpresa.com.co\/#organization"},"potentialAction":[{"@type":"SearchAction","target":{"@type":"EntryPoint","urlTemplate":"https:\/\/desayunosorpresa.com.co\/?s={search_term_string}"},"query-input":"required name=search_term_string"}],"inLanguage":"es"},{"@type":"ImageObject","@id":"https:\/\/desayunosorpresa.com.co\/index.php\/product\/846\/#primaryimage","inLanguage":"es","url":"https:\/\/desayunosorpresa.com.co\/wp-content\/uploads\/2019\/05\/detalle-feliz-cumpleanos-con-postre.jpg","contentUrl":"https:\/\/desayunosorpresa.com.co\/wp-content\/uploads\/2019\/05\/detalle-feliz-cumpleanos-con-postre.jpg","width":1600,"height":1285,"caption":"detalle feliz cumplea\u00f1os con postre"},{"@type":"WebPage","@id":"https:\/\/desayunosorpresa.com.co\/index.php\/product\/846\/#webpage","url":"https:\/\/desayunosorpresa.com.co\/index.php\/product\/846\/","name":"DESAYUNO FELIZ CUMPLEA\u00d1OS INFANTIL - Desayunos sorpresa en Bogot\u00e1 servicio a Domicilio","isPartOf":{"@id":"https:\/\/desayunosorpresa.com.co\/#website"},"primaryImageOfPage":{"@id":"https:\/\/desayunosorpresa.com.co\/index.php\/product\/846\/#primaryimage"},"datePublished":"2019-05-29T03:43:54+00:00","dateModified":"2023-04-21T17:38:15+00:00","description":"desayuno sorpresa para cumplea\u00f1os en Bogot\u00e1 servicio a domicilio con postre fruta s\u00e1ndwich","breadcrumb":{"@id":"https:\/\/desayunosorpresa.com.co\/index.php\/product\/846\/#breadcrumb"},"inLanguage":"es","potentialAction":[{"@type":"ReadAction","target":["https:\/\/desayunosorpresa.com.co\/index.php\/product\/846\/"]}]},{"@type":"BreadcrumbList","@id":"https:\/\/desayunosorpresa.com.co\/index.php\/product\/846\/#breadcrumb","itemListElement":[{"@type":"ListItem","position":1,"name":"Portada","item":"https:\/\/desayunosorpresa.com.co\/"},{"@type":"ListItem","position":2,"name":"Shop","item":"https:\/\/desayunosorpresa.com.co\/index.php\/shop\/"},{"@type":"ListItem","position":3,"name":"DESAYUNO FELIZ CUMPLEA\u00d1OS INFANTIL"}]}]}},"_links":{"self":[{"href":"https:\/\/desayunosorpresa.com.co\/index.php\/wp-json\/wp\/v2\/product\/846"}],"collection":[{"href":"https:\/\/desayunosorpresa.com.co\/index.php\/wp-json\/wp\/v2\/product"}],"about":[{"href":"https:\/\/desayunosorpresa.com.co\/index.php\/wp-json\/wp\/v2\/types\/product"}],"replies":[{"embeddable":true,"href":"https:\/\/desayunosorpresa.com.co\/index.php\/wp-json\/wp\/v2\/comments?post=846"}],"wp:featuredmedia":[{"embeddable":true,"href":"https:\/\/desayunosorpresa.com.co\/index.php\/wp-json\/wp\/v2\/media\/1889"}],"wp:attachment":[{"href":"https:\/\/desayunosorpresa.com.co\/index.php\/wp-json\/wp\/v2\/media?parent=846"}],"wp:term":[{"taxonomy":"product_cat","embeddable":true,"href":"https:\/\/desayunosorpresa.com.co\/index.php\/wp-json\/wp\/v2\/product_cat?post=846"},{"taxonomy":"product_tag","embeddable":true,"href":"https:\/\/desayunosorpresa.com.co\/index.php\/wp-json\/wp\/v2\/product_tag?post=846"}],"curies":[{"name":"wp","href":"https:\/\/api.w.org\/{rel}","templated":true}]}}