{"id":847,"date":"2019-05-28T22:49:13","date_gmt":"2019-05-29T03:49:13","guid":{"rendered":"http:\/\/desayunosorpresa.com.co\/?post_type=product&#038;p=847"},"modified":"2023-04-21T12:37:47","modified_gmt":"2023-04-21T17:37:47","slug":"desayuno-sorpresa-feliz-cumpleanos-con-postre","status":"publish","type":"product","link":"https:\/\/desayunosorpresa.com.co\/index.php\/product\/desayuno-sorpresa-feliz-cumpleanos-con-postre\/","title":{"rendered":"DESAYUNO FELIZ CUMPLEA\u00d1OS POSTRE"},"content":{"rendered":"<p>Este desayuno sorpresa no es un regalo cualquiera, porque se trata del regalo m\u00e1s dulce y encantador. Para esa persona tan especial para ti\u2026 regala amor con desayuno sorpresa.<\/p>\n<p>\u00a1D\u00e9janos ser parte de esta hermosa experiencia!!!<\/p>\n<p>Recuerda que puedes elegir:<br \/>\n\u2022El color de mantel, cintas y mo\u00f1os<br \/>\n\u2022Globo seg\u00fan ocasi\u00f3n<br \/>\n\u2022Caja seg\u00fan ocasi\u00f3n<br \/>\n\u2022Acompa\u00f1amiento (queso con jam\u00f3n, s\u00e1ndwich huevos al gusto, tamal o pan de yuca con bu\u00f1uelo)<\/p>\n<p>Para mayor informaci\u00f3n consulta un asesor o escr\u00edbenos v\u00eda WhatsApp al 3214411612<\/p>\n","protected":false},"excerpt":{"rendered":"<p>DESCRIPCI\u00d3N:<\/p>\n<p>\u00a1Este desayuno es empacado en una hermosa caja\u00a0 seg\u00fan ocasi\u00f3n<\/p>\n<p>Aprovecha estas super opciones para esa persona tan especial en tu vida !!!<\/p>\n<p>Este S\u00faper Desayuno Trae:<\/p>\n<ul>\n<li>\u2022Caja grande con dise\u00f1o de cumplea\u00f1os<br \/>\n\u2022Globo metalizado seg\u00fan ocasi\u00f3n<br \/>\n\u2022Jam\u00f3n y queso<br \/>\n\u2022Fruta cerezas<br \/>\n\u2022Jugo n\u00e9ctar california<br \/>\n\u2022Galletas cocosette<br \/>\n\u2022Man\u00ed de sal<br \/>\n\u2022Galletas wafers italo grandes<br \/>\n\u2022Mantel en tela a cuadritos<br \/>\n\u2022Mo\u00f1os decorativos<br \/>\n\u2022Chocolates mym<br \/>\n\u2022Avena alquer\u00eda<br \/>\n\u2022Golosinas gomas trululu<br \/>\n\u2022ponqu\u00e9 bimbo<\/li>\n<li>\u2022Postre<\/li>\n<li>\u2022Tarjeta con mensaje personalizado<\/li>\n<\/ul>\n<p>&nbsp;<\/p>\n","protected":false},"featured_media":1923,"comment_status":"open","ping_status":"closed","template":"","meta":[],"product_cat":[89,71,62],"product_tag":[121,113,120,124,102],"yoast_head":"<!-- This site is optimized with the Yoast SEO plugin v18.3 - https:\/\/yoast.com\/wordpress\/plugins\/seo\/ -->\n<title>DESAYUNO FELIZ CUMPLEA\u00d1OS POSTRE - Desayunos sorpresa en Bogot\u00e1 servicio a Domicilio<\/title>\n<meta name=\"description\" content=\"desayuno sorpresa infantil para ni\u00f1a de cumplea\u00f1os en Bogot\u00e1 servicio a domicilio en Bogot\u00e1\" \/>\n<meta name=\"robots\" content=\"index, follow, max-snippet:-1, max-image-preview:large, max-video-preview:-1\" \/>\n<link rel=\"canonical\" href=\"https:\/\/desayunosorpresa.com.co\/index.php\/product\/desayuno-sorpresa-feliz-cumpleanos-con-postre\/\" \/>\n<meta property=\"og:locale\" content=\"es_ES\" \/>\n<meta property=\"og:type\" content=\"article\" \/>\n<meta property=\"og:title\" content=\"DESAYUNO FELIZ CUMPLEA\u00d1OS POSTRE - Desayunos sorpresa en Bogot\u00e1 servicio a Domicilio\" \/>\n<meta property=\"og:description\" content=\"desayuno sorpresa infantil para ni\u00f1a de cumplea\u00f1os en Bogot\u00e1 servicio a domicilio en Bogot\u00e1\" \/>\n<meta property=\"og:url\" content=\"https:\/\/desayunosorpresa.com.co\/index.php\/product\/desayuno-sorpresa-feliz-cumpleanos-con-postre\/\" \/>\n<meta property=\"og:site_name\" content=\"Desayunos sorpresa en Bogot\u00e1 servicio a Domicilio\" \/>\n<meta property=\"article:publisher\" content=\"https:\/\/www.facebook.com\/desayunosorpresa.com.co\/\" \/>\n<meta property=\"article:modified_time\" content=\"2023-04-21T17:37:47+00:00\" \/>\n<meta property=\"og:image\" content=\"https:\/\/desayunosorpresa.com.co\/wp-content\/uploads\/2019\/05\/detalle-sorpresa-feliz-cumpleanos.jpg\" \/>\n\t<meta property=\"og:image:width\" content=\"1527\" \/>\n\t<meta property=\"og:image:height\" content=\"1600\" \/>\n\t<meta property=\"og:image:type\" content=\"image\/jpeg\" \/>\n<meta name=\"twitter:card\" content=\"summary_large_image\" \/>\n<script type=\"application\/ld+json\" class=\"yoast-schema-graph\">{\"@context\":\"https:\/\/schema.org\",\"@graph\":[{\"@type\":\"Organization\",\"@id\":\"https:\/\/desayunosorpresa.com.co\/#organization\",\"name\":\"desayunosorpresa.com.co\",\"url\":\"https:\/\/desayunosorpresa.com.co\/\",\"sameAs\":[\"https:\/\/www.facebook.com\/desayunosorpresa.com.co\/\",\"https:\/\/www.instagram.com\/explore\/?hl=es\"],\"logo\":{\"@type\":\"ImageObject\",\"@id\":\"https:\/\/desayunosorpresa.com.co\/#logo\",\"inLanguage\":\"es\",\"url\":\"http:\/\/desayunosorpresa.com.co\/wp-content\/uploads\/2019\/06\/desayuno-dia-del-padre-para-papa-13.jpg\",\"contentUrl\":\"http:\/\/desayunosorpresa.com.co\/wp-content\/uploads\/2019\/06\/desayuno-dia-del-padre-para-papa-13.jpg\",\"width\":1200,\"height\":900,\"caption\":\"desayunosorpresa.com.co\"},\"image\":{\"@id\":\"https:\/\/desayunosorpresa.com.co\/#logo\"}},{\"@type\":\"WebSite\",\"@id\":\"https:\/\/desayunosorpresa.com.co\/#website\",\"url\":\"https:\/\/desayunosorpresa.com.co\/\",\"name\":\"Desayunos sorpresa en Bogot\u00e1 servicio a Domicilio\",\"description\":\"Regalale a esa persona especial un desayuno sorpresa con mucho amor \u2705\",\"publisher\":{\"@id\":\"https:\/\/desayunosorpresa.com.co\/#organization\"},\"potentialAction\":[{\"@type\":\"SearchAction\",\"target\":{\"@type\":\"EntryPoint\",\"urlTemplate\":\"https:\/\/desayunosorpresa.com.co\/?s={search_term_string}\"},\"query-input\":\"required name=search_term_string\"}],\"inLanguage\":\"es\"},{\"@type\":\"ImageObject\",\"@id\":\"https:\/\/desayunosorpresa.com.co\/index.php\/product\/desayuno-sorpresa-feliz-cumpleanos-con-postre\/#primaryimage\",\"inLanguage\":\"es\",\"url\":\"https:\/\/desayunosorpresa.com.co\/wp-content\/uploads\/2019\/05\/detalle-sorpresa-feliz-cumpleanos.jpg\",\"contentUrl\":\"https:\/\/desayunosorpresa.com.co\/wp-content\/uploads\/2019\/05\/detalle-sorpresa-feliz-cumpleanos.jpg\",\"width\":1527,\"height\":1600,\"caption\":\"detalle sorpresa para cumplea\u00f1os\"},{\"@type\":\"WebPage\",\"@id\":\"https:\/\/desayunosorpresa.com.co\/index.php\/product\/desayuno-sorpresa-feliz-cumpleanos-con-postre\/#webpage\",\"url\":\"https:\/\/desayunosorpresa.com.co\/index.php\/product\/desayuno-sorpresa-feliz-cumpleanos-con-postre\/\",\"name\":\"DESAYUNO FELIZ CUMPLEA\u00d1OS POSTRE - Desayunos sorpresa en Bogot\u00e1 servicio a Domicilio\",\"isPartOf\":{\"@id\":\"https:\/\/desayunosorpresa.com.co\/#website\"},\"primaryImageOfPage\":{\"@id\":\"https:\/\/desayunosorpresa.com.co\/index.php\/product\/desayuno-sorpresa-feliz-cumpleanos-con-postre\/#primaryimage\"},\"datePublished\":\"2019-05-29T03:49:13+00:00\",\"dateModified\":\"2023-04-21T17:37:47+00:00\",\"description\":\"desayuno sorpresa infantil para ni\u00f1a de cumplea\u00f1os en Bogot\u00e1 servicio a domicilio en Bogot\u00e1\",\"breadcrumb\":{\"@id\":\"https:\/\/desayunosorpresa.com.co\/index.php\/product\/desayuno-sorpresa-feliz-cumpleanos-con-postre\/#breadcrumb\"},\"inLanguage\":\"es\",\"potentialAction\":[{\"@type\":\"ReadAction\",\"target\":[\"https:\/\/desayunosorpresa.com.co\/index.php\/product\/desayuno-sorpresa-feliz-cumpleanos-con-postre\/\"]}]},{\"@type\":\"BreadcrumbList\",\"@id\":\"https:\/\/desayunosorpresa.com.co\/index.php\/product\/desayuno-sorpresa-feliz-cumpleanos-con-postre\/#breadcrumb\",\"itemListElement\":[{\"@type\":\"ListItem\",\"position\":1,\"name\":\"Portada\",\"item\":\"https:\/\/desayunosorpresa.com.co\/\"},{\"@type\":\"ListItem\",\"position\":2,\"name\":\"Shop\",\"item\":\"https:\/\/desayunosorpresa.com.co\/index.php\/shop\/\"},{\"@type\":\"ListItem\",\"position\":3,\"name\":\"DESAYUNO FELIZ CUMPLEA\u00d1OS POSTRE\"}]}]}<\/script>\n<!-- \/ Yoast SEO plugin. -->","yoast_head_json":{"title":"DESAYUNO FELIZ CUMPLEA\u00d1OS POSTRE - Desayunos sorpresa en Bogot\u00e1 servicio a Domicilio","description":"desayuno sorpresa infantil para ni\u00f1a de cumplea\u00f1os en Bogot\u00e1 servicio a domicilio en Bogot\u00e1","robots":{"index":"index","follow":"follow","max-snippet":"max-snippet:-1","max-image-preview":"max-image-preview:large","max-video-preview":"max-video-preview:-1"},"canonical":"https:\/\/desayunosorpresa.com.co\/index.php\/product\/desayuno-sorpresa-feliz-cumpleanos-con-postre\/","og_locale":"es_ES","og_type":"article","og_title":"DESAYUNO FELIZ CUMPLEA\u00d1OS POSTRE - Desayunos sorpresa en Bogot\u00e1 servicio a Domicilio","og_description":"desayuno sorpresa infantil para ni\u00f1a de cumplea\u00f1os en Bogot\u00e1 servicio a domicilio en Bogot\u00e1","og_url":"https:\/\/desayunosorpresa.com.co\/index.php\/product\/desayuno-sorpresa-feliz-cumpleanos-con-postre\/","og_site_name":"Desayunos sorpresa en Bogot\u00e1 servicio a Domicilio","article_publisher":"https:\/\/www.facebook.com\/desayunosorpresa.com.co\/","article_modified_time":"2023-04-21T17:37:47+00:00","og_image":[{"width":1527,"height":1600,"url":"https:\/\/desayunosorpresa.com.co\/wp-content\/uploads\/2019\/05\/detalle-sorpresa-feliz-cumpleanos.jpg","type":"image\/jpeg"}],"twitter_card":"summary_large_image","schema":{"@context":"https:\/\/schema.org","@graph":[{"@type":"Organization","@id":"https:\/\/desayunosorpresa.com.co\/#organization","name":"desayunosorpresa.com.co","url":"https:\/\/desayunosorpresa.com.co\/","sameAs":["https:\/\/www.facebook.com\/desayunosorpresa.com.co\/","https:\/\/www.instagram.com\/explore\/?hl=es"],"logo":{"@type":"ImageObject","@id":"https:\/\/desayunosorpresa.com.co\/#logo","inLanguage":"es","url":"http:\/\/desayunosorpresa.com.co\/wp-content\/uploads\/2019\/06\/desayuno-dia-del-padre-para-papa-13.jpg","contentUrl":"http:\/\/desayunosorpresa.com.co\/wp-content\/uploads\/2019\/06\/desayuno-dia-del-padre-para-papa-13.jpg","width":1200,"height":900,"caption":"desayunosorpresa.com.co"},"image":{"@id":"https:\/\/desayunosorpresa.com.co\/#logo"}},{"@type":"WebSite","@id":"https:\/\/desayunosorpresa.com.co\/#website","url":"https:\/\/desayunosorpresa.com.co\/","name":"Desayunos sorpresa en Bogot\u00e1 servicio a Domicilio","description":"Regalale a esa persona especial un desayuno sorpresa con mucho amor \u2705","publisher":{"@id":"https:\/\/desayunosorpresa.com.co\/#organization"},"potentialAction":[{"@type":"SearchAction","target":{"@type":"EntryPoint","urlTemplate":"https:\/\/desayunosorpresa.com.co\/?s={search_term_string}"},"query-input":"required name=search_term_string"}],"inLanguage":"es"},{"@type":"ImageObject","@id":"https:\/\/desayunosorpresa.com.co\/index.php\/product\/desayuno-sorpresa-feliz-cumpleanos-con-postre\/#primaryimage","inLanguage":"es","url":"https:\/\/desayunosorpresa.com.co\/wp-content\/uploads\/2019\/05\/detalle-sorpresa-feliz-cumpleanos.jpg","contentUrl":"https:\/\/desayunosorpresa.com.co\/wp-content\/uploads\/2019\/05\/detalle-sorpresa-feliz-cumpleanos.jpg","width":1527,"height":1600,"caption":"detalle sorpresa para cumplea\u00f1os"},{"@type":"WebPage","@id":"https:\/\/desayunosorpresa.com.co\/index.php\/product\/desayuno-sorpresa-feliz-cumpleanos-con-postre\/#webpage","url":"https:\/\/desayunosorpresa.com.co\/index.php\/product\/desayuno-sorpresa-feliz-cumpleanos-con-postre\/","name":"DESAYUNO FELIZ CUMPLEA\u00d1OS POSTRE - Desayunos sorpresa en Bogot\u00e1 servicio a Domicilio","isPartOf":{"@id":"https:\/\/desayunosorpresa.com.co\/#website"},"primaryImageOfPage":{"@id":"https:\/\/desayunosorpresa.com.co\/index.php\/product\/desayuno-sorpresa-feliz-cumpleanos-con-postre\/#primaryimage"},"datePublished":"2019-05-29T03:49:13+00:00","dateModified":"2023-04-21T17:37:47+00:00","description":"desayuno sorpresa infantil para ni\u00f1a de cumplea\u00f1os en Bogot\u00e1 servicio a domicilio en Bogot\u00e1","breadcrumb":{"@id":"https:\/\/desayunosorpresa.com.co\/index.php\/product\/desayuno-sorpresa-feliz-cumpleanos-con-postre\/#breadcrumb"},"inLanguage":"es","potentialAction":[{"@type":"ReadAction","target":["https:\/\/desayunosorpresa.com.co\/index.php\/product\/desayuno-sorpresa-feliz-cumpleanos-con-postre\/"]}]},{"@type":"BreadcrumbList","@id":"https:\/\/desayunosorpresa.com.co\/index.php\/product\/desayuno-sorpresa-feliz-cumpleanos-con-postre\/#breadcrumb","itemListElement":[{"@type":"ListItem","position":1,"name":"Portada","item":"https:\/\/desayunosorpresa.com.co\/"},{"@type":"ListItem","position":2,"name":"Shop","item":"https:\/\/desayunosorpresa.com.co\/index.php\/shop\/"},{"@type":"ListItem","position":3,"name":"DESAYUNO FELIZ CUMPLEA\u00d1OS POSTRE"}]}]}},"_links":{"self":[{"href":"https:\/\/desayunosorpresa.com.co\/index.php\/wp-json\/wp\/v2\/product\/847"}],"collection":[{"href":"https:\/\/desayunosorpresa.com.co\/index.php\/wp-json\/wp\/v2\/product"}],"about":[{"href":"https:\/\/desayunosorpresa.com.co\/index.php\/wp-json\/wp\/v2\/types\/product"}],"replies":[{"embeddable":true,"href":"https:\/\/desayunosorpresa.com.co\/index.php\/wp-json\/wp\/v2\/comments?post=847"}],"wp:featuredmedia":[{"embeddable":true,"href":"https:\/\/desayunosorpresa.com.co\/index.php\/wp-json\/wp\/v2\/media\/1923"}],"wp:attachment":[{"href":"https:\/\/desayunosorpresa.com.co\/index.php\/wp-json\/wp\/v2\/media?parent=847"}],"wp:term":[{"taxonomy":"product_cat","embeddable":true,"href":"https:\/\/desayunosorpresa.com.co\/index.php\/wp-json\/wp\/v2\/product_cat?post=847"},{"taxonomy":"product_tag","embeddable":true,"href":"https:\/\/desayunosorpresa.com.co\/index.php\/wp-json\/wp\/v2\/product_tag?post=847"}],"curies":[{"name":"wp","href":"https:\/\/api.w.org\/{rel}","templated":true}]}}