{"id":869,"date":"2019-05-28T23:20:02","date_gmt":"2019-05-29T04:20:02","guid":{"rendered":"http:\/\/desayunosorpresa.com.co\/?post_type=product&#038;p=869"},"modified":"2025-08-01T12:56:47","modified_gmt":"2025-08-01T17:56:47","slug":"desayuno-amor-sorpresa","status":"publish","type":"product","link":"https:\/\/desayunosorpresa.com.co\/index.php\/product\/desayuno-amor-sorpresa\/","title":{"rendered":"DESAYUNO AMOR"},"content":{"rendered":"<p>sin dejar a un lado el dise\u00f1o de un bonito regalo he aqu\u00ed nuestros desayunos sorpresa peque\u00f1os en una hermosa caja con dise\u00f1os alusivas a la ocasi\u00f3n con un lindo empaque tipo cartera perfecta para llevar a cualquier lado. un lindo recuerdo para esa personita tan especial en tu vida regala amor con desayuno sorpresa<br \/>\n\u00a1D\u00e9janos ser parte de esta hermosa experiencia!!!<\/p>\n<p>Recuerda que puedes elegir:<\/p>\n<p>\u2022El color de mantel, cintas y mo\u00f1os<br \/>\n\u2022Globo seg\u00fan ocasi\u00f3n<br \/>\n\u2022Caja seg\u00fan ocasi\u00f3n<br \/>\n\u2022Acompa\u00f1amiento (queso con jam\u00f3n, s\u00e1ndwich huevos al gusto, tamal o pan de yuca con bu\u00f1uelo)<\/p>\n<p>Para mayor informaci\u00f3n consulta un asesor o escr\u00edbenos v\u00eda WhatsApp al 3214411612<\/p>\n","protected":false},"excerpt":{"rendered":"<p>DESCRIPCI\u00d3N:<\/p>\n<p>\u00a1Aprovecha estas super opciones para esa persona tan especial en tu vida!!!<\/p>\n<p>Hermosa caja de regalo con dise\u00f1o dependiendo a la ocasi\u00f3n. Dentro de esta caja van los siguientes productos:<\/p>\n<p>\u2022Caja donde va empacado el desayuno.<br \/>\n\u2022Globos metalizados seg\u00fan ocasi\u00f3n<br \/>\n\u2022S\u00e1ndwich de jam\u00f3n y queso (puedes elegir m\u00e1s opciones)<br \/>\n\u2022Milo en botella de vidrio de 90cc (puedes elegir m\u00e1s opciones)<br \/>\n\u2022Yogurt en empaque de vidrio (puedes elegir m\u00e1s opciones)<br \/>\n\u2022Fresas con kiwi en\u00a0 empaque pl\u00e1stico (puedes elegir m\u00e1s opciones )<br \/>\n\u2022Golosina gomas trululu<br \/>\n\u2022ponquesito ponky<br \/>\n\u2022cereal en empaque de vidrio (froot loops) puedes elegir mas opciones<br \/>\n\u2022Galletas \u00edtalo grande<br \/>\n\u2022Chocolatina<br \/>\n\u2022Mo\u00f1os decorativo<br \/>\n\u2022Tarjeta con mensaje personalizado<\/p>\n<p>&nbsp;<\/p>\n","protected":false},"featured_media":1836,"comment_status":"open","ping_status":"closed","template":"","meta":[],"product_cat":[84,85,62],"product_tag":[132,99,121,113,102],"yoast_head":"<!-- This site is optimized with the Yoast SEO plugin v18.3 - https:\/\/yoast.com\/wordpress\/plugins\/seo\/ -->\n<title>DESAYUNO AMOR - Desayunos sorpresa en Bogot\u00e1 servicio a Domicilio<\/title>\n<meta name=\"robots\" content=\"index, follow, max-snippet:-1, max-image-preview:large, max-video-preview:-1\" \/>\n<link rel=\"canonical\" href=\"https:\/\/desayunosorpresa.com.co\/index.php\/product\/desayuno-amor-sorpresa\/\" \/>\n<meta property=\"og:locale\" content=\"es_ES\" \/>\n<meta property=\"og:type\" content=\"article\" \/>\n<meta property=\"og:title\" content=\"DESAYUNO AMOR - Desayunos sorpresa en Bogot\u00e1 servicio a Domicilio\" \/>\n<meta property=\"og:description\" content=\"DESCRIPCI\u00d3N:  \u00a1Aprovecha estas super opciones para esa persona tan especial en tu vida!!!  Hermosa caja de regalo con dise\u00f1o dependiendo a la ocasi\u00f3n. Dentro de esta caja van los siguientes productos:  \u2022Caja donde va empacado el desayuno. \u2022Globos metalizados seg\u00fan ocasi\u00f3n \u2022S\u00e1ndwich de jam\u00f3n y queso (puedes elegir m\u00e1s opciones) \u2022Milo en botella de vidrio de 90cc (puedes elegir m\u00e1s opciones) \u2022Yogurt en empaque de vidrio (puedes elegir m\u00e1s opciones) \u2022Fresas con kiwi en\u00a0 empaque pl\u00e1stico (puedes elegir m\u00e1s opciones ) \u2022Golosina gomas trululu \u2022ponquesito ponky \u2022cereal en empaque de vidrio (froot loops) puedes elegir mas opciones \u2022Galletas \u00edtalo grande \u2022Chocolatina \u2022Mo\u00f1os decorativo \u2022Tarjeta con mensaje personalizado  &nbsp;\" \/>\n<meta property=\"og:url\" content=\"https:\/\/desayunosorpresa.com.co\/index.php\/product\/desayuno-amor-sorpresa\/\" \/>\n<meta property=\"og:site_name\" content=\"Desayunos sorpresa en Bogot\u00e1 servicio a Domicilio\" \/>\n<meta property=\"article:publisher\" content=\"https:\/\/www.facebook.com\/desayunosorpresa.com.co\/\" \/>\n<meta property=\"article:modified_time\" content=\"2025-08-01T17:56:47+00:00\" \/>\n<meta property=\"og:image\" content=\"https:\/\/desayunosorpresa.com.co\/wp-content\/uploads\/2019\/05\/desayuno-sorpresa-para-enamorados-dia-de-san-valentin-amor-y-amistad.jpg\" \/>\n\t<meta property=\"og:image:width\" content=\"1475\" \/>\n\t<meta property=\"og:image:height\" content=\"1453\" \/>\n\t<meta property=\"og:image:type\" content=\"image\/jpeg\" \/>\n<meta name=\"twitter:card\" content=\"summary_large_image\" \/>\n<meta name=\"twitter:label1\" content=\"Tiempo de lectura\" \/>\n\t<meta name=\"twitter:data1\" content=\"1 minuto\" \/>\n<script type=\"application\/ld+json\" class=\"yoast-schema-graph\">{\"@context\":\"https:\/\/schema.org\",\"@graph\":[{\"@type\":\"Organization\",\"@id\":\"https:\/\/desayunosorpresa.com.co\/#organization\",\"name\":\"desayunosorpresa.com.co\",\"url\":\"https:\/\/desayunosorpresa.com.co\/\",\"sameAs\":[\"https:\/\/www.facebook.com\/desayunosorpresa.com.co\/\",\"https:\/\/www.instagram.com\/explore\/?hl=es\"],\"logo\":{\"@type\":\"ImageObject\",\"@id\":\"https:\/\/desayunosorpresa.com.co\/#logo\",\"inLanguage\":\"es\",\"url\":\"http:\/\/desayunosorpresa.com.co\/wp-content\/uploads\/2019\/06\/desayuno-dia-del-padre-para-papa-13.jpg\",\"contentUrl\":\"http:\/\/desayunosorpresa.com.co\/wp-content\/uploads\/2019\/06\/desayuno-dia-del-padre-para-papa-13.jpg\",\"width\":1200,\"height\":900,\"caption\":\"desayunosorpresa.com.co\"},\"image\":{\"@id\":\"https:\/\/desayunosorpresa.com.co\/#logo\"}},{\"@type\":\"WebSite\",\"@id\":\"https:\/\/desayunosorpresa.com.co\/#website\",\"url\":\"https:\/\/desayunosorpresa.com.co\/\",\"name\":\"Desayunos sorpresa en Bogot\u00e1 servicio a Domicilio\",\"description\":\"Regalale a esa persona especial un desayuno sorpresa con mucho amor \u2705\",\"publisher\":{\"@id\":\"https:\/\/desayunosorpresa.com.co\/#organization\"},\"potentialAction\":[{\"@type\":\"SearchAction\",\"target\":{\"@type\":\"EntryPoint\",\"urlTemplate\":\"https:\/\/desayunosorpresa.com.co\/?s={search_term_string}\"},\"query-input\":\"required name=search_term_string\"}],\"inLanguage\":\"es\"},{\"@type\":\"ImageObject\",\"@id\":\"https:\/\/desayunosorpresa.com.co\/index.php\/product\/desayuno-amor-sorpresa\/#primaryimage\",\"inLanguage\":\"es\",\"url\":\"https:\/\/desayunosorpresa.com.co\/wp-content\/uploads\/2019\/05\/desayuno-sorpresa-para-enamorados-dia-de-san-valentin-amor-y-amistad.jpg\",\"contentUrl\":\"https:\/\/desayunosorpresa.com.co\/wp-content\/uploads\/2019\/05\/desayuno-sorpresa-para-enamorados-dia-de-san-valentin-amor-y-amistad.jpg\",\"width\":1475,\"height\":1453,\"caption\":\"desayuno sorpresa de amor desayuno sorpresa amor y amistad regalos de amor para mi novio\"},{\"@type\":\"WebPage\",\"@id\":\"https:\/\/desayunosorpresa.com.co\/index.php\/product\/desayuno-amor-sorpresa\/#webpage\",\"url\":\"https:\/\/desayunosorpresa.com.co\/index.php\/product\/desayuno-amor-sorpresa\/\",\"name\":\"DESAYUNO AMOR - Desayunos sorpresa en Bogot\u00e1 servicio a Domicilio\",\"isPartOf\":{\"@id\":\"https:\/\/desayunosorpresa.com.co\/#website\"},\"primaryImageOfPage\":{\"@id\":\"https:\/\/desayunosorpresa.com.co\/index.php\/product\/desayuno-amor-sorpresa\/#primaryimage\"},\"datePublished\":\"2019-05-29T04:20:02+00:00\",\"dateModified\":\"2025-08-01T17:56:47+00:00\",\"breadcrumb\":{\"@id\":\"https:\/\/desayunosorpresa.com.co\/index.php\/product\/desayuno-amor-sorpresa\/#breadcrumb\"},\"inLanguage\":\"es\",\"potentialAction\":[{\"@type\":\"ReadAction\",\"target\":[\"https:\/\/desayunosorpresa.com.co\/index.php\/product\/desayuno-amor-sorpresa\/\"]}]},{\"@type\":\"BreadcrumbList\",\"@id\":\"https:\/\/desayunosorpresa.com.co\/index.php\/product\/desayuno-amor-sorpresa\/#breadcrumb\",\"itemListElement\":[{\"@type\":\"ListItem\",\"position\":1,\"name\":\"Portada\",\"item\":\"https:\/\/desayunosorpresa.com.co\/\"},{\"@type\":\"ListItem\",\"position\":2,\"name\":\"Shop\",\"item\":\"https:\/\/desayunosorpresa.com.co\/index.php\/shop\/\"},{\"@type\":\"ListItem\",\"position\":3,\"name\":\"DESAYUNO AMOR\"}]}]}<\/script>\n<!-- \/ Yoast SEO plugin. -->","yoast_head_json":{"title":"DESAYUNO AMOR - Desayunos sorpresa en Bogot\u00e1 servicio a Domicilio","robots":{"index":"index","follow":"follow","max-snippet":"max-snippet:-1","max-image-preview":"max-image-preview:large","max-video-preview":"max-video-preview:-1"},"canonical":"https:\/\/desayunosorpresa.com.co\/index.php\/product\/desayuno-amor-sorpresa\/","og_locale":"es_ES","og_type":"article","og_title":"DESAYUNO AMOR - Desayunos sorpresa en Bogot\u00e1 servicio a Domicilio","og_description":"DESCRIPCI\u00d3N:  \u00a1Aprovecha estas super opciones para esa persona tan especial en tu vida!!!  Hermosa caja de regalo con dise\u00f1o dependiendo a la ocasi\u00f3n. Dentro de esta caja van los siguientes productos:  \u2022Caja donde va empacado el desayuno. \u2022Globos metalizados seg\u00fan ocasi\u00f3n \u2022S\u00e1ndwich de jam\u00f3n y queso (puedes elegir m\u00e1s opciones) \u2022Milo en botella de vidrio de 90cc (puedes elegir m\u00e1s opciones) \u2022Yogurt en empaque de vidrio (puedes elegir m\u00e1s opciones) \u2022Fresas con kiwi en\u00a0 empaque pl\u00e1stico (puedes elegir m\u00e1s opciones ) \u2022Golosina gomas trululu \u2022ponquesito ponky \u2022cereal en empaque de vidrio (froot loops) puedes elegir mas opciones \u2022Galletas \u00edtalo grande \u2022Chocolatina \u2022Mo\u00f1os decorativo \u2022Tarjeta con mensaje personalizado  &nbsp;","og_url":"https:\/\/desayunosorpresa.com.co\/index.php\/product\/desayuno-amor-sorpresa\/","og_site_name":"Desayunos sorpresa en Bogot\u00e1 servicio a Domicilio","article_publisher":"https:\/\/www.facebook.com\/desayunosorpresa.com.co\/","article_modified_time":"2025-08-01T17:56:47+00:00","og_image":[{"width":1475,"height":1453,"url":"https:\/\/desayunosorpresa.com.co\/wp-content\/uploads\/2019\/05\/desayuno-sorpresa-para-enamorados-dia-de-san-valentin-amor-y-amistad.jpg","type":"image\/jpeg"}],"twitter_card":"summary_large_image","twitter_misc":{"Tiempo de lectura":"1 minuto"},"schema":{"@context":"https:\/\/schema.org","@graph":[{"@type":"Organization","@id":"https:\/\/desayunosorpresa.com.co\/#organization","name":"desayunosorpresa.com.co","url":"https:\/\/desayunosorpresa.com.co\/","sameAs":["https:\/\/www.facebook.com\/desayunosorpresa.com.co\/","https:\/\/www.instagram.com\/explore\/?hl=es"],"logo":{"@type":"ImageObject","@id":"https:\/\/desayunosorpresa.com.co\/#logo","inLanguage":"es","url":"http:\/\/desayunosorpresa.com.co\/wp-content\/uploads\/2019\/06\/desayuno-dia-del-padre-para-papa-13.jpg","contentUrl":"http:\/\/desayunosorpresa.com.co\/wp-content\/uploads\/2019\/06\/desayuno-dia-del-padre-para-papa-13.jpg","width":1200,"height":900,"caption":"desayunosorpresa.com.co"},"image":{"@id":"https:\/\/desayunosorpresa.com.co\/#logo"}},{"@type":"WebSite","@id":"https:\/\/desayunosorpresa.com.co\/#website","url":"https:\/\/desayunosorpresa.com.co\/","name":"Desayunos sorpresa en Bogot\u00e1 servicio a Domicilio","description":"Regalale a esa persona especial un desayuno sorpresa con mucho amor \u2705","publisher":{"@id":"https:\/\/desayunosorpresa.com.co\/#organization"},"potentialAction":[{"@type":"SearchAction","target":{"@type":"EntryPoint","urlTemplate":"https:\/\/desayunosorpresa.com.co\/?s={search_term_string}"},"query-input":"required name=search_term_string"}],"inLanguage":"es"},{"@type":"ImageObject","@id":"https:\/\/desayunosorpresa.com.co\/index.php\/product\/desayuno-amor-sorpresa\/#primaryimage","inLanguage":"es","url":"https:\/\/desayunosorpresa.com.co\/wp-content\/uploads\/2019\/05\/desayuno-sorpresa-para-enamorados-dia-de-san-valentin-amor-y-amistad.jpg","contentUrl":"https:\/\/desayunosorpresa.com.co\/wp-content\/uploads\/2019\/05\/desayuno-sorpresa-para-enamorados-dia-de-san-valentin-amor-y-amistad.jpg","width":1475,"height":1453,"caption":"desayuno sorpresa de amor desayuno sorpresa amor y amistad regalos de amor para mi novio"},{"@type":"WebPage","@id":"https:\/\/desayunosorpresa.com.co\/index.php\/product\/desayuno-amor-sorpresa\/#webpage","url":"https:\/\/desayunosorpresa.com.co\/index.php\/product\/desayuno-amor-sorpresa\/","name":"DESAYUNO AMOR - Desayunos sorpresa en Bogot\u00e1 servicio a Domicilio","isPartOf":{"@id":"https:\/\/desayunosorpresa.com.co\/#website"},"primaryImageOfPage":{"@id":"https:\/\/desayunosorpresa.com.co\/index.php\/product\/desayuno-amor-sorpresa\/#primaryimage"},"datePublished":"2019-05-29T04:20:02+00:00","dateModified":"2025-08-01T17:56:47+00:00","breadcrumb":{"@id":"https:\/\/desayunosorpresa.com.co\/index.php\/product\/desayuno-amor-sorpresa\/#breadcrumb"},"inLanguage":"es","potentialAction":[{"@type":"ReadAction","target":["https:\/\/desayunosorpresa.com.co\/index.php\/product\/desayuno-amor-sorpresa\/"]}]},{"@type":"BreadcrumbList","@id":"https:\/\/desayunosorpresa.com.co\/index.php\/product\/desayuno-amor-sorpresa\/#breadcrumb","itemListElement":[{"@type":"ListItem","position":1,"name":"Portada","item":"https:\/\/desayunosorpresa.com.co\/"},{"@type":"ListItem","position":2,"name":"Shop","item":"https:\/\/desayunosorpresa.com.co\/index.php\/shop\/"},{"@type":"ListItem","position":3,"name":"DESAYUNO AMOR"}]}]}},"_links":{"self":[{"href":"https:\/\/desayunosorpresa.com.co\/index.php\/wp-json\/wp\/v2\/product\/869"}],"collection":[{"href":"https:\/\/desayunosorpresa.com.co\/index.php\/wp-json\/wp\/v2\/product"}],"about":[{"href":"https:\/\/desayunosorpresa.com.co\/index.php\/wp-json\/wp\/v2\/types\/product"}],"replies":[{"embeddable":true,"href":"https:\/\/desayunosorpresa.com.co\/index.php\/wp-json\/wp\/v2\/comments?post=869"}],"wp:featuredmedia":[{"embeddable":true,"href":"https:\/\/desayunosorpresa.com.co\/index.php\/wp-json\/wp\/v2\/media\/1836"}],"wp:attachment":[{"href":"https:\/\/desayunosorpresa.com.co\/index.php\/wp-json\/wp\/v2\/media?parent=869"}],"wp:term":[{"taxonomy":"product_cat","embeddable":true,"href":"https:\/\/desayunosorpresa.com.co\/index.php\/wp-json\/wp\/v2\/product_cat?post=869"},{"taxonomy":"product_tag","embeddable":true,"href":"https:\/\/desayunosorpresa.com.co\/index.php\/wp-json\/wp\/v2\/product_tag?post=869"}],"curies":[{"name":"wp","href":"https:\/\/api.w.org\/{rel}","templated":true}]}}