{"id":879,"date":"2019-05-28T23:26:24","date_gmt":"2019-05-29T04:26:24","guid":{"rendered":"http:\/\/desayunosorpresa.com.co\/?post_type=product&#038;p=879"},"modified":"2024-05-26T01:12:29","modified_gmt":"2024-05-26T06:12:29","slug":"desayuno-sorpresa-para-cumpleanos-economico-en-bogota","status":"publish","type":"product","link":"https:\/\/desayunosorpresa.com.co\/index.php\/product\/desayuno-sorpresa-para-cumpleanos-economico-en-bogota\/","title":{"rendered":"DESAYUNO FELIZ CUMPLEA\u00d1OS"},"content":{"rendered":"<p>Este desayuno sorpresa no es un regalo cualquiera, porque se trata del regalo m\u00e1s dulce y encantador. Para esa persona tan especial para ti<\/p>\n<p>\u00a1D\u00e9janos ser parte de esta hermosa experiencia!!!<\/p>\n<p>Recuerda que puedes elegir:<\/p>\n<p>El color de mantel, cintas y mo\u00f1os<\/p>\n<p>Acompa\u00f1amiento (queso con jam\u00f3n, tamal o pan de yuca con bu\u00f1uelo)<\/p>\n<p>Para mayor informaci\u00f3n consulta un asesor<\/p>\n<p>PARA MAYOR INFORMACI\u00d3N DEL PRODUCTO ABAJO ENCONTRARAS TODO ACERCA DE NUESTROS PRODUCTOS.<\/p>\n","protected":false},"excerpt":{"rendered":"<p>Este S\u00faper detalle contiene:<\/p>\n<p>Caja donde va empacado el detalle<\/p>\n<p>Globos varios colores de feliz cumplea\u00f1os<\/p>\n<p>S\u00e1ndwich de jam\u00f3n y queso<\/p>\n<p>Jugo\u00a0 california<\/p>\n<p>Cereal en empaque de vidrio (sabor eleccion)<\/p>\n<p>Man\u00ed de sal<\/p>\n<p>Piazza<\/p>\n<p>Gelatina boggy<\/p>\n<p>Golosina gomitas trululu<\/p>\n<p>Leche en empaque botella de vidrio (entera o deslactosada)<\/p>\n<p>Papas Pringles<\/p>\n<p>Ponqu\u00e9 bimbo<\/p>\n<p>Galletas grandes \u00edtalo<\/p>\n<p>Masmelos<\/p>\n<p>Mo\u00f1os decorativos<\/p>\n<p>Tarjeta con mensaje personalizado<\/p>\n","protected":false},"featured_media":1792,"comment_status":"open","ping_status":"closed","template":"","meta":[],"product_cat":[89,70,71,62],"product_tag":[99,122,104,120,102],"yoast_head":"<!-- This site is optimized with the Yoast SEO plugin v18.3 - https:\/\/yoast.com\/wordpress\/plugins\/seo\/ -->\n<title>DESAYUNO FELIZ CUMPLEA\u00d1OS - Desayunos sorpresa en Bogot\u00e1 servicio a Domicilio<\/title>\n<meta name=\"robots\" content=\"index, follow, max-snippet:-1, max-image-preview:large, max-video-preview:-1\" \/>\n<link rel=\"canonical\" href=\"https:\/\/desayunosorpresa.com.co\/index.php\/product\/desayuno-sorpresa-para-cumpleanos-economico-en-bogota\/\" \/>\n<meta property=\"og:locale\" content=\"es_ES\" \/>\n<meta property=\"og:type\" content=\"article\" \/>\n<meta property=\"og:title\" content=\"DESAYUNO FELIZ CUMPLEA\u00d1OS - Desayunos sorpresa en Bogot\u00e1 servicio a Domicilio\" \/>\n<meta property=\"og:description\" content=\"Este S\u00faper detalle contiene:  Caja donde va empacado el detalle  Globos varios colores de feliz cumplea\u00f1os  S\u00e1ndwich de jam\u00f3n y queso  Jugo\u00a0 california  Cereal en empaque de vidrio (sabor eleccion)  Man\u00ed de sal  Piazza  Gelatina boggy  Golosina gomitas trululu  Leche en empaque botella de vidrio (entera o deslactosada)  Papas Pringles  Ponqu\u00e9 bimbo  Galletas grandes \u00edtalo  Masmelos  Mo\u00f1os decorativos  Tarjeta con mensaje personalizado\" \/>\n<meta property=\"og:url\" content=\"https:\/\/desayunosorpresa.com.co\/index.php\/product\/desayuno-sorpresa-para-cumpleanos-economico-en-bogota\/\" \/>\n<meta property=\"og:site_name\" content=\"Desayunos sorpresa en Bogot\u00e1 servicio a Domicilio\" \/>\n<meta property=\"article:publisher\" content=\"https:\/\/www.facebook.com\/desayunosorpresa.com.co\/\" \/>\n<meta property=\"article:modified_time\" content=\"2024-05-26T06:12:29+00:00\" \/>\n<meta property=\"og:image\" content=\"https:\/\/desayunosorpresa.com.co\/wp-content\/uploads\/2019\/05\/desayuno-sorpresa-feliz-cumplea\u00f1os-economico-en-bogota-8.jpg\" \/>\n\t<meta property=\"og:image:width\" content=\"1000\" \/>\n\t<meta property=\"og:image:height\" content=\"1000\" \/>\n\t<meta property=\"og:image:type\" content=\"image\/jpeg\" \/>\n<meta name=\"twitter:card\" content=\"summary_large_image\" \/>\n<script type=\"application\/ld+json\" class=\"yoast-schema-graph\">{\"@context\":\"https:\/\/schema.org\",\"@graph\":[{\"@type\":\"Organization\",\"@id\":\"https:\/\/desayunosorpresa.com.co\/#organization\",\"name\":\"desayunosorpresa.com.co\",\"url\":\"https:\/\/desayunosorpresa.com.co\/\",\"sameAs\":[\"https:\/\/www.facebook.com\/desayunosorpresa.com.co\/\",\"https:\/\/www.instagram.com\/explore\/?hl=es\"],\"logo\":{\"@type\":\"ImageObject\",\"@id\":\"https:\/\/desayunosorpresa.com.co\/#logo\",\"inLanguage\":\"es\",\"url\":\"http:\/\/desayunosorpresa.com.co\/wp-content\/uploads\/2019\/06\/desayuno-dia-del-padre-para-papa-13.jpg\",\"contentUrl\":\"http:\/\/desayunosorpresa.com.co\/wp-content\/uploads\/2019\/06\/desayuno-dia-del-padre-para-papa-13.jpg\",\"width\":1200,\"height\":900,\"caption\":\"desayunosorpresa.com.co\"},\"image\":{\"@id\":\"https:\/\/desayunosorpresa.com.co\/#logo\"}},{\"@type\":\"WebSite\",\"@id\":\"https:\/\/desayunosorpresa.com.co\/#website\",\"url\":\"https:\/\/desayunosorpresa.com.co\/\",\"name\":\"Desayunos sorpresa en Bogot\u00e1 servicio a Domicilio\",\"description\":\"Regalale a esa persona especial un desayuno sorpresa con mucho amor \u2705\",\"publisher\":{\"@id\":\"https:\/\/desayunosorpresa.com.co\/#organization\"},\"potentialAction\":[{\"@type\":\"SearchAction\",\"target\":{\"@type\":\"EntryPoint\",\"urlTemplate\":\"https:\/\/desayunosorpresa.com.co\/?s={search_term_string}\"},\"query-input\":\"required name=search_term_string\"}],\"inLanguage\":\"es\"},{\"@type\":\"ImageObject\",\"@id\":\"https:\/\/desayunosorpresa.com.co\/index.php\/product\/desayuno-sorpresa-para-cumpleanos-economico-en-bogota\/#primaryimage\",\"inLanguage\":\"es\",\"url\":\"https:\/\/desayunosorpresa.com.co\/wp-content\/uploads\/2019\/05\/desayuno-sorpresa-feliz-cumplea\u00f1os-economico-en-bogota-8.jpg\",\"contentUrl\":\"https:\/\/desayunosorpresa.com.co\/wp-content\/uploads\/2019\/05\/desayuno-sorpresa-feliz-cumplea\u00f1os-economico-en-bogota-8.jpg\",\"width\":1000,\"height\":1000,\"caption\":\"desayuno sorpresa de feliz cumplea\u00f1os\"},{\"@type\":\"WebPage\",\"@id\":\"https:\/\/desayunosorpresa.com.co\/index.php\/product\/desayuno-sorpresa-para-cumpleanos-economico-en-bogota\/#webpage\",\"url\":\"https:\/\/desayunosorpresa.com.co\/index.php\/product\/desayuno-sorpresa-para-cumpleanos-economico-en-bogota\/\",\"name\":\"DESAYUNO FELIZ CUMPLEA\u00d1OS - Desayunos sorpresa en Bogot\u00e1 servicio a Domicilio\",\"isPartOf\":{\"@id\":\"https:\/\/desayunosorpresa.com.co\/#website\"},\"primaryImageOfPage\":{\"@id\":\"https:\/\/desayunosorpresa.com.co\/index.php\/product\/desayuno-sorpresa-para-cumpleanos-economico-en-bogota\/#primaryimage\"},\"datePublished\":\"2019-05-29T04:26:24+00:00\",\"dateModified\":\"2024-05-26T06:12:29+00:00\",\"breadcrumb\":{\"@id\":\"https:\/\/desayunosorpresa.com.co\/index.php\/product\/desayuno-sorpresa-para-cumpleanos-economico-en-bogota\/#breadcrumb\"},\"inLanguage\":\"es\",\"potentialAction\":[{\"@type\":\"ReadAction\",\"target\":[\"https:\/\/desayunosorpresa.com.co\/index.php\/product\/desayuno-sorpresa-para-cumpleanos-economico-en-bogota\/\"]}]},{\"@type\":\"BreadcrumbList\",\"@id\":\"https:\/\/desayunosorpresa.com.co\/index.php\/product\/desayuno-sorpresa-para-cumpleanos-economico-en-bogota\/#breadcrumb\",\"itemListElement\":[{\"@type\":\"ListItem\",\"position\":1,\"name\":\"Portada\",\"item\":\"https:\/\/desayunosorpresa.com.co\/\"},{\"@type\":\"ListItem\",\"position\":2,\"name\":\"Shop\",\"item\":\"https:\/\/desayunosorpresa.com.co\/index.php\/shop\/\"},{\"@type\":\"ListItem\",\"position\":3,\"name\":\"DESAYUNO FELIZ CUMPLEA\u00d1OS\"}]}]}<\/script>\n<!-- \/ Yoast SEO plugin. -->","yoast_head_json":{"title":"DESAYUNO FELIZ CUMPLEA\u00d1OS - Desayunos sorpresa en Bogot\u00e1 servicio a Domicilio","robots":{"index":"index","follow":"follow","max-snippet":"max-snippet:-1","max-image-preview":"max-image-preview:large","max-video-preview":"max-video-preview:-1"},"canonical":"https:\/\/desayunosorpresa.com.co\/index.php\/product\/desayuno-sorpresa-para-cumpleanos-economico-en-bogota\/","og_locale":"es_ES","og_type":"article","og_title":"DESAYUNO FELIZ CUMPLEA\u00d1OS - Desayunos sorpresa en Bogot\u00e1 servicio a Domicilio","og_description":"Este S\u00faper detalle contiene:  Caja donde va empacado el detalle  Globos varios colores de feliz cumplea\u00f1os  S\u00e1ndwich de jam\u00f3n y queso  Jugo\u00a0 california  Cereal en empaque de vidrio (sabor eleccion)  Man\u00ed de sal  Piazza  Gelatina boggy  Golosina gomitas trululu  Leche en empaque botella de vidrio (entera o deslactosada)  Papas Pringles  Ponqu\u00e9 bimbo  Galletas grandes \u00edtalo  Masmelos  Mo\u00f1os decorativos  Tarjeta con mensaje personalizado","og_url":"https:\/\/desayunosorpresa.com.co\/index.php\/product\/desayuno-sorpresa-para-cumpleanos-economico-en-bogota\/","og_site_name":"Desayunos sorpresa en Bogot\u00e1 servicio a Domicilio","article_publisher":"https:\/\/www.facebook.com\/desayunosorpresa.com.co\/","article_modified_time":"2024-05-26T06:12:29+00:00","og_image":[{"width":1000,"height":1000,"url":"https:\/\/desayunosorpresa.com.co\/wp-content\/uploads\/2019\/05\/desayuno-sorpresa-feliz-cumplea\u00f1os-economico-en-bogota-8.jpg","type":"image\/jpeg"}],"twitter_card":"summary_large_image","schema":{"@context":"https:\/\/schema.org","@graph":[{"@type":"Organization","@id":"https:\/\/desayunosorpresa.com.co\/#organization","name":"desayunosorpresa.com.co","url":"https:\/\/desayunosorpresa.com.co\/","sameAs":["https:\/\/www.facebook.com\/desayunosorpresa.com.co\/","https:\/\/www.instagram.com\/explore\/?hl=es"],"logo":{"@type":"ImageObject","@id":"https:\/\/desayunosorpresa.com.co\/#logo","inLanguage":"es","url":"http:\/\/desayunosorpresa.com.co\/wp-content\/uploads\/2019\/06\/desayuno-dia-del-padre-para-papa-13.jpg","contentUrl":"http:\/\/desayunosorpresa.com.co\/wp-content\/uploads\/2019\/06\/desayuno-dia-del-padre-para-papa-13.jpg","width":1200,"height":900,"caption":"desayunosorpresa.com.co"},"image":{"@id":"https:\/\/desayunosorpresa.com.co\/#logo"}},{"@type":"WebSite","@id":"https:\/\/desayunosorpresa.com.co\/#website","url":"https:\/\/desayunosorpresa.com.co\/","name":"Desayunos sorpresa en Bogot\u00e1 servicio a Domicilio","description":"Regalale a esa persona especial un desayuno sorpresa con mucho amor \u2705","publisher":{"@id":"https:\/\/desayunosorpresa.com.co\/#organization"},"potentialAction":[{"@type":"SearchAction","target":{"@type":"EntryPoint","urlTemplate":"https:\/\/desayunosorpresa.com.co\/?s={search_term_string}"},"query-input":"required name=search_term_string"}],"inLanguage":"es"},{"@type":"ImageObject","@id":"https:\/\/desayunosorpresa.com.co\/index.php\/product\/desayuno-sorpresa-para-cumpleanos-economico-en-bogota\/#primaryimage","inLanguage":"es","url":"https:\/\/desayunosorpresa.com.co\/wp-content\/uploads\/2019\/05\/desayuno-sorpresa-feliz-cumplea\u00f1os-economico-en-bogota-8.jpg","contentUrl":"https:\/\/desayunosorpresa.com.co\/wp-content\/uploads\/2019\/05\/desayuno-sorpresa-feliz-cumplea\u00f1os-economico-en-bogota-8.jpg","width":1000,"height":1000,"caption":"desayuno sorpresa de feliz cumplea\u00f1os"},{"@type":"WebPage","@id":"https:\/\/desayunosorpresa.com.co\/index.php\/product\/desayuno-sorpresa-para-cumpleanos-economico-en-bogota\/#webpage","url":"https:\/\/desayunosorpresa.com.co\/index.php\/product\/desayuno-sorpresa-para-cumpleanos-economico-en-bogota\/","name":"DESAYUNO FELIZ CUMPLEA\u00d1OS - Desayunos sorpresa en Bogot\u00e1 servicio a Domicilio","isPartOf":{"@id":"https:\/\/desayunosorpresa.com.co\/#website"},"primaryImageOfPage":{"@id":"https:\/\/desayunosorpresa.com.co\/index.php\/product\/desayuno-sorpresa-para-cumpleanos-economico-en-bogota\/#primaryimage"},"datePublished":"2019-05-29T04:26:24+00:00","dateModified":"2024-05-26T06:12:29+00:00","breadcrumb":{"@id":"https:\/\/desayunosorpresa.com.co\/index.php\/product\/desayuno-sorpresa-para-cumpleanos-economico-en-bogota\/#breadcrumb"},"inLanguage":"es","potentialAction":[{"@type":"ReadAction","target":["https:\/\/desayunosorpresa.com.co\/index.php\/product\/desayuno-sorpresa-para-cumpleanos-economico-en-bogota\/"]}]},{"@type":"BreadcrumbList","@id":"https:\/\/desayunosorpresa.com.co\/index.php\/product\/desayuno-sorpresa-para-cumpleanos-economico-en-bogota\/#breadcrumb","itemListElement":[{"@type":"ListItem","position":1,"name":"Portada","item":"https:\/\/desayunosorpresa.com.co\/"},{"@type":"ListItem","position":2,"name":"Shop","item":"https:\/\/desayunosorpresa.com.co\/index.php\/shop\/"},{"@type":"ListItem","position":3,"name":"DESAYUNO FELIZ CUMPLEA\u00d1OS"}]}]}},"_links":{"self":[{"href":"https:\/\/desayunosorpresa.com.co\/index.php\/wp-json\/wp\/v2\/product\/879"}],"collection":[{"href":"https:\/\/desayunosorpresa.com.co\/index.php\/wp-json\/wp\/v2\/product"}],"about":[{"href":"https:\/\/desayunosorpresa.com.co\/index.php\/wp-json\/wp\/v2\/types\/product"}],"replies":[{"embeddable":true,"href":"https:\/\/desayunosorpresa.com.co\/index.php\/wp-json\/wp\/v2\/comments?post=879"}],"wp:featuredmedia":[{"embeddable":true,"href":"https:\/\/desayunosorpresa.com.co\/index.php\/wp-json\/wp\/v2\/media\/1792"}],"wp:attachment":[{"href":"https:\/\/desayunosorpresa.com.co\/index.php\/wp-json\/wp\/v2\/media?parent=879"}],"wp:term":[{"taxonomy":"product_cat","embeddable":true,"href":"https:\/\/desayunosorpresa.com.co\/index.php\/wp-json\/wp\/v2\/product_cat?post=879"},{"taxonomy":"product_tag","embeddable":true,"href":"https:\/\/desayunosorpresa.com.co\/index.php\/wp-json\/wp\/v2\/product_tag?post=879"}],"curies":[{"name":"wp","href":"https:\/\/api.w.org\/{rel}","templated":true}]}}