{"id":988,"date":"2021-03-26T20:29:40","date_gmt":"2021-03-27T01:29:40","guid":{"rendered":"http:\/\/desayunosorpresa.com.co\/?post_type=product&#038;p=988"},"modified":"2023-04-21T12:38:02","modified_gmt":"2023-04-21T17:38:02","slug":"rosas-para-detalles-ramo-de-flores","status":"publish","type":"product","link":"https:\/\/desayunosorpresa.com.co\/index.php\/product\/rosas-para-detalles-ramo-de-flores\/","title":{"rendered":"ROSAS PARA DETALLES Y DESAYUNOS SORPRESA"},"content":{"rendered":"<p><strong>Las rosas rojas s\u00edmbolo del amor por tradici\u00f3n, novios, los amantes, esposos, la pasi\u00f3n, el fuego del amor..<\/strong><\/p>\n<p>12 rosas para regalo<\/p>\n<p>Ramo De mano compuesto por 12 Rosas de su color favorito seg\u00fan disponibilidad en empaque Para Regalo<\/p>\n<p>rosas en colores disponibles seg\u00fan temporada<\/p>\n","protected":false},"excerpt":{"rendered":"<p>12 rosas para regalo<\/p>\n<p>Ramo De mano compuesto por 12 Rosas de su color favorito seg\u00fan disponibilidad en empaque Para Regalo<\/p>\n<h4 class=\"h3\">\u00a1Rosas para Regalo la flor ideal!<\/h4>\n<div class=\"rte-setting rte\">\n<p>Las\u00a0<strong>Rosas<\/strong> Rojas son el regalo ideal para expresar sentimientos y emociones a la persona que m\u00e1s amas sin utilizar palabras, entregamos ramos y arreglos con rosas a <strong>domicilio las 24 horas<\/strong>, \u00a1inclusive puede ordenarlas para entrega el mismo d\u00eda!\u00a0<strong>Las Rosas<\/strong>\u00a0tienen un significado simb\u00f3lico y profundo: amor, admiraci\u00f3n y pasi\u00f3n por la persona m\u00e1s especial en su vida<\/p>\n<\/div>\n","protected":false},"featured_media":1709,"comment_status":"open","ping_status":"closed","template":"","meta":[],"product_cat":[53,72,179],"product_tag":[184,103,183,139],"yoast_head":"<!-- This site is optimized with the Yoast SEO plugin v18.3 - https:\/\/yoast.com\/wordpress\/plugins\/seo\/ -->\n<title>ROSAS PARA DETALLES Y DESAYUNOS SORPRESA - Desayunos sorpresa en Bogot\u00e1 servicio a Domicilio<\/title>\n<meta name=\"description\" content=\"rosas para detalles sorpresa rosas rojas docena ramo de flores\" \/>\n<meta name=\"robots\" content=\"index, follow, max-snippet:-1, max-image-preview:large, max-video-preview:-1\" \/>\n<link rel=\"canonical\" href=\"https:\/\/desayunosorpresa.com.co\/index.php\/product\/rosas-para-detalles-ramo-de-flores\/\" \/>\n<meta property=\"og:locale\" content=\"es_ES\" \/>\n<meta property=\"og:type\" content=\"article\" \/>\n<meta property=\"og:title\" content=\"ROSAS PARA DETALLES Y DESAYUNOS SORPRESA - Desayunos sorpresa en Bogot\u00e1 servicio a Domicilio\" \/>\n<meta property=\"og:description\" content=\"rosas para detalles sorpresa rosas rojas docena ramo de flores\" \/>\n<meta property=\"og:url\" content=\"https:\/\/desayunosorpresa.com.co\/index.php\/product\/rosas-para-detalles-ramo-de-flores\/\" \/>\n<meta property=\"og:site_name\" content=\"Desayunos sorpresa en Bogot\u00e1 servicio a Domicilio\" \/>\n<meta property=\"article:publisher\" content=\"https:\/\/www.facebook.com\/desayunosorpresa.com.co\/\" \/>\n<meta property=\"article:modified_time\" content=\"2023-04-21T17:38:02+00:00\" \/>\n<meta property=\"og:image\" content=\"https:\/\/desayunosorpresa.com.co\/wp-content\/uploads\/2019\/05\/Ramo-rosas-docena-rosas-rojas.png\" \/>\n\t<meta property=\"og:image:width\" content=\"500\" \/>\n\t<meta property=\"og:image:height\" content=\"500\" \/>\n\t<meta property=\"og:image:type\" content=\"image\/png\" \/>\n<meta name=\"twitter:card\" content=\"summary_large_image\" \/>\n<script type=\"application\/ld+json\" class=\"yoast-schema-graph\">{\"@context\":\"https:\/\/schema.org\",\"@graph\":[{\"@type\":\"Organization\",\"@id\":\"https:\/\/desayunosorpresa.com.co\/#organization\",\"name\":\"desayunosorpresa.com.co\",\"url\":\"https:\/\/desayunosorpresa.com.co\/\",\"sameAs\":[\"https:\/\/www.facebook.com\/desayunosorpresa.com.co\/\",\"https:\/\/www.instagram.com\/explore\/?hl=es\"],\"logo\":{\"@type\":\"ImageObject\",\"@id\":\"https:\/\/desayunosorpresa.com.co\/#logo\",\"inLanguage\":\"es\",\"url\":\"http:\/\/desayunosorpresa.com.co\/wp-content\/uploads\/2019\/06\/desayuno-dia-del-padre-para-papa-13.jpg\",\"contentUrl\":\"http:\/\/desayunosorpresa.com.co\/wp-content\/uploads\/2019\/06\/desayuno-dia-del-padre-para-papa-13.jpg\",\"width\":1200,\"height\":900,\"caption\":\"desayunosorpresa.com.co\"},\"image\":{\"@id\":\"https:\/\/desayunosorpresa.com.co\/#logo\"}},{\"@type\":\"WebSite\",\"@id\":\"https:\/\/desayunosorpresa.com.co\/#website\",\"url\":\"https:\/\/desayunosorpresa.com.co\/\",\"name\":\"Desayunos sorpresa en Bogot\u00e1 servicio a Domicilio\",\"description\":\"Regalale a esa persona especial un desayuno sorpresa con mucho amor \u2705\",\"publisher\":{\"@id\":\"https:\/\/desayunosorpresa.com.co\/#organization\"},\"potentialAction\":[{\"@type\":\"SearchAction\",\"target\":{\"@type\":\"EntryPoint\",\"urlTemplate\":\"https:\/\/desayunosorpresa.com.co\/?s={search_term_string}\"},\"query-input\":\"required name=search_term_string\"}],\"inLanguage\":\"es\"},{\"@type\":\"ImageObject\",\"@id\":\"https:\/\/desayunosorpresa.com.co\/index.php\/product\/rosas-para-detalles-ramo-de-flores\/#primaryimage\",\"inLanguage\":\"es\",\"url\":\"https:\/\/desayunosorpresa.com.co\/wp-content\/uploads\/2019\/05\/Ramo-rosas-docena-rosas-rojas.png\",\"contentUrl\":\"https:\/\/desayunosorpresa.com.co\/wp-content\/uploads\/2019\/05\/Ramo-rosas-docena-rosas-rojas.png\",\"width\":500,\"height\":500,\"caption\":\"ramo de flores rosas arreglo de flores\"},{\"@type\":\"WebPage\",\"@id\":\"https:\/\/desayunosorpresa.com.co\/index.php\/product\/rosas-para-detalles-ramo-de-flores\/#webpage\",\"url\":\"https:\/\/desayunosorpresa.com.co\/index.php\/product\/rosas-para-detalles-ramo-de-flores\/\",\"name\":\"ROSAS PARA DETALLES Y DESAYUNOS SORPRESA - Desayunos sorpresa en Bogot\u00e1 servicio a Domicilio\",\"isPartOf\":{\"@id\":\"https:\/\/desayunosorpresa.com.co\/#website\"},\"primaryImageOfPage\":{\"@id\":\"https:\/\/desayunosorpresa.com.co\/index.php\/product\/rosas-para-detalles-ramo-de-flores\/#primaryimage\"},\"datePublished\":\"2021-03-27T01:29:40+00:00\",\"dateModified\":\"2023-04-21T17:38:02+00:00\",\"description\":\"rosas para detalles sorpresa rosas rojas docena ramo de flores\",\"breadcrumb\":{\"@id\":\"https:\/\/desayunosorpresa.com.co\/index.php\/product\/rosas-para-detalles-ramo-de-flores\/#breadcrumb\"},\"inLanguage\":\"es\",\"potentialAction\":[{\"@type\":\"ReadAction\",\"target\":[\"https:\/\/desayunosorpresa.com.co\/index.php\/product\/rosas-para-detalles-ramo-de-flores\/\"]}]},{\"@type\":\"BreadcrumbList\",\"@id\":\"https:\/\/desayunosorpresa.com.co\/index.php\/product\/rosas-para-detalles-ramo-de-flores\/#breadcrumb\",\"itemListElement\":[{\"@type\":\"ListItem\",\"position\":1,\"name\":\"Portada\",\"item\":\"https:\/\/desayunosorpresa.com.co\/\"},{\"@type\":\"ListItem\",\"position\":2,\"name\":\"Shop\",\"item\":\"https:\/\/desayunosorpresa.com.co\/index.php\/shop\/\"},{\"@type\":\"ListItem\",\"position\":3,\"name\":\"ROSAS PARA DETALLES Y DESAYUNOS SORPRESA\"}]}]}<\/script>\n<!-- \/ Yoast SEO plugin. -->","yoast_head_json":{"title":"ROSAS PARA DETALLES Y DESAYUNOS SORPRESA - Desayunos sorpresa en Bogot\u00e1 servicio a Domicilio","description":"rosas para detalles sorpresa rosas rojas docena ramo de flores","robots":{"index":"index","follow":"follow","max-snippet":"max-snippet:-1","max-image-preview":"max-image-preview:large","max-video-preview":"max-video-preview:-1"},"canonical":"https:\/\/desayunosorpresa.com.co\/index.php\/product\/rosas-para-detalles-ramo-de-flores\/","og_locale":"es_ES","og_type":"article","og_title":"ROSAS PARA DETALLES Y DESAYUNOS SORPRESA - Desayunos sorpresa en Bogot\u00e1 servicio a Domicilio","og_description":"rosas para detalles sorpresa rosas rojas docena ramo de flores","og_url":"https:\/\/desayunosorpresa.com.co\/index.php\/product\/rosas-para-detalles-ramo-de-flores\/","og_site_name":"Desayunos sorpresa en Bogot\u00e1 servicio a Domicilio","article_publisher":"https:\/\/www.facebook.com\/desayunosorpresa.com.co\/","article_modified_time":"2023-04-21T17:38:02+00:00","og_image":[{"width":500,"height":500,"url":"https:\/\/desayunosorpresa.com.co\/wp-content\/uploads\/2019\/05\/Ramo-rosas-docena-rosas-rojas.png","type":"image\/png"}],"twitter_card":"summary_large_image","schema":{"@context":"https:\/\/schema.org","@graph":[{"@type":"Organization","@id":"https:\/\/desayunosorpresa.com.co\/#organization","name":"desayunosorpresa.com.co","url":"https:\/\/desayunosorpresa.com.co\/","sameAs":["https:\/\/www.facebook.com\/desayunosorpresa.com.co\/","https:\/\/www.instagram.com\/explore\/?hl=es"],"logo":{"@type":"ImageObject","@id":"https:\/\/desayunosorpresa.com.co\/#logo","inLanguage":"es","url":"http:\/\/desayunosorpresa.com.co\/wp-content\/uploads\/2019\/06\/desayuno-dia-del-padre-para-papa-13.jpg","contentUrl":"http:\/\/desayunosorpresa.com.co\/wp-content\/uploads\/2019\/06\/desayuno-dia-del-padre-para-papa-13.jpg","width":1200,"height":900,"caption":"desayunosorpresa.com.co"},"image":{"@id":"https:\/\/desayunosorpresa.com.co\/#logo"}},{"@type":"WebSite","@id":"https:\/\/desayunosorpresa.com.co\/#website","url":"https:\/\/desayunosorpresa.com.co\/","name":"Desayunos sorpresa en Bogot\u00e1 servicio a Domicilio","description":"Regalale a esa persona especial un desayuno sorpresa con mucho amor \u2705","publisher":{"@id":"https:\/\/desayunosorpresa.com.co\/#organization"},"potentialAction":[{"@type":"SearchAction","target":{"@type":"EntryPoint","urlTemplate":"https:\/\/desayunosorpresa.com.co\/?s={search_term_string}"},"query-input":"required name=search_term_string"}],"inLanguage":"es"},{"@type":"ImageObject","@id":"https:\/\/desayunosorpresa.com.co\/index.php\/product\/rosas-para-detalles-ramo-de-flores\/#primaryimage","inLanguage":"es","url":"https:\/\/desayunosorpresa.com.co\/wp-content\/uploads\/2019\/05\/Ramo-rosas-docena-rosas-rojas.png","contentUrl":"https:\/\/desayunosorpresa.com.co\/wp-content\/uploads\/2019\/05\/Ramo-rosas-docena-rosas-rojas.png","width":500,"height":500,"caption":"ramo de flores rosas arreglo de flores"},{"@type":"WebPage","@id":"https:\/\/desayunosorpresa.com.co\/index.php\/product\/rosas-para-detalles-ramo-de-flores\/#webpage","url":"https:\/\/desayunosorpresa.com.co\/index.php\/product\/rosas-para-detalles-ramo-de-flores\/","name":"ROSAS PARA DETALLES Y DESAYUNOS SORPRESA - Desayunos sorpresa en Bogot\u00e1 servicio a Domicilio","isPartOf":{"@id":"https:\/\/desayunosorpresa.com.co\/#website"},"primaryImageOfPage":{"@id":"https:\/\/desayunosorpresa.com.co\/index.php\/product\/rosas-para-detalles-ramo-de-flores\/#primaryimage"},"datePublished":"2021-03-27T01:29:40+00:00","dateModified":"2023-04-21T17:38:02+00:00","description":"rosas para detalles sorpresa rosas rojas docena ramo de flores","breadcrumb":{"@id":"https:\/\/desayunosorpresa.com.co\/index.php\/product\/rosas-para-detalles-ramo-de-flores\/#breadcrumb"},"inLanguage":"es","potentialAction":[{"@type":"ReadAction","target":["https:\/\/desayunosorpresa.com.co\/index.php\/product\/rosas-para-detalles-ramo-de-flores\/"]}]},{"@type":"BreadcrumbList","@id":"https:\/\/desayunosorpresa.com.co\/index.php\/product\/rosas-para-detalles-ramo-de-flores\/#breadcrumb","itemListElement":[{"@type":"ListItem","position":1,"name":"Portada","item":"https:\/\/desayunosorpresa.com.co\/"},{"@type":"ListItem","position":2,"name":"Shop","item":"https:\/\/desayunosorpresa.com.co\/index.php\/shop\/"},{"@type":"ListItem","position":3,"name":"ROSAS PARA DETALLES Y DESAYUNOS SORPRESA"}]}]}},"_links":{"self":[{"href":"https:\/\/desayunosorpresa.com.co\/index.php\/wp-json\/wp\/v2\/product\/988"}],"collection":[{"href":"https:\/\/desayunosorpresa.com.co\/index.php\/wp-json\/wp\/v2\/product"}],"about":[{"href":"https:\/\/desayunosorpresa.com.co\/index.php\/wp-json\/wp\/v2\/types\/product"}],"replies":[{"embeddable":true,"href":"https:\/\/desayunosorpresa.com.co\/index.php\/wp-json\/wp\/v2\/comments?post=988"}],"wp:featuredmedia":[{"embeddable":true,"href":"https:\/\/desayunosorpresa.com.co\/index.php\/wp-json\/wp\/v2\/media\/1709"}],"wp:attachment":[{"href":"https:\/\/desayunosorpresa.com.co\/index.php\/wp-json\/wp\/v2\/media?parent=988"}],"wp:term":[{"taxonomy":"product_cat","embeddable":true,"href":"https:\/\/desayunosorpresa.com.co\/index.php\/wp-json\/wp\/v2\/product_cat?post=988"},{"taxonomy":"product_tag","embeddable":true,"href":"https:\/\/desayunosorpresa.com.co\/index.php\/wp-json\/wp\/v2\/product_tag?post=988"}],"curies":[{"name":"wp","href":"https:\/\/api.w.org\/{rel}","templated":true}]}}